{"id":7225,"date":"2025-07-09T06:47:25","date_gmt":"2025-07-09T05:47:25","guid":{"rendered":"https:\/\/espacetechnologie.ma\/product\/support-mural-pour-casque-de-moto\/"},"modified":"2025-10-23T00:12:54","modified_gmt":"2025-10-22T23:12:54","slug":"support-mural-pour-casque-de-moto","status":"publish","type":"product","link":"https:\/\/espacetechnologie.ma\/ar\/product\/support-mural-pour-casque-de-moto\/","title":{"rendered":"Support mural pour casque de moto"},"content":{"rendered":"<p>Mat\u00e9riau : Aluminium.<br \/>\nQueue : env. 22 x 14 x 14 cm\/8,66 x 5,51 x 5,51 pouces.<br \/>\nDescription:<br \/>\nMat\u00e9riau fixe : le bo\u00eetier est en aluminium, anticorrosion et durable.<br \/>\nSupport mural : Le support du car\u00e9nage de la moto a adopt\u00e9 un design sans trou pour vous aider \u00e0 utiliser l&rsquo;espace.<br \/>\nPolyvalent : La housse de la robe est pratique, et le crochet peut stocker des cl\u00e9s, manteaux et autres articles.<br \/>\nConception de rotation : La plage prend en charge lorsque le moteur pivote \u00e0 180 degr\u00e9s et que le tourneur contr\u00f4le l&rsquo;\u00e9cran lorsqu&rsquo;il n&rsquo;est pas utilis\u00e9.<br \/>\nForte charge : Le pr\u00e9sentoir du casque moteur supporte 30 kg, et le chapeau suspendu n&rsquo;est pas pas d\u00e9form\u00e9.<\/p>","protected":false},"excerpt":{"rendered":"<p>Mat\u00e9riau : Aluminium. Queue : env. 22 x 14 x 14 cm\/8,66 x 5,51 x 5,51 pouces. Description: Mat\u00e9riau fixe : le bo\u00eetier est en aluminium, anticorrosion et durable. Support mural : Le support du car\u00e9nage de la moto a adopt\u00e9 un design sans trou pour vous aider \u00e0 utiliser l&rsquo;espace. Polyvalent : La housse [&hellip;]<\/p>\n","protected":false},"featured_media":7224,"comment_status":"open","ping_status":"closed","template":"","meta":{"event_title":"","event_details":"","event_timezone":"","event_gmap":"","event_image":"","event_image_url":"","event_calendar_link":"","event_location":"","event_datetime_with_summary":"","event_datetime":"","event_date_type":"","event_rulesummary":"","event_ticket_rsvp":"","_gspb_post_css":""},"product_brand":[],"product_cat":[115,113],"product_tag":[],"class_list":{"0":"post-7225","1":"product","2":"type-product","3":"status-publish","4":"has-post-thumbnail","6":"product_cat-accessoires-moto","7":"product_cat-voiture-moto","9":"first","10":"instock","11":"sale","12":"featured","13":"shipping-taxable","14":"purchasable","15":"product-type-simple"},"jetpack_sharing_enabled":true,"_links":{"self":[{"href":"https:\/\/espacetechnologie.ma\/ar\/wp-json\/wp\/v2\/product\/7225","targetHints":{"allow":["GET"]}}],"collection":[{"href":"https:\/\/espacetechnologie.ma\/ar\/wp-json\/wp\/v2\/product"}],"about":[{"href":"https:\/\/espacetechnologie.ma\/ar\/wp-json\/wp\/v2\/types\/product"}],"replies":[{"embeddable":true,"href":"https:\/\/espacetechnologie.ma\/ar\/wp-json\/wp\/v2\/comments?post=7225"}],"wp:featuredmedia":[{"embeddable":true,"href":"https:\/\/espacetechnologie.ma\/ar\/wp-json\/wp\/v2\/media\/7224"}],"wp:attachment":[{"href":"https:\/\/espacetechnologie.ma\/ar\/wp-json\/wp\/v2\/media?parent=7225"}],"wp:term":[{"taxonomy":"product_brand","embeddable":true,"href":"https:\/\/espacetechnologie.ma\/ar\/wp-json\/wp\/v2\/product_brand?post=7225"},{"taxonomy":"product_cat","embeddable":true,"href":"https:\/\/espacetechnologie.ma\/ar\/wp-json\/wp\/v2\/product_cat?post=7225"},{"taxonomy":"product_tag","embeddable":true,"href":"https:\/\/espacetechnologie.ma\/ar\/wp-json\/wp\/v2\/product_tag?post=7225"}],"curies":[{"name":"wp","href":"https:\/\/api.w.org\/{rel}","templated":true}]}}