{"id":7215,"date":"2025-07-09T06:47:23","date_gmt":"2025-07-09T05:47:23","guid":{"rendered":"https:\/\/espacetechnologie.ma\/product\/fond-vert-green-screen-36m-tissu-cadre-support-tripod-trepied-3m-2\/"},"modified":"2025-08-02T13:03:48","modified_gmt":"2025-08-02T12:03:48","slug":"fond-vert-green-screen-36m-tissu-cadre-support-tripod-trepied-3m-2","status":"publish","type":"product","link":"https:\/\/espacetechnologie.ma\/ar\/product\/fond-vert-green-screen-36m-tissu-cadre-support-tripod-trepied-3m-2\/","title":{"rendered":"Fond Vert Green Screen 3*6M Tissu + Cadre Support Tripod Trepied 3M"},"content":{"rendered":"<p>Facile \u00e0 utiliser<br \/>\nS&rsquo;adapte \u00e0 toutes les applications telles que les films effets sp\u00e9ciaux et la photographie<br \/>\nPortable et pliable<br \/>\nAbsorbe toute la lumi\u00e8re sans r\u00e9fl\u00e9chir.<br \/>\nCouleur: comme image<\/p>","protected":false},"excerpt":{"rendered":"<p>Facile \u00e0 utiliser S&rsquo;adapte \u00e0 toutes les applications telles que les films effets sp\u00e9ciaux et la photographie Portable et pliable Absorbe toute la lumi\u00e8re sans r\u00e9fl\u00e9chir. Couleur: comme image<\/p>","protected":false},"featured_media":7214,"comment_status":"open","ping_status":"closed","template":"","meta":{"event_title":"","event_details":"","event_timezone":"","event_gmap":"","event_image":"","event_image_url":"","event_calendar_link":"","event_location":"","event_datetime_with_summary":"","event_datetime":"","event_date_type":"","event_rulesummary":"","event_ticket_rsvp":"","_gspb_post_css":""},"product_brand":[],"product_cat":[119,116],"product_tag":[],"class_list":{"0":"post-7215","1":"product","2":"type-product","3":"status-publish","4":"has-post-thumbnail","6":"product_cat-accessoires-studio","7":"product_cat-studio","9":"first","10":"instock","11":"sale","12":"shipping-taxable","13":"purchasable","14":"product-type-simple"},"jetpack_sharing_enabled":true,"_links":{"self":[{"href":"https:\/\/espacetechnologie.ma\/ar\/wp-json\/wp\/v2\/product\/7215","targetHints":{"allow":["GET"]}}],"collection":[{"href":"https:\/\/espacetechnologie.ma\/ar\/wp-json\/wp\/v2\/product"}],"about":[{"href":"https:\/\/espacetechnologie.ma\/ar\/wp-json\/wp\/v2\/types\/product"}],"replies":[{"embeddable":true,"href":"https:\/\/espacetechnologie.ma\/ar\/wp-json\/wp\/v2\/comments?post=7215"}],"wp:featuredmedia":[{"embeddable":true,"href":"https:\/\/espacetechnologie.ma\/ar\/wp-json\/wp\/v2\/media\/7214"}],"wp:attachment":[{"href":"https:\/\/espacetechnologie.ma\/ar\/wp-json\/wp\/v2\/media?parent=7215"}],"wp:term":[{"taxonomy":"product_brand","embeddable":true,"href":"https:\/\/espacetechnologie.ma\/ar\/wp-json\/wp\/v2\/product_brand?post=7215"},{"taxonomy":"product_cat","embeddable":true,"href":"https:\/\/espacetechnologie.ma\/ar\/wp-json\/wp\/v2\/product_cat?post=7215"},{"taxonomy":"product_tag","embeddable":true,"href":"https:\/\/espacetechnologie.ma\/ar\/wp-json\/wp\/v2\/product_tag?post=7215"}],"curies":[{"name":"wp","href":"https:\/\/api.w.org\/{rel}","templated":true}]}}