{"id":7206,"date":"2025-07-09T06:47:22","date_gmt":"2025-07-09T05:47:22","guid":{"rendered":"https:\/\/espacetechnologie.ma\/product\/cube-puzzle-solution-anti-stress-jouet-jeu-pour-enfants-et-debutants-jeu-dintelligence\/"},"modified":"2025-08-03T07:55:52","modified_gmt":"2025-08-03T06:55:52","slug":"cube-puzzle-solution-anti-stress-jouet-jeu-pour-enfants-et-debutants-jeu-dintelligence","status":"publish","type":"product","link":"https:\/\/espacetechnologie.ma\/ar\/product\/cube-puzzle-solution-anti-stress-jouet-jeu-pour-enfants-et-debutants-jeu-dintelligence\/","title":{"rendered":"Cube Puzzle Solution Anti-stress Jouet Jeu Pour Enfants et D\u00e9butants  Jeu d&rsquo;intelligence"},"content":{"rendered":"<p>Caract\u00e9ristiques:<br \/>\n1. Super amusant: vous apporter un plaisir de doigt sans fin en le retournant et en le pliant constamment pour transformer diff\u00e9rentes formes infinies. R\u00e9pond \u00e0 tous les besoins de vos mains.<br \/>\n2. Mini jouet fidget soulage le stress: pour les enfants et les adultes de tous \u00e2ges, soulage le stress et l&rsquo;anxi\u00e9t\u00e9 et tue le temps.<br \/>\n3. Mat\u00e9riau de s\u00e9curit\u00e9: cube magique en plastique ABS fabriqu\u00e9 \u00e0 partir d&rsquo;un mat\u00e9riau vert durable non toxique. Leur surface lisse et leurs coins arrondis sont con\u00e7us pour vous prot\u00e9ger, vous ou votre enfant.<br \/>\n4. Structure: compos\u00e9 de huit petits cubes, chaque sous-cube est usin\u00e9 et assembl\u00e9 avec pr\u00e9cision pour former une taille globale de grand cube.<br \/>\n5. Conception ergonomique incurv\u00e9e: pour le confort des mains et une utilisation \u00e0 long terme. Cube infini id\u00e9al pour les personnes qui essayent de se ronger les ongles, de fumer, de secouer les jambes et de tout type de probl\u00e8mes de d\u00e9sordre de l&rsquo;attention conception ergonomique de forme incurv\u00e9e pour le confort des mains et une utilisation \u00e0 long terme.<br \/>\nDescription:<br \/>\nInfinity cube peut vous aider \u00e0 vous d\u00e9tendre profond\u00e9ment et \u00e0 lib\u00e9rer tout le temps, compact et l\u00e9ger, facile \u00e0 transporter.<br \/>\nSp\u00e9cifications:<br \/>\nMat\u00e9riau: plastique ABS<br \/>\nTaille: 8*4*2cm<br \/>\nMat\u00e9riau de l&rsquo;arbre: arbre en fer<br \/>\nForme: carr\u00e9<br \/>\n\u00c2ge Applicable: 3 +<br \/>\nEmballage Inclus:<br \/>\n1 * Cube Jouet<br \/>\nNotes:<br \/>\n1. Veuillez permettre une erreur de 0-1 pouce en raison de la mesure manuelle. Merci de votre compr\u00e9hension.<br \/>\n2. Les moniteurs ne sont pas calibr\u00e9s de la m\u00eame mani\u00e8re, la couleur de l&rsquo;article affich\u00e9e sur les photos peut \u00eatre l\u00e9g\u00e8rement diff\u00e9rente de l&rsquo;objet r\u00e9el.<\/p>","protected":false},"excerpt":{"rendered":"<p>Marque de haute qualit\u00e9<br \/>\nMouvement fluide<br \/>\nUtilisation simple<br \/>\nEnfant plus de 5 ans<\/p>","protected":false},"featured_media":7205,"comment_status":"open","ping_status":"closed","template":"","meta":{"event_title":"","event_details":"","event_timezone":"","event_gmap":"","event_image":"","event_image_url":"","event_calendar_link":"","event_location":"","event_datetime_with_summary":"","event_datetime":"","event_date_type":"","event_rulesummary":"","event_ticket_rsvp":"","_gspb_post_css":""},"product_brand":[],"product_cat":[82,130],"product_tag":[],"class_list":{"0":"post-7206","1":"product","2":"type-product","3":"status-publish","4":"has-post-thumbnail","6":"product_cat-gadgets","7":"product_cat-maison","9":"first","10":"instock","11":"sale","12":"shipping-taxable","13":"purchasable","14":"product-type-simple"},"jetpack_sharing_enabled":true,"_links":{"self":[{"href":"https:\/\/espacetechnologie.ma\/ar\/wp-json\/wp\/v2\/product\/7206","targetHints":{"allow":["GET"]}}],"collection":[{"href":"https:\/\/espacetechnologie.ma\/ar\/wp-json\/wp\/v2\/product"}],"about":[{"href":"https:\/\/espacetechnologie.ma\/ar\/wp-json\/wp\/v2\/types\/product"}],"replies":[{"embeddable":true,"href":"https:\/\/espacetechnologie.ma\/ar\/wp-json\/wp\/v2\/comments?post=7206"}],"wp:featuredmedia":[{"embeddable":true,"href":"https:\/\/espacetechnologie.ma\/ar\/wp-json\/wp\/v2\/media\/7205"}],"wp:attachment":[{"href":"https:\/\/espacetechnologie.ma\/ar\/wp-json\/wp\/v2\/media?parent=7206"}],"wp:term":[{"taxonomy":"product_brand","embeddable":true,"href":"https:\/\/espacetechnologie.ma\/ar\/wp-json\/wp\/v2\/product_brand?post=7206"},{"taxonomy":"product_cat","embeddable":true,"href":"https:\/\/espacetechnologie.ma\/ar\/wp-json\/wp\/v2\/product_cat?post=7206"},{"taxonomy":"product_tag","embeddable":true,"href":"https:\/\/espacetechnologie.ma\/ar\/wp-json\/wp\/v2\/product_tag?post=7206"}],"curies":[{"name":"wp","href":"https:\/\/api.w.org\/{rel}","templated":true}]}}