{"id":7198,"date":"2025-07-09T06:47:20","date_gmt":"2025-07-09T05:47:20","guid":{"rendered":"https:\/\/espacetechnologie.ma\/product\/cable-usb-5-en-1-type-c-pour-recharge-et-transfert-de-donnees-2\/"},"modified":"2025-08-03T07:33:45","modified_gmt":"2025-08-03T06:33:45","slug":"cable-usb-5-en-1-type-c-pour-recharge-et-transfert-de-donnees-2","status":"publish","type":"product","link":"https:\/\/espacetechnologie.ma\/ar\/product\/cable-usb-5-en-1-type-c-pour-recharge-et-transfert-de-donnees-2\/","title":{"rendered":"C\u00e2ble USB 5 en 1 Type C pour recharge et transfert de donn\u00e9es"},"content":{"rendered":"<p>Nom de l&rsquo;article: c\u00e2ble USB 5 en<br \/>\nConnecteur B: iOS<br \/>\nConnecteur B: TYPE-C<br \/>\nConnecteur B: Micro Usb<br \/>\nCourant Maximum: 3A<br \/>\nConnecteur A: USB A<br \/>\nMod\u00e8le: c\u00e2ble USB 5 en 1<br \/>\nFonction: Charge<br \/>\nCourant: Max 3A<br \/>\nCouleur: noir<br \/>\nLongueur: 1.20m<\/p>","protected":false},"excerpt":{"rendered":"<p>Description de l&rsquo;article<br \/>\nDescription:<br \/>\nConception 3 en 1: type c, Micro USB,3-en-1, un c\u00e2ble pour<br \/>\ntous les types de t\u00e9l\u00e9phones mobiles.<br \/>\n3 couleurs et LED num\u00e9rique: distinction des couleurs facile<br \/>\n\u00e0 trouver dans l&rsquo;obscurit\u00e9<br \/>\nOccasions applicables: Service de charge gratuite: caf\u00e9,<br \/>\nh\u00f4tel, bar, texi, restaurant, affaires (r\u00e9union).<br \/>\nPartager avec des amis: salon, bureau, dortoir, v\u00e9hicule,<br \/>\nvoyage, f\u00eate.<br \/>\nUsage personnel: chambre \u00e0 coucher, bureau, bureau<br \/>\nindividuel, voyage d&rsquo;affaires.<br \/>\nType de prise facile \u00e0 reconna\u00eetre.<\/p>","protected":false},"featured_media":7197,"comment_status":"open","ping_status":"closed","template":"","meta":{"event_title":"","event_details":"","event_timezone":"","event_gmap":"","event_image":"","event_image_url":"","event_calendar_link":"","event_location":"","event_datetime_with_summary":"","event_datetime":"","event_date_type":"","event_rulesummary":"","event_ticket_rsvp":"","_gspb_post_css":""},"product_brand":[],"product_cat":[86,82],"product_tag":[],"class_list":{"0":"post-7198","1":"product","2":"type-product","3":"status-publish","4":"has-post-thumbnail","6":"product_cat-cables","7":"product_cat-gadgets","9":"first","10":"instock","11":"sale","12":"shipping-taxable","13":"purchasable","14":"product-type-simple"},"jetpack_sharing_enabled":true,"_links":{"self":[{"href":"https:\/\/espacetechnologie.ma\/ar\/wp-json\/wp\/v2\/product\/7198","targetHints":{"allow":["GET"]}}],"collection":[{"href":"https:\/\/espacetechnologie.ma\/ar\/wp-json\/wp\/v2\/product"}],"about":[{"href":"https:\/\/espacetechnologie.ma\/ar\/wp-json\/wp\/v2\/types\/product"}],"replies":[{"embeddable":true,"href":"https:\/\/espacetechnologie.ma\/ar\/wp-json\/wp\/v2\/comments?post=7198"}],"wp:featuredmedia":[{"embeddable":true,"href":"https:\/\/espacetechnologie.ma\/ar\/wp-json\/wp\/v2\/media\/7197"}],"wp:attachment":[{"href":"https:\/\/espacetechnologie.ma\/ar\/wp-json\/wp\/v2\/media?parent=7198"}],"wp:term":[{"taxonomy":"product_brand","embeddable":true,"href":"https:\/\/espacetechnologie.ma\/ar\/wp-json\/wp\/v2\/product_brand?post=7198"},{"taxonomy":"product_cat","embeddable":true,"href":"https:\/\/espacetechnologie.ma\/ar\/wp-json\/wp\/v2\/product_cat?post=7198"},{"taxonomy":"product_tag","embeddable":true,"href":"https:\/\/espacetechnologie.ma\/ar\/wp-json\/wp\/v2\/product_tag?post=7198"}],"curies":[{"name":"wp","href":"https:\/\/api.w.org\/{rel}","templated":true}]}}