{"id":7194,"date":"2025-07-09T06:47:20","date_gmt":"2025-07-09T05:47:20","guid":{"rendered":"https:\/\/espacetechnologie.ma\/product\/batterie-de-remplacement-pour-apple-airpods-pro-alimentation-gauche-et-droite\/"},"modified":"2025-08-03T06:46:43","modified_gmt":"2025-08-03T05:46:43","slug":"batterie-de-remplacement-pour-apple-airpods-pro-alimentation-gauche-et-droite","status":"publish","type":"product","link":"https:\/\/espacetechnologie.ma\/ar\/product\/batterie-de-remplacement-pour-apple-airpods-pro-alimentation-gauche-et-droite\/","title":{"rendered":"Batterie de remplacement pour Apple Airpods Pro alimentation gauche et droite"},"content":{"rendered":"<p>En raison des diff\u00e9rents effets de moniteur et de lumi\u00e8re, la couleur r\u00e9elle de l&rsquo;article peut \u00eatre l\u00e9g\u00e8rement diff\u00e9rente de la couleur montr\u00e9e sur les images. Merci!<br \/>\nVeuillez permettre une d\u00e9viation de mesure de 1-3cm en raison de la mauvaise manipulation manuelle<br \/>\nType : Li-lon<br \/>\nCapacit\u00e9 nominale: 25mah<br \/>\nType d&rsquo;ensemble: piles seulement<br \/>\nBatterie de remplacement: Oui<br \/>\nLe paquet incluent:<br \/>\n2 X batterie<br \/>\n2 X batterie<\/p>","protected":false},"excerpt":{"rendered":"<p>Type : Li-lon<br \/>\nCapacit\u00e9 nominale: 25mah<br \/>\nType d&rsquo;ensemble: piles seulement<br \/>\nBatterie de remplacement: Oui<br \/>\nLe paquet incluent:<br \/>\n1 X batterie<\/p>","protected":false},"featured_media":7193,"comment_status":"open","ping_status":"closed","template":"","meta":{"event_title":"","event_details":"","event_timezone":"","event_gmap":"","event_image":"","event_image_url":"","event_calendar_link":"","event_location":"","event_datetime_with_summary":"","event_datetime":"","event_date_type":"","event_rulesummary":"","event_ticket_rsvp":"","_gspb_post_css":""},"product_brand":[],"product_cat":[107,109,82],"product_tag":[],"class_list":{"0":"post-7194","1":"product","2":"type-product","3":"status-publish","4":"has-post-thumbnail","6":"product_cat-audio","7":"product_cat-ecouteurs-sans-fil","8":"product_cat-gadgets","10":"first","11":"instock","12":"sale","13":"shipping-taxable","14":"purchasable","15":"product-type-simple"},"jetpack_sharing_enabled":true,"_links":{"self":[{"href":"https:\/\/espacetechnologie.ma\/ar\/wp-json\/wp\/v2\/product\/7194","targetHints":{"allow":["GET"]}}],"collection":[{"href":"https:\/\/espacetechnologie.ma\/ar\/wp-json\/wp\/v2\/product"}],"about":[{"href":"https:\/\/espacetechnologie.ma\/ar\/wp-json\/wp\/v2\/types\/product"}],"replies":[{"embeddable":true,"href":"https:\/\/espacetechnologie.ma\/ar\/wp-json\/wp\/v2\/comments?post=7194"}],"wp:featuredmedia":[{"embeddable":true,"href":"https:\/\/espacetechnologie.ma\/ar\/wp-json\/wp\/v2\/media\/7193"}],"wp:attachment":[{"href":"https:\/\/espacetechnologie.ma\/ar\/wp-json\/wp\/v2\/media?parent=7194"}],"wp:term":[{"taxonomy":"product_brand","embeddable":true,"href":"https:\/\/espacetechnologie.ma\/ar\/wp-json\/wp\/v2\/product_brand?post=7194"},{"taxonomy":"product_cat","embeddable":true,"href":"https:\/\/espacetechnologie.ma\/ar\/wp-json\/wp\/v2\/product_cat?post=7194"},{"taxonomy":"product_tag","embeddable":true,"href":"https:\/\/espacetechnologie.ma\/ar\/wp-json\/wp\/v2\/product_tag?post=7194"}],"curies":[{"name":"wp","href":"https:\/\/api.w.org\/{rel}","templated":true}]}}