{"id":7186,"date":"2025-07-09T06:47:18","date_gmt":"2025-07-09T05:47:18","guid":{"rendered":"https:\/\/espacetechnologie.ma\/product\/coque-pour-air-13-6-a2681\/"},"modified":"2025-08-02T15:45:21","modified_gmt":"2025-08-02T14:45:21","slug":"coque-pour-air-13-6-a2681","status":"publish","type":"product","link":"https:\/\/espacetechnologie.ma\/ar\/product\/coque-pour-air-13-6-a2681\/","title":{"rendered":"Coque pour Air 13.6 &#8211; A2681"},"content":{"rendered":"<p>1: trouver le d\u00e9but de laUN&#8230;..?Lettre au dos du pour Macbook<br \/>\n2: trouvez votre mod\u00e8le<br \/>\n3: choisissez d&rsquo;acheter les bons produits.<br \/>\n4: si vous ne comprenez rien, veuillez nous contacter<br \/>\n5: nous pouvons vous aider<\/p>","protected":false},"excerpt":{"rendered":"<p>Attention:Si vous n&rsquo;\u00eates pas s\u00fbr de la taille, veuillez v\u00e9rifier le dos de votre mcbook, vous pouvez voir le mod\u00e8le (Axxxx) imprim\u00e9 l\u00e0,<br \/>\nEt puis vous pouvez choisir la bonne couverture pour votre mcbook avec le tableau de comparaison suivant, ou nous contacter, nous aimerions vous aider.<\/p>","protected":false},"featured_media":7185,"comment_status":"open","ping_status":"closed","template":"","meta":{"event_title":"","event_details":"","event_timezone":"","event_gmap":"","event_image":"","event_image_url":"","event_calendar_link":"","event_location":"","event_datetime_with_summary":"","event_datetime":"","event_date_type":"","event_rulesummary":"","event_ticket_rsvp":"","_gspb_post_css":""},"product_brand":[],"product_cat":[98,96],"product_tag":[],"class_list":{"0":"post-7186","1":"product","2":"type-product","3":"status-publish","4":"has-post-thumbnail","6":"product_cat-housses-et-sacs","7":"product_cat-pc","9":"first","10":"instock","11":"sale","12":"shipping-taxable","13":"purchasable","14":"product-type-simple"},"jetpack_sharing_enabled":true,"_links":{"self":[{"href":"https:\/\/espacetechnologie.ma\/ar\/wp-json\/wp\/v2\/product\/7186","targetHints":{"allow":["GET"]}}],"collection":[{"href":"https:\/\/espacetechnologie.ma\/ar\/wp-json\/wp\/v2\/product"}],"about":[{"href":"https:\/\/espacetechnologie.ma\/ar\/wp-json\/wp\/v2\/types\/product"}],"replies":[{"embeddable":true,"href":"https:\/\/espacetechnologie.ma\/ar\/wp-json\/wp\/v2\/comments?post=7186"}],"wp:featuredmedia":[{"embeddable":true,"href":"https:\/\/espacetechnologie.ma\/ar\/wp-json\/wp\/v2\/media\/7185"}],"wp:attachment":[{"href":"https:\/\/espacetechnologie.ma\/ar\/wp-json\/wp\/v2\/media?parent=7186"}],"wp:term":[{"taxonomy":"product_brand","embeddable":true,"href":"https:\/\/espacetechnologie.ma\/ar\/wp-json\/wp\/v2\/product_brand?post=7186"},{"taxonomy":"product_cat","embeddable":true,"href":"https:\/\/espacetechnologie.ma\/ar\/wp-json\/wp\/v2\/product_cat?post=7186"},{"taxonomy":"product_tag","embeddable":true,"href":"https:\/\/espacetechnologie.ma\/ar\/wp-json\/wp\/v2\/product_tag?post=7186"}],"curies":[{"name":"wp","href":"https:\/\/api.w.org\/{rel}","templated":true}]}}