{"id":7179,"date":"2025-07-09T06:47:16","date_gmt":"2025-07-09T05:47:16","guid":{"rendered":"https:\/\/espacetechnologie.ma\/product\/lampe-de-bureau-et-chargeur-sans-fil-30w-charge-rapide-avec-affichage-de-lheure\/"},"modified":"2025-08-02T12:52:35","modified_gmt":"2025-08-02T11:52:35","slug":"lampe-de-bureau-et-chargeur-sans-fil-30w-charge-rapide-avec-affichage-de-lheure","status":"publish","type":"product","link":"https:\/\/espacetechnologie.ma\/ar\/product\/lampe-de-bureau-et-chargeur-sans-fil-30w-charge-rapide-avec-affichage-de-lheure\/","title":{"rendered":"lampe de bureau et Chargeur sans fil 30W charge rapide avec affichage de l&rsquo;heure"},"content":{"rendered":"<p>Tension\/courant d&rsquo;entr\u00e9e: 5V\/2A 9V\/2A 12V\/2A<br \/>\nTension de sortie: 15W\/10W\/7.5W\/5W<br \/>\nPuissance de sortie de la montre: 3W (pour Apple S1-S9)<br \/>\nPuissance de sortie des \u00e9couteurs: 5 W<br \/>\nSortie d&rsquo;horloge: 1 W<br \/>\npuissance de LED: 5 W<br \/>\nPuissance de sortie USB: 5 W<br \/>\nDistance de charge: 2-6mm<br \/>\nEfficacit\u00e9 de charge: 75%<br \/>\nCouleur d&rsquo;apparence: noir<br \/>\nFr\u00e9quence de travail: 100-205KHZ<br \/>\nMat\u00e9riau: ABS + verre tremp\u00e9<br \/>\nInterface: TYPE-C<\/p>","protected":false},"excerpt":{"rendered":"<p>Description de l&rsquo;article<br \/>\nLampe LED \u00e0 intensit\u00e9 variable 7-en-1 15W horloge verticale chargeur sans fil charge rapide LED multi-fonctionnelle cr\u00e9ative protection des yeux lampe de bureau<\/p>","protected":false},"featured_media":7178,"comment_status":"open","ping_status":"closed","template":"","meta":{"event_title":"","event_details":"","event_timezone":"","event_gmap":"","event_image":"","event_image_url":"","event_calendar_link":"","event_location":"","event_datetime_with_summary":"","event_datetime":"","event_date_type":"","event_rulesummary":"","event_ticket_rsvp":"","_gspb_post_css":""},"product_brand":[],"product_cat":[82],"product_tag":[],"class_list":{"0":"post-7179","1":"product","2":"type-product","3":"status-publish","4":"has-post-thumbnail","6":"product_cat-gadgets","8":"first","9":"instock","10":"shipping-taxable","11":"purchasable","12":"product-type-simple"},"jetpack_sharing_enabled":true,"_links":{"self":[{"href":"https:\/\/espacetechnologie.ma\/ar\/wp-json\/wp\/v2\/product\/7179","targetHints":{"allow":["GET"]}}],"collection":[{"href":"https:\/\/espacetechnologie.ma\/ar\/wp-json\/wp\/v2\/product"}],"about":[{"href":"https:\/\/espacetechnologie.ma\/ar\/wp-json\/wp\/v2\/types\/product"}],"replies":[{"embeddable":true,"href":"https:\/\/espacetechnologie.ma\/ar\/wp-json\/wp\/v2\/comments?post=7179"}],"wp:featuredmedia":[{"embeddable":true,"href":"https:\/\/espacetechnologie.ma\/ar\/wp-json\/wp\/v2\/media\/7178"}],"wp:attachment":[{"href":"https:\/\/espacetechnologie.ma\/ar\/wp-json\/wp\/v2\/media?parent=7179"}],"wp:term":[{"taxonomy":"product_brand","embeddable":true,"href":"https:\/\/espacetechnologie.ma\/ar\/wp-json\/wp\/v2\/product_brand?post=7179"},{"taxonomy":"product_cat","embeddable":true,"href":"https:\/\/espacetechnologie.ma\/ar\/wp-json\/wp\/v2\/product_cat?post=7179"},{"taxonomy":"product_tag","embeddable":true,"href":"https:\/\/espacetechnologie.ma\/ar\/wp-json\/wp\/v2\/product_tag?post=7179"}],"curies":[{"name":"wp","href":"https:\/\/api.w.org\/{rel}","templated":true}]}}