{"id":7172,"date":"2025-07-09T06:47:15","date_gmt":"2025-07-09T05:47:15","guid":{"rendered":"https:\/\/espacetechnologie.ma\/product\/kit-softbox-50x70cm-pour-eclairage-de-studio-de-photographie-et-equipement-de-prise-de-vue-video\/"},"modified":"2025-10-20T17:54:50","modified_gmt":"2025-10-20T16:54:50","slug":"kit-softbox-50x70cm-pour-eclairage-de-studio-de-photographie-et-equipement-de-prise-de-vue-video","status":"publish","type":"product","link":"https:\/\/espacetechnologie.ma\/ar\/product\/kit-softbox-50x70cm-pour-eclairage-de-studio-de-photographie-et-equipement-de-prise-de-vue-video\/","title":{"rendered":"Kit SoftBox 50x70CM pour \u00e9clairage de Studio de photographie et \u00e9quipement de prise de vue vid\u00e9o"},"content":{"rendered":"<p>La lumi\u00e8re tricolore \u00e0 quatre supports est applicable pour la prise de vue dans les studios ou les ateliers<br \/>\nLa source d&rsquo;\u00e9clairage continue id\u00e9ale. La lumi\u00e8re s\u00fbre et fiable est facile \u00e0 utiliser.<br \/>\nAvant d&rsquo;installer ou de retirer les ampoules, d\u00e9branchez le c\u00e2ble d&rsquo;alimentation et attendez que les ampoules refroidissent.<br \/>\nLes ampoules deviennent chaudes apr\u00e8s l&rsquo;\u00e9clairage pendant une p\u00e9riode. Ne pas toucher. Ne placez pas non plus d&rsquo;objets inflammables \u00e0 c\u00f4t\u00e9<br \/>\nCet appareil n&rsquo;est pas \u00e9tanche \u00e0 l&rsquo;eau. Ne l&rsquo;utilisez pas sous la pluie ou le brouillard.<\/p>","protected":false},"excerpt":{"rendered":"<p>La lumi\u00e8re tricolore \u00e0 quatre supports est applicable pour la prise de vue dans les studios ou les ateliers La source d&rsquo;\u00e9clairage continue id\u00e9ale. La lumi\u00e8re s\u00fbre et fiable est facile \u00e0 utiliser. Avant d&rsquo;installer ou de retirer les ampoules, d\u00e9branchez le c\u00e2ble d&rsquo;alimentation et attendez que les ampoules refroidissent. Les ampoules deviennent chaudes apr\u00e8s [&hellip;]<\/p>\n","protected":false},"featured_media":7171,"comment_status":"open","ping_status":"closed","template":"","meta":{"event_title":"","event_details":"","event_timezone":"","event_gmap":"","event_image":"","event_image_url":"","event_calendar_link":"","event_location":"","event_datetime_with_summary":"","event_datetime":"","event_date_type":"","event_rulesummary":"","event_ticket_rsvp":"","_gspb_post_css":""},"product_brand":[],"product_cat":[119,117,116],"product_tag":[],"class_list":{"0":"post-7172","1":"product","2":"type-product","3":"status-publish","4":"has-post-thumbnail","6":"product_cat-accessoires-studio","7":"product_cat-eclairage-et-ring-lights","8":"product_cat-studio","10":"first","11":"instock","12":"sale","13":"featured","14":"shipping-taxable","15":"purchasable","16":"product-type-simple"},"jetpack_sharing_enabled":true,"_links":{"self":[{"href":"https:\/\/espacetechnologie.ma\/ar\/wp-json\/wp\/v2\/product\/7172","targetHints":{"allow":["GET"]}}],"collection":[{"href":"https:\/\/espacetechnologie.ma\/ar\/wp-json\/wp\/v2\/product"}],"about":[{"href":"https:\/\/espacetechnologie.ma\/ar\/wp-json\/wp\/v2\/types\/product"}],"replies":[{"embeddable":true,"href":"https:\/\/espacetechnologie.ma\/ar\/wp-json\/wp\/v2\/comments?post=7172"}],"wp:featuredmedia":[{"embeddable":true,"href":"https:\/\/espacetechnologie.ma\/ar\/wp-json\/wp\/v2\/media\/7171"}],"wp:attachment":[{"href":"https:\/\/espacetechnologie.ma\/ar\/wp-json\/wp\/v2\/media?parent=7172"}],"wp:term":[{"taxonomy":"product_brand","embeddable":true,"href":"https:\/\/espacetechnologie.ma\/ar\/wp-json\/wp\/v2\/product_brand?post=7172"},{"taxonomy":"product_cat","embeddable":true,"href":"https:\/\/espacetechnologie.ma\/ar\/wp-json\/wp\/v2\/product_cat?post=7172"},{"taxonomy":"product_tag","embeddable":true,"href":"https:\/\/espacetechnologie.ma\/ar\/wp-json\/wp\/v2\/product_tag?post=7172"}],"curies":[{"name":"wp","href":"https:\/\/api.w.org\/{rel}","templated":true}]}}