{"id":7163,"date":"2025-07-09T06:47:14","date_gmt":"2025-07-09T05:47:14","guid":{"rendered":"https:\/\/espacetechnologie.ma\/product\/%d9%85%d9%8a%d9%83%d8%b1%d9%88%d9%81%d9%88%d9%86-%d8%a7%d8%b3%d8%aa%d9%88%d8%af%d9%8a%d9%88\/"},"modified":"2025-08-02T14:50:00","modified_gmt":"2025-08-02T13:50:00","slug":"%d9%85%d9%8a%d9%83%d8%b1%d9%88%d9%81%d9%88%d9%86-%d8%a7%d8%b3%d8%aa%d9%88%d8%af%d9%8a%d9%88","status":"publish","type":"product","link":"https:\/\/espacetechnologie.ma\/ar\/product\/%d9%85%d9%8a%d9%83%d8%b1%d9%88%d9%81%d9%88%d9%86-%d8%a7%d8%b3%d8%aa%d9%88%d8%af%d9%8a%d9%88\/","title":{"rendered":"\u0645\u064a\u0643\u0631\u0648\u0641\u0648\u0646 \u0627\u0633\u062a\u0648\u062f\u064a\u0648"},"content":{"rendered":"<p>\u0625\u0646 \u062d\u0633\u0627\u0633\u064a\u0629 \u0627\u0644\u062a\u0642\u0627\u0637 \u0627\u0644\u0645\u064a\u0643\u0631\u0648\u0641\u0648\u0646 \u0639\u0627\u0644\u064a\u0629 \u0648\u0627\u0644\u0635\u0648\u062a \u0648\u0627\u0636\u062d \u060c \u0628\u0627\u0644\u0646\u0633\u0628\u0629 \u0644\u0644\u0645\u062d\u0627\u062f\u062b\u0629 \u0627\u0644\u0635\u0648\u062a\u064a\u0629 YY \u060c \u0648\u0627\u0644\u062a\u0633\u062c\u064a\u0644 \u0627\u0644\u0634\u062e\u0635\u064a \u060c \u0648\u0625\u0646\u062a\u0627\u062c \u0627\u0644\u0643\u0627\u0631\u064a\u0648\u0643\u064a \u0628\u0627\u0644\u0643\u0645\u0628\u064a\u0648\u062a\u0631 \u061b \u0627\u0644\u0645\u0638\u0647\u0631 \u0627\u0644\u0634\u062e\u0635\u064a \u060c \u0645\u062c\u0645\u0648\u0639\u0629 \u0645\u062a\u0646\u0648\u0639\u0629 \u0645\u0646 \u0627\u0644\u0623\u0644\u0648\u0627\u0646 \u060c \u0645\u0632\u064a\u062c \u0627\u062d\u062a\u0631\u0627\u0641\u064a \u0648\u0639\u0635\u0631\u064a \u061b<br \/>\n\u0645\u064a\u0643\u0631\u0648\u0641\u0648\u0646 \u062a\u0635\u0645\u064a\u0645 \u0627\u062d\u062a\u0631\u0627\u0641\u064a \u0644\u062f\u0627\u0626\u0631\u0629 \u0645\u0639\u0627\u0644\u062c\u0629 \u0627\u0644\u0635\u0648\u062a \u0645\u0639 \u0636\u0648\u0636\u0627\u0621 \u0645\u0646\u062e\u0641\u0636\u0629 \u0648\u0645\u0633\u062a\u0648\u0649 \u0636\u063a\u0637 \u0635\u0648\u062a \u0645\u0631\u062a\u0641\u0639 \u0648\u0646\u0637\u0627\u0642 \u062f\u064a\u0646\u0627\u0645\u064a\u0643\u064a \u0643\u0628\u064a\u0631 \u061b<br \/>\n\u0628\u0637\u0627\u0642\u0629 \u0627\u0644\u0635\u0648\u062a V8: \u0634\u0631\u064a\u062d\u0629 \u0627\u0644\u0645\u0624\u062b\u0631\u0627\u062a \u0627\u0644\u0635\u0648\u062a\u064a\u0629 DSP \u060c \u0648\u0645\u0642\u0628\u0636 \u0627\u0644\u0636\u0628\u0637 \u060c \u0648 12 \u0646\u0648\u0639\u064b\u0627 \u0645\u0646 \u0627\u0644\u0645\u0624\u062b\u0631\u0627\u062a \u0627\u0644\u0635\u0648\u062a\u064a\u0629 \u060c \u0648\u0627\u0644\u0642\u0636\u0627\u0621 \u0639\u0644\u0649 \u0627\u0644\u0635\u0648\u062a \u0627\u0644\u0623\u0635\u0644\u064a \u060c \u0648\u0627\u0644\u063a\u0646\u0627\u0621 \u0627\u0644\u062d\u064a \u060c \u0648\u062a\u062c\u0646\u0628 \u0632\u0631 \u0648\u0627\u062d\u062f \u060c \u0648\u0627\u0644\u0645\u0631\u0627\u0642\u0628\u0629 \u0641\u064a \u0627\u0644\u0648\u0642\u062a \u0627\u0644\u0641\u0639\u0644\u064a \u060c \u0648\u0628\u0637\u0627\u0631\u064a\u0629 \u0630\u0627\u062a \u0633\u0639\u0629 \u0643\u0628\u064a\u0631\u0629.<br \/>\n\u0628\u0637\u0627\u0642\u0629 \u0627\u0644\u0635\u0648\u062a V8: \u0634\u0631\u064a\u062d\u0629 \u0645\u0632\u062f\u0648\u062c\u0629 \u0635\u0648\u062a DSP \u0642\u0648\u064a\u0629 \u060c \u0627\u0633\u062a\u0642\u0631\u0627\u0631 \u0623\u0641\u0636\u0644 \u060c \u0625\u0634\u0627\u0631\u0629 \u0623\u0641\u0636\u0644 \u060c \u062c\u0648\u062f\u0629 \u0635\u0648\u062a \u0648\u0627\u0636\u062d\u0629 \u062f\u0648\u0646 \u062a\u0623\u062e\u064a\u0631 \u060c \u062a\u0631\u0642\u064a\u0629 \u062c\u062f\u064a\u062f\u0629.<br \/>\n\u062a\u0648\u0641\u0631 \u0637\u0627\u0642\u0629 \u0641\u0627\u0646\u062a\u0648\u0645 \u0645\u0648\u062b\u0648\u0642\u0629 \u0628\u062c\u0647\u062f 48 \u0641\u0648\u0644\u062a \u0644\u0644\u0645\u064a\u0643\u0631\u0648\u0641\u0648\u0646\u0627\u062a \u0627\u0644\u0645\u0643\u062b\u0641\u0629 \u0648\u062a\u062d\u0648\u064a\u0644 \u0625\u0634\u0627\u0631\u0629 \u0627\u0644\u0635\u0648\u062a \u0625\u0644\u0649 \u0628\u0637\u0627\u0642\u0629 \u0627\u0644\u0635\u0648\u062a \u0641\u064a \u063a\u0644\u0627\u0641 \u0628\u0644\u0627\u0633\u062a\u064a\u0643\u064a \u0645\u062a\u064a\u0646 \u0648\u0645\u062f\u0645\u062c.<br \/>\nTransducteur : Microphone \u00e0 condensateur<br \/>\nType d&rsquo;ensemble : kits multi-microphones<br \/>\nMotifs polaires : cardio\u00efde<br \/>\nCommunication : filaire<br \/>\nNum\u00e9ro de mod\u00e8le: bm800<br \/>\nMat\u00e9riel: alliage de zinc + plastique<br \/>\nR\u00e9ponse en fr\u00e9quence : 20 Hz-20 KHz<br \/>\nSensibilit\u00e9 : -38dB+ \/ -2dB<br \/>\nInterface de sortie microphone : 3,5 mm<br \/>\nNiveau de bruit \u00e9quivalent : 16 dba<br \/>\nCourant \u00e9lectrique : 3 mA<br \/>\nRapport signal sur bruit : 78 d\u00e9cibels<br \/>\nImp\u00e9dance de sortie : 150Ohm+ \/ -30%<br \/>\nImp\u00e9dance de charge : sup\u00e9rieure \u00e0 1000 Oh<\/p>","protected":false},"excerpt":{"rendered":"<p>\u0625\u0646 \u062d\u0633\u0627\u0633\u064a\u0629 \u0627\u0644\u062a\u0642\u0627\u0637 \u0627\u0644\u0645\u064a\u0643\u0631\u0648\u0641\u0648\u0646 \u0639\u0627\u0644\u064a\u0629 \u0648\u0627\u0644\u0635\u0648\u062a \u0648\u0627\u0636\u062d \u060c \u0628\u0627\u0644\u0646\u0633\u0628\u0629 \u0644\u0644\u0645\u062d\u0627\u062f\u062b\u0629 \u0627\u0644\u0635\u0648\u062a\u064a\u0629 YY \u060c \u0648\u0627\u0644\u062a\u0633\u062c\u064a\u0644 \u0627\u0644\u0634\u062e\u0635\u064a \u060c \u0648\u0625\u0646\u062a\u0627\u062c \u0627\u0644\u0643\u0627\u0631\u064a\u0648\u0643\u064a \u0628\u0627\u0644\u0643\u0645\u0628\u064a\u0648\u062a\u0631 \u061b \u0627\u0644\u0645\u0638\u0647\u0631 \u0627\u0644\u0634\u062e\u0635\u064a \u060c \u0645\u062c\u0645\u0648\u0639\u0629 \u0645\u062a\u0646\u0648\u0639\u0629 \u0645\u0646 \u0627\u0644\u0623\u0644\u0648\u0627\u0646 \u060c \u0645\u0632\u064a\u062c \u0627\u062d\u062a\u0631\u0627\u0641\u064a \u0648\u0639\u0635\u0631\u064a \u061b \u0645\u064a\u0643\u0631\u0648\u0641\u0648\u0646 \u062a\u0635\u0645\u064a\u0645 \u0627\u062d\u062a\u0631\u0627\u0641\u064a \u0644\u062f\u0627\u0626\u0631\u0629 \u0645\u0639\u0627\u0644\u062c\u0629 \u0627\u0644\u0635\u0648\u062a \u0645\u0639 \u0636\u0648\u0636\u0627\u0621 \u0645\u0646\u062e\u0641\u0636\u0629 \u0648\u0645\u0633\u062a\u0648\u0649 \u0636\u063a\u0637 \u0635\u0648\u062a \u0645\u0631\u062a\u0641\u0639 \u0648\u0646\u0637\u0627\u0642 \u062f\u064a\u0646\u0627\u0645\u064a\u0643\u064a \u0643\u0628\u064a\u0631 \u061b \u0628\u0637\u0627\u0642\u0629 \u0627\u0644\u0635\u0648\u062a V8: \u0634\u0631\u064a\u062d\u0629 \u0627\u0644\u0645\u0624\u062b\u0631\u0627\u062a \u0627\u0644\u0635\u0648\u062a\u064a\u0629 [&hellip;]<\/p>\n","protected":false},"featured_media":7162,"comment_status":"open","ping_status":"closed","template":"","meta":{"event_title":"","event_details":"","event_timezone":"","event_gmap":"","event_image":"","event_image_url":"","event_calendar_link":"","event_location":"","event_datetime_with_summary":"","event_datetime":"","event_date_type":"","event_rulesummary":"","event_ticket_rsvp":"","_gspb_post_css":""},"product_brand":[],"product_cat":[107,111],"product_tag":[],"class_list":{"0":"post-7163","1":"product","2":"type-product","3":"status-publish","4":"has-post-thumbnail","6":"product_cat-audio","7":"product_cat-microphones","9":"first","10":"instock","11":"sale","12":"shipping-taxable","13":"purchasable","14":"product-type-simple"},"jetpack_sharing_enabled":true,"_links":{"self":[{"href":"https:\/\/espacetechnologie.ma\/ar\/wp-json\/wp\/v2\/product\/7163","targetHints":{"allow":["GET"]}}],"collection":[{"href":"https:\/\/espacetechnologie.ma\/ar\/wp-json\/wp\/v2\/product"}],"about":[{"href":"https:\/\/espacetechnologie.ma\/ar\/wp-json\/wp\/v2\/types\/product"}],"replies":[{"embeddable":true,"href":"https:\/\/espacetechnologie.ma\/ar\/wp-json\/wp\/v2\/comments?post=7163"}],"wp:featuredmedia":[{"embeddable":true,"href":"https:\/\/espacetechnologie.ma\/ar\/wp-json\/wp\/v2\/media\/7162"}],"wp:attachment":[{"href":"https:\/\/espacetechnologie.ma\/ar\/wp-json\/wp\/v2\/media?parent=7163"}],"wp:term":[{"taxonomy":"product_brand","embeddable":true,"href":"https:\/\/espacetechnologie.ma\/ar\/wp-json\/wp\/v2\/product_brand?post=7163"},{"taxonomy":"product_cat","embeddable":true,"href":"https:\/\/espacetechnologie.ma\/ar\/wp-json\/wp\/v2\/product_cat?post=7163"},{"taxonomy":"product_tag","embeddable":true,"href":"https:\/\/espacetechnologie.ma\/ar\/wp-json\/wp\/v2\/product_tag?post=7163"}],"curies":[{"name":"wp","href":"https:\/\/api.w.org\/{rel}","templated":true}]}}