{"id":7153,"date":"2025-07-09T06:47:12","date_gmt":"2025-07-09T05:47:12","guid":{"rendered":"https:\/\/espacetechnologie.ma\/product\/konfulon-2-in-1-ecouteurs-et-recepteur-bluetooth\/"},"modified":"2025-08-03T07:41:51","modified_gmt":"2025-08-03T06:41:51","slug":"konfulon-2-in-1-ecouteurs-et-recepteur-bluetooth","status":"publish","type":"product","link":"https:\/\/espacetechnologie.ma\/ar\/product\/konfulon-2-in-1-ecouteurs-et-recepteur-bluetooth\/","title":{"rendered":"Konfulon 2 in 1 \u00e9couteurs et r\u00e9cepteur Bluetooth"},"content":{"rendered":"<p>Avec les \u00e9couteurs Konfulon, vous pouvez profiter de la musique de luxe et de la qualit\u00e9 sonore dans votre oreille, vous offrant la meilleure commodit\u00e9 et le meilleur confort. L&rsquo;\u00e9couteur est dot\u00e9 d&rsquo;un microphone int\u00e9gr\u00e9 et d&rsquo;un microphone int\u00e9gr\u00e9 pour les appels t\u00e9l\u00e9phoniques. Kufulon vous offre diverses couleurs fantaisie avec le plus beau design pour vous aider \u00e0 para\u00eetre \u00e9l\u00e9gant. Et vous ne vous ennuierez jamais de le porter. Ce produit est maintenant disponible sur shop.com.mm en ligne.<\/p>","protected":false},"excerpt":{"rendered":"<p>Puces sans fil: CSR 8635<br \/>\nFr\u00e9quence de fonctionnement: 2401 MHz &#8211; 2479 MHz<br \/>\nProfil de support: HSP, HFP, A2DP, AVRCP<br \/>\nPlage: jusqu&rsquo;\u00e0 10 m<br \/>\nTemps de musique: jusqu&rsquo;\u00e0 17 heures<br \/>\nTemps de conversation: jusqu&rsquo;\u00e0 16 heures<\/p>","protected":false},"featured_media":7152,"comment_status":"open","ping_status":"closed","template":"","meta":{"event_title":"","event_details":"","event_timezone":"","event_gmap":"","event_image":"","event_image_url":"","event_calendar_link":"","event_location":"","event_datetime_with_summary":"","event_datetime":"","event_date_type":"","event_rulesummary":"","event_ticket_rsvp":"","_gspb_post_css":""},"product_brand":[],"product_cat":[107,109,82],"product_tag":[],"class_list":{"0":"post-7153","1":"product","2":"type-product","3":"status-publish","4":"has-post-thumbnail","6":"product_cat-audio","7":"product_cat-ecouteurs-sans-fil","8":"product_cat-gadgets","10":"first","11":"instock","12":"sale","13":"shipping-taxable","14":"purchasable","15":"product-type-simple"},"jetpack_sharing_enabled":true,"_links":{"self":[{"href":"https:\/\/espacetechnologie.ma\/ar\/wp-json\/wp\/v2\/product\/7153","targetHints":{"allow":["GET"]}}],"collection":[{"href":"https:\/\/espacetechnologie.ma\/ar\/wp-json\/wp\/v2\/product"}],"about":[{"href":"https:\/\/espacetechnologie.ma\/ar\/wp-json\/wp\/v2\/types\/product"}],"replies":[{"embeddable":true,"href":"https:\/\/espacetechnologie.ma\/ar\/wp-json\/wp\/v2\/comments?post=7153"}],"wp:featuredmedia":[{"embeddable":true,"href":"https:\/\/espacetechnologie.ma\/ar\/wp-json\/wp\/v2\/media\/7152"}],"wp:attachment":[{"href":"https:\/\/espacetechnologie.ma\/ar\/wp-json\/wp\/v2\/media?parent=7153"}],"wp:term":[{"taxonomy":"product_brand","embeddable":true,"href":"https:\/\/espacetechnologie.ma\/ar\/wp-json\/wp\/v2\/product_brand?post=7153"},{"taxonomy":"product_cat","embeddable":true,"href":"https:\/\/espacetechnologie.ma\/ar\/wp-json\/wp\/v2\/product_cat?post=7153"},{"taxonomy":"product_tag","embeddable":true,"href":"https:\/\/espacetechnologie.ma\/ar\/wp-json\/wp\/v2\/product_tag?post=7153"}],"curies":[{"name":"wp","href":"https:\/\/api.w.org\/{rel}","templated":true}]}}