{"id":7148,"date":"2025-07-09T06:47:11","date_gmt":"2025-07-09T05:47:11","guid":{"rendered":"https:\/\/espacetechnologie.ma\/product\/%d9%85%d8%b5%d8%ad%d8%ad-%d8%a5%d8%b5%d8%a8%d8%b9-%d8%a7%d9%84%d9%82%d8%af%d9%85-%d8%a7%d9%84%d9%83%d8%a8%d9%8a%d8%b1-%d9%88%d8%a7%d9%84%d8%b9%d9%86%d8%a7%d9%8a%d8%a9-%d8%a8%d8%a7%d9%84%d9%82%d8%af\/"},"modified":"2025-08-03T07:58:33","modified_gmt":"2025-08-03T06:58:33","slug":"%d9%85%d8%b5%d8%ad%d8%ad-%d8%a5%d8%b5%d8%a8%d8%b9-%d8%a7%d9%84%d9%82%d8%af%d9%85-%d8%a7%d9%84%d9%83%d8%a8%d9%8a%d8%b1-%d9%88%d8%a7%d9%84%d8%b9%d9%86%d8%a7%d9%8a%d8%a9-%d8%a8%d8%a7%d9%84%d9%82%d8%af","status":"publish","type":"product","link":"https:\/\/espacetechnologie.ma\/ar\/product\/%d9%85%d8%b5%d8%ad%d8%ad-%d8%a5%d8%b5%d8%a8%d8%b9-%d8%a7%d9%84%d9%82%d8%af%d9%85-%d8%a7%d9%84%d9%83%d8%a8%d9%8a%d8%b1-%d9%88%d8%a7%d9%84%d8%b9%d9%86%d8%a7%d9%8a%d8%a9-%d8%a8%d8%a7%d9%84%d9%82%d8%af\/","title":{"rendered":"\u0645\u0635\u062d\u062d \u0625\u0635\u0628\u0639 \u0627\u0644\u0642\u062f\u0645 \u0627\u0644\u0643\u0628\u064a\u0631 \u0648\u0627\u0644\u0639\u0646\u0627\u064a\u0629 \u0628\u0627\u0644\u0642\u062f\u0645 \u0648\u062c\u0628\u064a\u0631\u0629 \u0627\u0644\u0648\u0631\u0645 \u0648\u062a\u0633\u0643\u064a\u0646 \u0627\u0644\u0622\u0644\u0627\u0645"},"content":{"rendered":"<p>Type: Patch de Pied<br \/>\nMat\u00e9riau: tissu, plastique, cuir<br \/>\nTaille: une pi\u00e8ce de pouce<br \/>\nType d&rsquo;article: outil de soins des pieds<br \/>\nProduit: 100% tout neuf doux, confortable, flexible<br \/>\nAppropri\u00e9: la gauche et la droite peuvent \u00eatre utilis\u00e9es<br \/>\nL&#8217;emballage comprend: 2 pi\u00e8ce de correcteur<\/p>","protected":false},"excerpt":{"rendered":"<p>Type: Patch de Pied Mat\u00e9riau: tissu, plastique, cuir Taille: une pi\u00e8ce de pouce Type d&rsquo;article: outil de soins des pieds Produit: 100% tout neuf doux, confortable, flexible Appropri\u00e9: la gauche et la droite peuvent \u00eatre utilis\u00e9es L&#8217;emballage comprend: 2 pi\u00e8ce de correcteur<\/p>","protected":false},"featured_media":7147,"comment_status":"open","ping_status":"closed","template":"","meta":{"event_title":"","event_details":"","event_timezone":"","event_gmap":"","event_image":"","event_image_url":"","event_calendar_link":"","event_location":"","event_datetime_with_summary":"","event_datetime":"","event_date_type":"","event_rulesummary":"","event_ticket_rsvp":"","_gspb_post_css":""},"product_brand":[],"product_cat":[82,130],"product_tag":[],"class_list":{"0":"post-7148","1":"product","2":"type-product","3":"status-publish","4":"has-post-thumbnail","6":"product_cat-gadgets","7":"product_cat-maison","9":"first","10":"instock","11":"sale","12":"shipping-taxable","13":"purchasable","14":"product-type-simple"},"jetpack_sharing_enabled":true,"_links":{"self":[{"href":"https:\/\/espacetechnologie.ma\/ar\/wp-json\/wp\/v2\/product\/7148","targetHints":{"allow":["GET"]}}],"collection":[{"href":"https:\/\/espacetechnologie.ma\/ar\/wp-json\/wp\/v2\/product"}],"about":[{"href":"https:\/\/espacetechnologie.ma\/ar\/wp-json\/wp\/v2\/types\/product"}],"replies":[{"embeddable":true,"href":"https:\/\/espacetechnologie.ma\/ar\/wp-json\/wp\/v2\/comments?post=7148"}],"wp:featuredmedia":[{"embeddable":true,"href":"https:\/\/espacetechnologie.ma\/ar\/wp-json\/wp\/v2\/media\/7147"}],"wp:attachment":[{"href":"https:\/\/espacetechnologie.ma\/ar\/wp-json\/wp\/v2\/media?parent=7148"}],"wp:term":[{"taxonomy":"product_brand","embeddable":true,"href":"https:\/\/espacetechnologie.ma\/ar\/wp-json\/wp\/v2\/product_brand?post=7148"},{"taxonomy":"product_cat","embeddable":true,"href":"https:\/\/espacetechnologie.ma\/ar\/wp-json\/wp\/v2\/product_cat?post=7148"},{"taxonomy":"product_tag","embeddable":true,"href":"https:\/\/espacetechnologie.ma\/ar\/wp-json\/wp\/v2\/product_tag?post=7148"}],"curies":[{"name":"wp","href":"https:\/\/api.w.org\/{rel}","templated":true}]}}