{"id":7117,"date":"2025-07-09T06:47:04","date_gmt":"2025-07-09T05:47:04","guid":{"rendered":"https:\/\/espacetechnologie.ma\/product\/zeblaze-%d8%b3%d8%a7%d8%b9%d8%a9-%d8%b0%d9%83%d9%8a%d8%a9-%d8%8c-%d8%b4%d8%a7%d8%b4%d8%a9-1-57-%d8%a8%d9%88%d8%b5%d8%a9-%d8%8c-%d9%85%d8%aa%d8%b9%d8%af%d8%af%d8%a9-%d8%a7%d9%84%d8%a3%d9%82%d8%b1-2\/"},"modified":"2025-08-02T13:27:06","modified_gmt":"2025-08-02T12:27:06","slug":"zeblaze-%d8%b3%d8%a7%d8%b9%d8%a9-%d8%b0%d9%83%d9%8a%d8%a9-%d8%8c-%d8%b4%d8%a7%d8%b4%d8%a9-1-57-%d8%a8%d9%88%d8%b5%d8%a9-%d8%8c-%d9%85%d8%aa%d8%b9%d8%af%d8%af%d8%a9-%d8%a7%d9%84%d8%a3%d9%82%d8%b1-2","status":"publish","type":"product","link":"https:\/\/espacetechnologie.ma\/ar\/product\/zeblaze-%d8%b3%d8%a7%d8%b9%d8%a9-%d8%b0%d9%83%d9%8a%d8%a9-%d8%8c-%d8%b4%d8%a7%d8%b4%d8%a9-1-57-%d8%a8%d9%88%d8%b5%d8%a9-%d8%8c-%d9%85%d8%aa%d8%b9%d8%af%d8%af%d8%a9-%d8%a7%d9%84%d8%a3%d9%82%d8%b1-2\/","title":{"rendered":"Zeblaze \u0633\u0627\u0639\u0629 \u0630\u0643\u064a\u0629 \u060c \u0634\u0627\u0634\u0629 1.57 \u0628\u0648\u0635\u0629 \u060c \u0645\u062a\u0639\u062f\u062f\u0629 \u0627\u0644\u0623\u0642\u0631\u0627\u0635 \u060c \u0645\u062a\u062a\u0628\u0639 \u0627\u0644\u0644\u064a\u0627\u0642\u0629 \u0627\u0644\u0628\u062f\u0646\u064a\u0629 \u060c \u0645\u0642\u0627\u0648\u0645\u0629 \u0644\u0644\u0645\u0627\u0621"},"content":{"rendered":"<p>Bndy Diam\u00e8tre: Approx.4.5&#215;2.9cm\/1.77&#215;1.14inches<br \/>\nLargeur: 0.62 pouces<br \/>\n\u00c9paisseur du corps: 1.05cm\/0.41 pouces<br \/>\nCouleur: noir\/bleu\/or<br \/>\nCompatible avec Zeblaze M\u00e9t\u00e9ore<br \/>\nPuce: nordiques 52832<br \/>\nTaille d&rsquo;affichage: \u00e9cran tactile couleur HD, taille 1.57<br \/>\nR\u00e9sistant \u00c0 l&rsquo;eau: IP68<br \/>\nCapteurs: capteur de fr\u00e9quence cardiaque, capteur de proximit\u00e9, acc\u00e9l\u00e9rom\u00e8tre<br \/>\nBluetooth: BLE 5.0<br \/>\nCapacit\u00e9 de la batterie: batterie li-pole de 180 mAh<br \/>\nModes de bracelet intelligent: jusqu&rsquo;\u00e0 7 jours<br \/>\nTemps de charge: environ 1.5 heures<br \/>\nNom de l&rsquo;application: Qwatch Pro<br \/>\nCompatibilit\u00e9 avec les smartphones: Android 5.0 ou iOS 9.0 et sup\u00e9rieur<br \/>\nSyst\u00e8me Par D\u00e9faut: 5<br \/>\nPersonnaliser le cadran de la montre: Support<\/p>","protected":false},"excerpt":{"rendered":"<p>Bndy Diam\u00e8tre: Approx.4.5&#215;2.9cm\/1.77&#215;1.14inches Largeur: 0.62 pouces \u00c9paisseur du corps: 1.05cm\/0.41 pouces Couleur: noir\/bleu\/or Compatible avec Zeblaze M\u00e9t\u00e9ore Puce: nordiques 52832 Taille d&rsquo;affichage: \u00e9cran tactile couleur HD, taille 1.57 R\u00e9sistant \u00c0 l&rsquo;eau: IP68 Capteurs: capteur de fr\u00e9quence cardiaque, capteur de proximit\u00e9, acc\u00e9l\u00e9rom\u00e8tre Bluetooth: BLE 5.0 Capacit\u00e9 de la batterie: batterie li-pole de 180 mAh Modes de [&hellip;]<\/p>\n","protected":false},"featured_media":7116,"comment_status":"open","ping_status":"closed","template":"","meta":{"event_title":"","event_details":"","event_timezone":"","event_gmap":"","event_image":"","event_image_url":"","event_calendar_link":"","event_location":"","event_datetime_with_summary":"","event_datetime":"","event_date_type":"","event_rulesummary":"","event_ticket_rsvp":"","_gspb_post_css":""},"product_brand":[],"product_cat":[95,91],"product_tag":[],"class_list":{"0":"post-7117","1":"product","2":"type-product","3":"status-publish","4":"has-post-thumbnail","6":"product_cat-montres-smartwatch","7":"product_cat-smartwatch","9":"first","10":"instock","11":"sale","12":"shipping-taxable","13":"purchasable","14":"product-type-simple"},"jetpack_sharing_enabled":true,"_links":{"self":[{"href":"https:\/\/espacetechnologie.ma\/ar\/wp-json\/wp\/v2\/product\/7117","targetHints":{"allow":["GET"]}}],"collection":[{"href":"https:\/\/espacetechnologie.ma\/ar\/wp-json\/wp\/v2\/product"}],"about":[{"href":"https:\/\/espacetechnologie.ma\/ar\/wp-json\/wp\/v2\/types\/product"}],"replies":[{"embeddable":true,"href":"https:\/\/espacetechnologie.ma\/ar\/wp-json\/wp\/v2\/comments?post=7117"}],"wp:featuredmedia":[{"embeddable":true,"href":"https:\/\/espacetechnologie.ma\/ar\/wp-json\/wp\/v2\/media\/7116"}],"wp:attachment":[{"href":"https:\/\/espacetechnologie.ma\/ar\/wp-json\/wp\/v2\/media?parent=7117"}],"wp:term":[{"taxonomy":"product_brand","embeddable":true,"href":"https:\/\/espacetechnologie.ma\/ar\/wp-json\/wp\/v2\/product_brand?post=7117"},{"taxonomy":"product_cat","embeddable":true,"href":"https:\/\/espacetechnologie.ma\/ar\/wp-json\/wp\/v2\/product_cat?post=7117"},{"taxonomy":"product_tag","embeddable":true,"href":"https:\/\/espacetechnologie.ma\/ar\/wp-json\/wp\/v2\/product_tag?post=7117"}],"curies":[{"name":"wp","href":"https:\/\/api.w.org\/{rel}","templated":true}]}}