{"id":7107,"date":"2025-07-09T06:47:02","date_gmt":"2025-07-09T05:47:02","guid":{"rendered":"https:\/\/espacetechnologie.ma\/product\/pointeur-laser-et-telecommande-de-presentateur-ppt-professionnel\/"},"modified":"2025-08-02T12:52:32","modified_gmt":"2025-08-02T11:52:32","slug":"pointeur-laser-et-telecommande-de-presentateur-ppt-professionnel","status":"publish","type":"product","link":"https:\/\/espacetechnologie.ma\/ar\/product\/pointeur-laser-et-telecommande-de-presentateur-ppt-professionnel\/","title":{"rendered":"Pointeur laser et t\u00e9l\u00e9commande de pr\u00e9sentateur PPT professionnel"},"content":{"rendered":"<p>Caract\u00e9ristique 5: stylo de projecteur universel portable Page \u00e0 distance<br \/>\nAPP de soutien: Non<br \/>\nFr\u00e9quence: 2.4G<br \/>\nUtilisations: TV, ordinateur, projecteur<br \/>\nCouleur: gris<br \/>\nMat\u00e9riau: plastique<\/p>","protected":false},"excerpt":{"rendered":"<p>Caract\u00e9ristique 5: stylo de projecteur universel portable Page \u00e0 distance APP de soutien: Non Fr\u00e9quence: 2.4G Utilisations: TV, ordinateur, projecteur Couleur: gris Mat\u00e9riau: plastique<\/p>","protected":false},"featured_media":7106,"comment_status":"open","ping_status":"closed","template":"","meta":{"event_title":"","event_details":"","event_timezone":"","event_gmap":"","event_image":"","event_image_url":"","event_calendar_link":"","event_location":"","event_datetime_with_summary":"","event_datetime":"","event_date_type":"","event_rulesummary":"","event_ticket_rsvp":"","_gspb_post_css":""},"product_brand":[],"product_cat":[82],"product_tag":[],"class_list":{"0":"post-7107","1":"product","2":"type-product","3":"status-publish","4":"has-post-thumbnail","6":"product_cat-gadgets","8":"first","9":"instock","10":"sale","11":"shipping-taxable","12":"purchasable","13":"product-type-simple"},"jetpack_sharing_enabled":true,"_links":{"self":[{"href":"https:\/\/espacetechnologie.ma\/ar\/wp-json\/wp\/v2\/product\/7107","targetHints":{"allow":["GET"]}}],"collection":[{"href":"https:\/\/espacetechnologie.ma\/ar\/wp-json\/wp\/v2\/product"}],"about":[{"href":"https:\/\/espacetechnologie.ma\/ar\/wp-json\/wp\/v2\/types\/product"}],"replies":[{"embeddable":true,"href":"https:\/\/espacetechnologie.ma\/ar\/wp-json\/wp\/v2\/comments?post=7107"}],"wp:featuredmedia":[{"embeddable":true,"href":"https:\/\/espacetechnologie.ma\/ar\/wp-json\/wp\/v2\/media\/7106"}],"wp:attachment":[{"href":"https:\/\/espacetechnologie.ma\/ar\/wp-json\/wp\/v2\/media?parent=7107"}],"wp:term":[{"taxonomy":"product_brand","embeddable":true,"href":"https:\/\/espacetechnologie.ma\/ar\/wp-json\/wp\/v2\/product_brand?post=7107"},{"taxonomy":"product_cat","embeddable":true,"href":"https:\/\/espacetechnologie.ma\/ar\/wp-json\/wp\/v2\/product_cat?post=7107"},{"taxonomy":"product_tag","embeddable":true,"href":"https:\/\/espacetechnologie.ma\/ar\/wp-json\/wp\/v2\/product_tag?post=7107"}],"curies":[{"name":"wp","href":"https:\/\/api.w.org\/{rel}","templated":true}]}}