{"id":7097,"date":"2025-07-09T06:47:00","date_gmt":"2025-07-09T05:47:00","guid":{"rendered":"https:\/\/espacetechnologie.ma\/product\/chargeur-magnetique-sans-fil-pour-ios-android-airpods-iwatch\/"},"modified":"2025-08-02T14:59:01","modified_gmt":"2025-08-02T13:59:01","slug":"chargeur-magnetique-sans-fil-pour-ios-android-airpods-iwatch","status":"publish","type":"product","link":"https:\/\/espacetechnologie.ma\/ar\/product\/chargeur-magnetique-sans-fil-pour-ios-android-airpods-iwatch\/","title":{"rendered":"Chargeur magn\u00e9tique sans fil  pour iOS Android AirPods iWatch"},"content":{"rendered":"<p>Description de l&rsquo;article<br \/>\n\u00c0 propos de ce projet :<br \/>\nEntr\u00e9e : 5V\/2A, 9V\/3A<br \/>\nsortie t\u00e9l\u00e9phonique: 15 W\/10 W\/7,5 W\/5 W<br \/>\nSortie casque : 5W<br \/>\nSortie de montre : 3W<br \/>\nDistance de charge : \u22648 mm<br \/>\nEfficacit\u00e9 de charge : \u226580%<br \/>\nPoids brut du produit : 273g (y compris la bo\u00eete de couleur)<br \/>\nTaille du colis : 9,4*6,9*9,7 cm<br \/>\n[Note!!!) Ce produit est sp\u00e9cialement con\u00e7u pour le chargeur magsafe de t\u00e9l\u00e9phone iPhone s\u00e9rie 12\/13\/14. Pour d&rsquo;autres t\u00e9l\u00e9phones mobiles Apple non magn\u00e9tiques, veuillez acheter une feuille magn\u00e9tique professionnelle ou une coque magn\u00e9tique<br \/>\n\u00c9quipement compatible<br \/>\nCette station de recharge convient \u00e0 divers appareils Apple (pour iPhone s\u00e9rie 14\/13\/12 Macsafe \/11\/11 Pro\/11 Pro Max\/XS\/ XR \/ XS MAX \/ X\/8\/8Plus (peut charger sans fil les t\u00e9l\u00e9phones mobiles qi, les mod\u00e8les de montres uniquement Apple Watch Ulltra\/SE\/8\/7\/6\/5\/4\/3)<br \/>\nAvec lumi\u00e8re color\u00e9e RVB<br \/>\nChargeur Avec \u00e9clairage color\u00e9, vous pouvez contr\u00f4ler la lumi\u00e8re via le bouton pour allumer ou \u00e9teindre, pas seulement une charge sans fil multifonction, mais \u00e9galement une d\u00e9coration<br \/>\nFonction int\u00e9gr\u00e9e\/pliable<br \/>\nLe produit a une fonction de stockage et int\u00e9gr\u00e9e. Apr\u00e8s-utiliser, vous pouvez le magasin dans un tiroir ou un meuble. Il ne prend pas l&rsquo;espace<br \/>\nRadie non \u00e9lectronique<br \/>\nQuand vous repos, vous pouvez le mettre sur la table de chevet. Il n&rsquo;a pas de rayonnement \u00e9lectronique et peut \u00eatre utilis\u00e9 en toute s\u00e9curit\u00e9<\/p>","protected":false},"excerpt":{"rendered":"<p>Entr\u00e9e : 5V\/2A, 9V\/3A<br \/>\nsortie t\u00e9l\u00e9phonique: 15 W\/10 W\/7,5 W\/5 W<br \/>\nSortie casque : 5W<br \/>\nSortie de montre : 3W<br \/>\nDistance de charge : \u22648 mm<br \/>\nEfficacit\u00e9 de charge : \u226580%<br \/>\nPoids brut du produit : 273g (y compris la bo\u00eete de couleur)<\/p>","protected":false},"featured_media":7096,"comment_status":"open","ping_status":"closed","template":"","meta":{"event_title":"","event_details":"","event_timezone":"","event_gmap":"","event_image":"","event_image_url":"","event_calendar_link":"","event_location":"","event_datetime_with_summary":"","event_datetime":"","event_date_type":"","event_rulesummary":"","event_ticket_rsvp":"","_gspb_post_css":""},"product_brand":[],"product_cat":[94,85,84,91],"product_tag":[],"class_list":{"0":"post-7097","1":"product","2":"type-product","3":"status-publish","4":"has-post-thumbnail","6":"product_cat-chargeurs-smartwatch","7":"product_cat-chargeurs-telephone","8":"product_cat-smartphone","9":"product_cat-smartwatch","11":"first","12":"instock","13":"shipping-taxable","14":"purchasable","15":"product-type-simple"},"jetpack_sharing_enabled":true,"_links":{"self":[{"href":"https:\/\/espacetechnologie.ma\/ar\/wp-json\/wp\/v2\/product\/7097","targetHints":{"allow":["GET"]}}],"collection":[{"href":"https:\/\/espacetechnologie.ma\/ar\/wp-json\/wp\/v2\/product"}],"about":[{"href":"https:\/\/espacetechnologie.ma\/ar\/wp-json\/wp\/v2\/types\/product"}],"replies":[{"embeddable":true,"href":"https:\/\/espacetechnologie.ma\/ar\/wp-json\/wp\/v2\/comments?post=7097"}],"wp:featuredmedia":[{"embeddable":true,"href":"https:\/\/espacetechnologie.ma\/ar\/wp-json\/wp\/v2\/media\/7096"}],"wp:attachment":[{"href":"https:\/\/espacetechnologie.ma\/ar\/wp-json\/wp\/v2\/media?parent=7097"}],"wp:term":[{"taxonomy":"product_brand","embeddable":true,"href":"https:\/\/espacetechnologie.ma\/ar\/wp-json\/wp\/v2\/product_brand?post=7097"},{"taxonomy":"product_cat","embeddable":true,"href":"https:\/\/espacetechnologie.ma\/ar\/wp-json\/wp\/v2\/product_cat?post=7097"},{"taxonomy":"product_tag","embeddable":true,"href":"https:\/\/espacetechnologie.ma\/ar\/wp-json\/wp\/v2\/product_tag?post=7097"}],"curies":[{"name":"wp","href":"https:\/\/api.w.org\/{rel}","templated":true}]}}