{"id":7093,"date":"2025-07-09T06:46:59","date_gmt":"2025-07-09T05:46:59","guid":{"rendered":"https:\/\/espacetechnologie.ma\/product\/%d9%85%d9%88%d8%b2%d8%b9-%d9%81%d9%8a%d8%af%d9%8a%d9%88-1x4-hdmi-%d8%8c-%d9%85%d8%ad%d9%88%d9%84-%d9%81%d9%8a%d8%af%d9%8a%d9%88-%d8%8c-%d9%85%d8%b6%d8%ae%d9%85-%d8%b5%d9%88%d8%aa-%d9%84%d9%84%d8%aa\/"},"modified":"2025-08-02T15:16:01","modified_gmt":"2025-08-02T14:16:01","slug":"%d9%85%d9%88%d8%b2%d8%b9-%d9%81%d9%8a%d8%af%d9%8a%d9%88-1x4-hdmi-%d8%8c-%d9%85%d8%ad%d9%88%d9%84-%d9%81%d9%8a%d8%af%d9%8a%d9%88-%d8%8c-%d9%85%d8%b6%d8%ae%d9%85-%d8%b5%d9%88%d8%aa-%d9%84%d9%84%d8%aa","status":"publish","type":"product","link":"https:\/\/espacetechnologie.ma\/ar\/product\/%d9%85%d9%88%d8%b2%d8%b9-%d9%81%d9%8a%d8%af%d9%8a%d9%88-1x4-hdmi-%d8%8c-%d9%85%d8%ad%d9%88%d9%84-%d9%81%d9%8a%d8%af%d9%8a%d9%88-%d8%8c-%d9%85%d8%b6%d8%ae%d9%85-%d8%b5%d9%88%d8%aa-%d9%84%d9%84%d8%aa\/","title":{"rendered":"\u0645\u0648\u0632\u0639 \u0641\u064a\u062f\u064a\u0648 1&#215;4 HDMI \u060c \u0645\u062d\u0648\u0644 \u0641\u064a\u062f\u064a\u0648 \u060c \u0645\u0636\u062e\u0645 \u0635\u0648\u062a \u0644\u0644\u062a\u0644\u0641\u0632\u064a\u0648\u0646 \u060c \u0643\u0645\u0628\u064a\u0648\u062a\u0631 \u0645\u062d\u0645\u0648\u0644 \u060c \u062c\u0647\u0627\u0632 \u0639\u0631\u0636"},"content":{"rendered":"<p>Pr\u00e9sentation:<br \/>\n-Le r\u00e9partiteur prendra n&rsquo;importe quel signal HDMI et copiera le signal, envoyant le m\u00eame signal haute d\u00e9finition \u00e0 4 moniteurs (comme HDTV) tout en perdant 0 et en permettant la transmission de vid\u00e9o haute r\u00e9solution et audio num\u00e9rique jusqu&rsquo;\u00e0 4k x 2k<br \/>\nLe distributeur peut \u00e9galement r\u00e9g\u00e9n\u00e9rer le signal HDMI. Prend en charge jusqu&rsquo;\u00e0 50 pieds (15 m\u00e8tres) de longueur de c\u00e2ble standard AWG26 HDMI et jusqu&rsquo;\u00e0 82 pieds (25 m\u00e8tres) de longueur de c\u00e2ble AWG26 (jusqu&rsquo;\u00e0 40 pieds (12 m\u00e8tres) \u00c0 une r\u00e9solution de 4k et jusqu&rsquo;\u00e0 50 pieds<br \/>\nCompteur).<br \/>\n-Vous pouvez connecter n&rsquo;importe quelle source HDMI \u00e0 ce r\u00e9partiteur, comme votre lecteur Blu-ray, HD-DVD ou DVD; 2) PS3, Xbox360 ou Wii avec sortie HDMI; 3) ordinateur portable avec sortie HDMI ou ordinateur de bureau; 4) cam\u00e9ra vid\u00e9o HD; 5) bo\u00eetier HDTV<br \/>\n, Enregistreur vid\u00e9o haute d\u00e9finition<br \/>\n-Facile \u00e0 utiliser<br \/>\nCaract\u00e9ristiques:<br \/>\n> 1 signal d&rsquo;entr\u00e9e HDMI attribu\u00e9 \u00e0 4 appareils r\u00e9cepteurs HDMI avec une r\u00e9solution allant jusqu&rsquo;\u00e0 3840X2160 \/ 30Hz;<br \/>\n> Avec bo\u00eete en m\u00e9tal et connecteurs plaqu\u00e9s or 24K;<br \/>\n> En cascade, vous pouvez avoir plus de ports pour plus d&rsquo;appareils;<br \/>\n> Amplification du signal de soutien;<br \/>\n> Prend en charge fonc\u00e9 36bit;<br \/>\n> Performance Stable, perte de transmission de 0;<br \/>\n> Op\u00e9ration pr\u00eate \u00e0 l&#8217;emploi facile;<br \/>\n> Prise en charge vid\u00e9o 3D compl\u00e8te-tous les appareils connect\u00e9s \u00e0 la sortie du r\u00e9partiteur doivent prendre en charge la 3D;<br \/>\n> Compatible DVI via adaptateur HDMI vers DVI;<br \/>\n> La LED indique l&rsquo;utilisation du port;<br \/>\n> Prise en charge HDMI 1.4b;<\/p>\n<p>Paquet:<br \/>\n1 x r\u00e9partiteur HDMI 1&#215;4<br \/>\n1 x adaptateur secteur DC5V\/1A<br \/>\n1 x manuel d&rsquo;utilisation<\/p>","protected":false},"excerpt":{"rendered":"<p>> 1 signal d&rsquo;entr\u00e9e HDMI attribu\u00e9 \u00e0 4 appareils r\u00e9cepteurs HDMI avec une r\u00e9solution allant jusqu&rsquo;\u00e0 3840X2160 \/ 30Hz;<br \/>\n> Avec bo\u00eete en m\u00e9tal et connecteurs plaqu\u00e9s or 24K;<br \/>\n> En cascade, vous pouvez avoir plus de ports pour plus d&rsquo;appareils;<br \/>\n> Amplification du signal de soutien;<br \/>\n> Prend en charge fonc\u00e9 36bit;<br \/>\n> Performance Stable, perte de transmission de 0;<br \/>\n> Op\u00e9ration pr\u00eate \u00e0 l&#8217;emploi facile;<br \/>\n> Prise en charge vid\u00e9o 3D compl\u00e8te-tous les appareils connect\u00e9s \u00e0 la sortie du r\u00e9partiteur doivent prendre en charge la 3D;<br \/>\n> Compatible DVI via adaptateur HDMI vers DVI;<br \/>\n> La LED indique l&rsquo;utilisation du port;<br \/>\n> Prise en charge HDMI 1.4b;<\/p>","protected":false},"featured_media":7092,"comment_status":"open","ping_status":"closed","template":"","meta":{"event_title":"","event_details":"","event_timezone":"","event_gmap":"","event_image":"","event_image_url":"","event_calendar_link":"","event_location":"","event_datetime_with_summary":"","event_datetime":"","event_date_type":"","event_rulesummary":"","event_ticket_rsvp":"","_gspb_post_css":""},"product_brand":[],"product_cat":[125,101,96,123],"product_tag":[],"class_list":{"0":"post-7093","1":"product","2":"type-product","3":"status-publish","4":"has-post-thumbnail","6":"product_cat-autres-accessoires-tv","7":"product_cat-hubs-pc","8":"product_cat-pc","9":"product_cat-tv","11":"first","12":"instock","13":"sale","14":"shipping-taxable","15":"purchasable","16":"product-type-simple"},"jetpack_sharing_enabled":true,"_links":{"self":[{"href":"https:\/\/espacetechnologie.ma\/ar\/wp-json\/wp\/v2\/product\/7093","targetHints":{"allow":["GET"]}}],"collection":[{"href":"https:\/\/espacetechnologie.ma\/ar\/wp-json\/wp\/v2\/product"}],"about":[{"href":"https:\/\/espacetechnologie.ma\/ar\/wp-json\/wp\/v2\/types\/product"}],"replies":[{"embeddable":true,"href":"https:\/\/espacetechnologie.ma\/ar\/wp-json\/wp\/v2\/comments?post=7093"}],"wp:featuredmedia":[{"embeddable":true,"href":"https:\/\/espacetechnologie.ma\/ar\/wp-json\/wp\/v2\/media\/7092"}],"wp:attachment":[{"href":"https:\/\/espacetechnologie.ma\/ar\/wp-json\/wp\/v2\/media?parent=7093"}],"wp:term":[{"taxonomy":"product_brand","embeddable":true,"href":"https:\/\/espacetechnologie.ma\/ar\/wp-json\/wp\/v2\/product_brand?post=7093"},{"taxonomy":"product_cat","embeddable":true,"href":"https:\/\/espacetechnologie.ma\/ar\/wp-json\/wp\/v2\/product_cat?post=7093"},{"taxonomy":"product_tag","embeddable":true,"href":"https:\/\/espacetechnologie.ma\/ar\/wp-json\/wp\/v2\/product_tag?post=7093"}],"curies":[{"name":"wp","href":"https:\/\/api.w.org\/{rel}","templated":true}]}}