{"id":7080,"date":"2025-07-09T06:46:56","date_gmt":"2025-07-09T05:46:56","guid":{"rendered":"https:\/\/espacetechnologie.ma\/product\/cable-hdmi-8k-2-1-pour-series-x-ps5-ps4-ordinateurs-portables-chromebook-repartiteur-hdmi-5m\/"},"modified":"2025-08-02T14:59:14","modified_gmt":"2025-08-02T13:59:14","slug":"cable-hdmi-8k-2-1-pour-series-x-ps5-ps4-ordinateurs-portables-chromebook-repartiteur-hdmi-5m","status":"publish","type":"product","link":"https:\/\/espacetechnologie.ma\/ar\/product\/cable-hdmi-8k-2-1-pour-series-x-ps5-ps4-ordinateurs-portables-chromebook-repartiteur-hdmi-5m\/","title":{"rendered":"C\u00e2ble HDMI 8K 2.1, pour s\u00e9ries X, PS5, PS4, ordinateurs portables Chromebook, r\u00e9partiteur HDMI (5m)"},"content":{"rendered":"<p>C\u00e2ble HDMI 8K HDMI 2.1 fil pour Xiaomi Xbox s\u00e9ries X PS5 PS4 Chromebook ordinateurs portables 120Hz HDMI s\u00e9parateur c\u00e2ble num\u00e9rique 4K 3m 5m<br \/>\n>>>HDMI 2.1 C\u00e2ble<br \/>\nLe c\u00e2ble HDMI 8k supporte la r\u00e9solution sup\u00e9rieure de 8K\/60Hz FUHD, conforme \u00e0 la derni\u00e8re version test\u00e9e et certifi\u00e9e de HDMI 2.1, qui convient tr\u00e8s bien \u00e0 tous les appareils avec la norme HDMI 2.1, et est r\u00e9trocompatible avec les pr\u00e9c\u00e9dents HDMI 2.0, 1.4, 1.3, 1.2 et 1.1.<\/p>\n<p>>>> C\u00e2ble HDMI 8K @ 60Hz<br \/>\nSupporter 8K 50Hz, 4K 120Hz UHD, 4K 100Hz, et plus encore, le c\u00e2ble 8k HDMI 2.1 version offre une exp\u00e9rience cin\u00e9matographique Ultra HD et des effets visuels 3D, il est compatible avec vos appareils de streaming, Apple TV 4K, NVIDIA SHIELD TV, lecteurs CD\/DVD\/Blu-ray, Fire TV, Roku Ultra, PS5, PS4, PS3, Xbox One\/360, Nintendo Switch, ordinateurs ou autres appareils compatibles HDMI \u00e0 votre t\u00e9l\u00e9viseur 4K\/HD, moniteurs, \u00e9crans ou projecteurs.<\/p>\n<p>>>> 48Gbps Super haute vitesse<br \/>\nBande passante de 48Gbps pour les derni\u00e8res fonctionnalit\u00e9s HDR, HDCP 2.2 &#038; 2.3, DTS:X, Dolby Atmos, Dolby Vision. Supporter l&rsquo;affichage vid\u00e9o 3D, HDR dynamique, eARC, ALLM, QFT, QMS, VRR. Am\u00e9liorez les valeurs de chaque moment pour la profondeur, le d\u00e9tail, la luminosit\u00e9, profitez de l&rsquo;exp\u00e9rience ultime ultra haute d\u00e9finition du grand \u00e9cran.<\/p>\n<p>>>> Support HDR &#038; eARC dynamique<br \/>\nCe c\u00e2ble HDMI hdr 8k vous offre une image plus vive avec hdr dynamique, prenant en charge Dolby Vision HDR, HDR 10 +, etc. Il vous permet \u00e9galement de profiter d&rsquo;une fid\u00e9lit\u00e9 audio parfaite. Le canal de retour Audio am\u00e9lior\u00e9 permet l&rsquo;utilisation de formats de son surround bas\u00e9s sur des objets, tels que Dolby Atmos.<\/p>","protected":false},"excerpt":{"rendered":"<p>Stabilit\u00e9 de la transmission<br \/>\nMat\u00e9riaux de haute qualit\u00e9, sans perte de qualit\u00e9 de son et d&rsquo;image<br \/>\nPlusieurs couches de blindage et un connecteur plaqu\u00e9 or r\u00e9sistant \u00e0 la corrosion<br \/>\nLongueur 5m\u00e8tres<\/p>","protected":false},"featured_media":7079,"comment_status":"open","ping_status":"closed","template":"","meta":{"event_title":"","event_details":"","event_timezone":"","event_gmap":"","event_image":"","event_image_url":"","event_calendar_link":"","event_location":"","event_datetime_with_summary":"","event_datetime":"","event_date_type":"","event_rulesummary":"","event_ticket_rsvp":"","_gspb_post_css":""},"product_brand":[],"product_cat":[124,123],"product_tag":[],"class_list":{"0":"post-7080","1":"product","2":"type-product","3":"status-publish","4":"has-post-thumbnail","6":"product_cat-cables-tv","7":"product_cat-tv","9":"first","10":"instock","11":"sale","12":"shipping-taxable","13":"purchasable","14":"product-type-simple"},"jetpack_sharing_enabled":true,"_links":{"self":[{"href":"https:\/\/espacetechnologie.ma\/ar\/wp-json\/wp\/v2\/product\/7080","targetHints":{"allow":["GET"]}}],"collection":[{"href":"https:\/\/espacetechnologie.ma\/ar\/wp-json\/wp\/v2\/product"}],"about":[{"href":"https:\/\/espacetechnologie.ma\/ar\/wp-json\/wp\/v2\/types\/product"}],"replies":[{"embeddable":true,"href":"https:\/\/espacetechnologie.ma\/ar\/wp-json\/wp\/v2\/comments?post=7080"}],"wp:featuredmedia":[{"embeddable":true,"href":"https:\/\/espacetechnologie.ma\/ar\/wp-json\/wp\/v2\/media\/7079"}],"wp:attachment":[{"href":"https:\/\/espacetechnologie.ma\/ar\/wp-json\/wp\/v2\/media?parent=7080"}],"wp:term":[{"taxonomy":"product_brand","embeddable":true,"href":"https:\/\/espacetechnologie.ma\/ar\/wp-json\/wp\/v2\/product_brand?post=7080"},{"taxonomy":"product_cat","embeddable":true,"href":"https:\/\/espacetechnologie.ma\/ar\/wp-json\/wp\/v2\/product_cat?post=7080"},{"taxonomy":"product_tag","embeddable":true,"href":"https:\/\/espacetechnologie.ma\/ar\/wp-json\/wp\/v2\/product_tag?post=7080"}],"curies":[{"name":"wp","href":"https:\/\/api.w.org\/{rel}","templated":true}]}}