{"id":7073,"date":"2025-07-09T06:46:55","date_gmt":"2025-07-09T05:46:55","guid":{"rendered":"https:\/\/espacetechnologie.ma\/product\/ovleng-%d8%b3%d9%85%d8%a7%d8%b9%d8%a9-%d8%a7%d8%b0%d9%86\/"},"modified":"2025-08-04T06:34:31","modified_gmt":"2025-08-04T05:34:31","slug":"ovleng-%d8%b3%d9%85%d8%a7%d8%b9%d8%a9-%d8%a7%d8%b0%d9%86","status":"publish","type":"product","link":"https:\/\/espacetechnologie.ma\/ar\/product\/ovleng-%d8%b3%d9%85%d8%a7%d8%b9%d8%a9-%d8%a7%d8%b0%d9%86\/","title":{"rendered":"Ovleng \u0633\u0645\u0627\u0639\u0629 \u0627\u0630\u0646"},"content":{"rendered":"<p>La libert\u00e9<br \/>\nL\u00e9ger<br \/>\nBonne qualit\u00e9<br \/>\nClart\u00e9 de la voix<\/p>","protected":false},"excerpt":{"rendered":"<p>La libert\u00e9 L\u00e9ger Bonne qualit\u00e9 Clart\u00e9 de la voix<\/p>","protected":false},"featured_media":7072,"comment_status":"open","ping_status":"closed","template":"","meta":{"event_title":"","event_details":"","event_timezone":"","event_gmap":"","event_image":"","event_image_url":"","event_calendar_link":"","event_location":"","event_datetime_with_summary":"","event_datetime":"","event_date_type":"","event_rulesummary":"","event_ticket_rsvp":"","_gspb_post_css":""},"product_brand":[],"product_cat":[107,110,129],"product_tag":[],"class_list":{"0":"post-7073","1":"product","2":"type-product","3":"status-publish","4":"has-post-thumbnail","6":"product_cat-audio","7":"product_cat-casques","8":"product_cat-gaming","10":"first","11":"instock","12":"sale","13":"shipping-taxable","14":"purchasable","15":"product-type-variable"},"jetpack_sharing_enabled":true,"_links":{"self":[{"href":"https:\/\/espacetechnologie.ma\/ar\/wp-json\/wp\/v2\/product\/7073","targetHints":{"allow":["GET"]}}],"collection":[{"href":"https:\/\/espacetechnologie.ma\/ar\/wp-json\/wp\/v2\/product"}],"about":[{"href":"https:\/\/espacetechnologie.ma\/ar\/wp-json\/wp\/v2\/types\/product"}],"replies":[{"embeddable":true,"href":"https:\/\/espacetechnologie.ma\/ar\/wp-json\/wp\/v2\/comments?post=7073"}],"wp:featuredmedia":[{"embeddable":true,"href":"https:\/\/espacetechnologie.ma\/ar\/wp-json\/wp\/v2\/media\/7072"}],"wp:attachment":[{"href":"https:\/\/espacetechnologie.ma\/ar\/wp-json\/wp\/v2\/media?parent=7073"}],"wp:term":[{"taxonomy":"product_brand","embeddable":true,"href":"https:\/\/espacetechnologie.ma\/ar\/wp-json\/wp\/v2\/product_brand?post=7073"},{"taxonomy":"product_cat","embeddable":true,"href":"https:\/\/espacetechnologie.ma\/ar\/wp-json\/wp\/v2\/product_cat?post=7073"},{"taxonomy":"product_tag","embeddable":true,"href":"https:\/\/espacetechnologie.ma\/ar\/wp-json\/wp\/v2\/product_tag?post=7073"}],"curies":[{"name":"wp","href":"https:\/\/api.w.org\/{rel}","templated":true}]}}