{"id":7052,"date":"2025-07-09T06:46:51","date_gmt":"2025-07-09T05:46:51","guid":{"rendered":"https:\/\/espacetechnologie.ma\/product\/aula-pack-clavier-avec-souris-mecanique-gaming-aulat1200\/"},"modified":"2025-08-02T14:52:38","modified_gmt":"2025-08-02T13:52:38","slug":"aula-pack-clavier-avec-souris-mecanique-gaming-aulat1200","status":"publish","type":"product","link":"https:\/\/espacetechnologie.ma\/ar\/product\/aula-pack-clavier-avec-souris-mecanique-gaming-aulat1200\/","title":{"rendered":"Aula Pack Clavier Avec Souris M\u00e9canique Gaming AULAT1200"},"content":{"rendered":"<p>Type de Clavier : Clavier m\u00e9canique<br \/>\nNombre de Touches : 104, avec toutes les touches ind\u00e9pendantes (full-key no chong)<br \/>\nR\u00e9tro\u00e9clairage : 20 effets lumineux vari\u00e9s<br \/>\nConception : Design \u00e9pur\u00e9 avec une texture \u00e9l\u00e9gante, capuchons de touches bicolores moul\u00e9s une seule fois, ultra-r\u00e9sistants<br \/>\nInterrupteurs : Conception d&rsquo;arbre m\u00e9canique avec une dur\u00e9e de vie de 50 millions de frappes, course d&rsquo;activation de 2.0 mm<br \/>\nConnexion : USB filaire<\/p>","protected":false},"excerpt":{"rendered":"<p>Type de Clavier : Clavier m\u00e9canique Nombre de Touches : 104, avec toutes les touches ind\u00e9pendantes (full-key no chong) R\u00e9tro\u00e9clairage : 20 effets lumineux vari\u00e9s Conception : Design \u00e9pur\u00e9 avec une texture \u00e9l\u00e9gante, capuchons de touches bicolores moul\u00e9s une seule fois, ultra-r\u00e9sistants Interrupteurs : Conception d&rsquo;arbre m\u00e9canique avec une dur\u00e9e de vie de 50 millions [&hellip;]<\/p>\n","protected":false},"featured_media":7051,"comment_status":"open","ping_status":"closed","template":"","meta":{"event_title":"","event_details":"","event_timezone":"","event_gmap":"","event_image":"","event_image_url":"","event_calendar_link":"","event_location":"","event_datetime_with_summary":"","event_datetime":"","event_date_type":"","event_rulesummary":"","event_ticket_rsvp":"","_gspb_post_css":""},"product_brand":[],"product_cat":[129],"product_tag":[],"class_list":{"0":"post-7052","1":"product","2":"type-product","3":"status-publish","4":"has-post-thumbnail","6":"product_cat-gaming","8":"first","9":"instock","10":"sale","11":"shipping-taxable","12":"purchasable","13":"product-type-simple"},"jetpack_sharing_enabled":true,"_links":{"self":[{"href":"https:\/\/espacetechnologie.ma\/ar\/wp-json\/wp\/v2\/product\/7052","targetHints":{"allow":["GET"]}}],"collection":[{"href":"https:\/\/espacetechnologie.ma\/ar\/wp-json\/wp\/v2\/product"}],"about":[{"href":"https:\/\/espacetechnologie.ma\/ar\/wp-json\/wp\/v2\/types\/product"}],"replies":[{"embeddable":true,"href":"https:\/\/espacetechnologie.ma\/ar\/wp-json\/wp\/v2\/comments?post=7052"}],"wp:featuredmedia":[{"embeddable":true,"href":"https:\/\/espacetechnologie.ma\/ar\/wp-json\/wp\/v2\/media\/7051"}],"wp:attachment":[{"href":"https:\/\/espacetechnologie.ma\/ar\/wp-json\/wp\/v2\/media?parent=7052"}],"wp:term":[{"taxonomy":"product_brand","embeddable":true,"href":"https:\/\/espacetechnologie.ma\/ar\/wp-json\/wp\/v2\/product_brand?post=7052"},{"taxonomy":"product_cat","embeddable":true,"href":"https:\/\/espacetechnologie.ma\/ar\/wp-json\/wp\/v2\/product_cat?post=7052"},{"taxonomy":"product_tag","embeddable":true,"href":"https:\/\/espacetechnologie.ma\/ar\/wp-json\/wp\/v2\/product_tag?post=7052"}],"curies":[{"name":"wp","href":"https:\/\/api.w.org\/{rel}","templated":true}]}}