{"id":7048,"date":"2025-07-09T06:46:50","date_gmt":"2025-07-09T05:46:50","guid":{"rendered":"https:\/\/espacetechnologie.ma\/product\/ovleng-casque-gamer-filaire-son-7-1-surround-gaming-heaphones\/"},"modified":"2025-08-02T15:46:09","modified_gmt":"2025-08-02T14:46:09","slug":"ovleng-casque-gamer-filaire-son-7-1-surround-gaming-heaphones","status":"publish","type":"product","link":"https:\/\/espacetechnologie.ma\/ar\/product\/ovleng-casque-gamer-filaire-son-7-1-surround-gaming-heaphones\/","title":{"rendered":"Ovleng Casque Gamer Filaire Son 7.1 Surround Gaming heaphones"},"content":{"rendered":"<p>Mod\u00e8le: OVLENG GT-84<br \/>\ncasque de jeu Ovleng<br \/>\nDiam\u00e8tre de Driver: 40mm<br \/>\nImp\u00e9dance: 32oh<br \/>\nSensibilit\u00e9 de: 105dB +\/- 3dB<br \/>\n1KHzGamme de fr\u00e9quences: 15Hz<\/p>","protected":false},"excerpt":{"rendered":"<p>Mod\u00e8le: OVLENG GT-84 casque de jeu Ovleng Diam\u00e8tre de Driver: 40mm Imp\u00e9dance: 32oh Sensibilit\u00e9 de: 105dB +\/- 3dB 1KHzGamme de fr\u00e9quences: 15Hz<\/p>","protected":false},"featured_media":7047,"comment_status":"open","ping_status":"closed","template":"","meta":{"event_title":"","event_details":"","event_timezone":"","event_gmap":"","event_image":"","event_image_url":"","event_calendar_link":"","event_location":"","event_datetime_with_summary":"","event_datetime":"","event_date_type":"","event_rulesummary":"","event_ticket_rsvp":"","_gspb_post_css":""},"product_brand":[],"product_cat":[107,110,129],"product_tag":[],"class_list":{"0":"post-7048","1":"product","2":"type-product","3":"status-publish","4":"has-post-thumbnail","6":"product_cat-audio","7":"product_cat-casques","8":"product_cat-gaming","10":"first","11":"instock","12":"sale","13":"shipping-taxable","14":"purchasable","15":"product-type-simple"},"jetpack_sharing_enabled":true,"_links":{"self":[{"href":"https:\/\/espacetechnologie.ma\/ar\/wp-json\/wp\/v2\/product\/7048","targetHints":{"allow":["GET"]}}],"collection":[{"href":"https:\/\/espacetechnologie.ma\/ar\/wp-json\/wp\/v2\/product"}],"about":[{"href":"https:\/\/espacetechnologie.ma\/ar\/wp-json\/wp\/v2\/types\/product"}],"replies":[{"embeddable":true,"href":"https:\/\/espacetechnologie.ma\/ar\/wp-json\/wp\/v2\/comments?post=7048"}],"wp:featuredmedia":[{"embeddable":true,"href":"https:\/\/espacetechnologie.ma\/ar\/wp-json\/wp\/v2\/media\/7047"}],"wp:attachment":[{"href":"https:\/\/espacetechnologie.ma\/ar\/wp-json\/wp\/v2\/media?parent=7048"}],"wp:term":[{"taxonomy":"product_brand","embeddable":true,"href":"https:\/\/espacetechnologie.ma\/ar\/wp-json\/wp\/v2\/product_brand?post=7048"},{"taxonomy":"product_cat","embeddable":true,"href":"https:\/\/espacetechnologie.ma\/ar\/wp-json\/wp\/v2\/product_cat?post=7048"},{"taxonomy":"product_tag","embeddable":true,"href":"https:\/\/espacetechnologie.ma\/ar\/wp-json\/wp\/v2\/product_tag?post=7048"}],"curies":[{"name":"wp","href":"https:\/\/api.w.org\/{rel}","templated":true}]}}