{"id":7024,"date":"2025-07-09T06:46:46","date_gmt":"2025-07-09T05:46:46","guid":{"rendered":"https:\/\/espacetechnologie.ma\/product\/sh-3200-dpi-reglables-et-7d-led-optique-souris-de-jeu-filaire-usb-pour-gamer-pc-semi-mecanique\/"},"modified":"2025-08-03T07:25:48","modified_gmt":"2025-08-03T06:25:48","slug":"sh-3200-dpi-reglables-et-7d-led-optique-souris-de-jeu-filaire-usb-pour-gamer-pc-semi-mecanique","status":"publish","type":"product","link":"https:\/\/espacetechnologie.ma\/ar\/product\/sh-3200-dpi-reglables-et-7d-led-optique-souris-de-jeu-filaire-usb-pour-gamer-pc-semi-mecanique\/","title":{"rendered":"SH 3200 DPI r\u00e9glables et 7D LED Optique Souris de jeu filaire USB pour Gamer PC, semi m\u00e9canique"},"content":{"rendered":"<p>Syst\u00e8me de suivi: Optique<br \/>\nTension nominale\/courant \u00e9lectrique: DC 5 V\/100mA<br \/>\nConnexion: Filaire<br \/>\nLongueur du c\u00e2ble: env. 145 cm<br \/>\nPort: USB 2.0<br \/>\nDPI: 1200\/1600\/2400\/3200\/5500 DPI<br \/>\nDur\u00e9e de vie du commutateur: 10 millions de cycle<br \/>\nBoutons: gauche, droite, molette de d\u00e9filement, DPI, touche de feu, avance, retraite<br \/>\nEffet de la lumi\u00e8re: color\u00e9<br \/>\nSyst\u00e8me de Support: Windows 7\/8\/2000\/XP\/Vista Mac OS ou dernier<br \/>\nTaille de l&rsquo;article: 13*8.5*4 cm\/5.11*3.34 * 1.57in (L * W * H)<br \/>\nPoids de l&rsquo;article: 122g\/4.3 oz<\/p>","protected":false},"excerpt":{"rendered":"<p>3200 DPI r\u00e9glables et 7D LED Optique Souris de jeu filaire USB pour Gamer PC<br \/>\n-Total 7 couleurs vives montrant dans les virages, vous donnant un effet visuel color\u00e9.<br \/>\n-Connectivit\u00e9 intelligente, plug and play.<br \/>\n-Longue dur\u00e9e de vie jusqu&rsquo;\u00e0 10 millions.<br \/>\n-R\u00e9glable 1200\/1600\/2400\/3200\/5500 DPI.<br \/>\n-Convient aux joueurs haut de gamme, aux joueurs professionnels du jeu.<br \/>\n-Design ergonomique, toucher confortable, utilisation \u00e0 long terme sans fatigue.<\/p>","protected":false},"featured_media":7023,"comment_status":"open","ping_status":"closed","template":"","meta":{"event_title":"","event_details":"","event_timezone":"","event_gmap":"","event_image":"","event_image_url":"","event_calendar_link":"","event_location":"","event_datetime_with_summary":"","event_datetime":"","event_date_type":"","event_rulesummary":"","event_ticket_rsvp":"","_gspb_post_css":""},"product_brand":[],"product_cat":[100,129,96],"product_tag":[],"class_list":{"0":"post-7024","1":"product","2":"type-product","3":"status-publish","4":"has-post-thumbnail","6":"product_cat-claviers-et-souris","7":"product_cat-gaming","8":"product_cat-pc","10":"first","11":"instock","12":"sale","13":"shipping-taxable","14":"purchasable","15":"product-type-simple"},"jetpack_sharing_enabled":true,"_links":{"self":[{"href":"https:\/\/espacetechnologie.ma\/ar\/wp-json\/wp\/v2\/product\/7024","targetHints":{"allow":["GET"]}}],"collection":[{"href":"https:\/\/espacetechnologie.ma\/ar\/wp-json\/wp\/v2\/product"}],"about":[{"href":"https:\/\/espacetechnologie.ma\/ar\/wp-json\/wp\/v2\/types\/product"}],"replies":[{"embeddable":true,"href":"https:\/\/espacetechnologie.ma\/ar\/wp-json\/wp\/v2\/comments?post=7024"}],"wp:featuredmedia":[{"embeddable":true,"href":"https:\/\/espacetechnologie.ma\/ar\/wp-json\/wp\/v2\/media\/7023"}],"wp:attachment":[{"href":"https:\/\/espacetechnologie.ma\/ar\/wp-json\/wp\/v2\/media?parent=7024"}],"wp:term":[{"taxonomy":"product_brand","embeddable":true,"href":"https:\/\/espacetechnologie.ma\/ar\/wp-json\/wp\/v2\/product_brand?post=7024"},{"taxonomy":"product_cat","embeddable":true,"href":"https:\/\/espacetechnologie.ma\/ar\/wp-json\/wp\/v2\/product_cat?post=7024"},{"taxonomy":"product_tag","embeddable":true,"href":"https:\/\/espacetechnologie.ma\/ar\/wp-json\/wp\/v2\/product_tag?post=7024"}],"curies":[{"name":"wp","href":"https:\/\/api.w.org\/{rel}","templated":true}]}}