{"id":6996,"date":"2025-07-09T06:46:40","date_gmt":"2025-07-09T05:46:40","guid":{"rendered":"https:\/\/espacetechnologie.ma\/product\/support-universel-de-telephone-portable-en-alliage-daluminium\/"},"modified":"2025-08-03T07:42:15","modified_gmt":"2025-08-03T06:42:15","slug":"support-universel-de-telephone-portable-en-alliage-daluminium","status":"publish","type":"product","link":"https:\/\/espacetechnologie.ma\/ar\/product\/support-universel-de-telephone-portable-en-alliage-daluminium\/","title":{"rendered":"Support universel de t\u00e9l\u00e9phone portable en alliage d&rsquo;aluminium"},"content":{"rendered":"<p>Nom du produit: support de t\u00e9l\u00e9phone portable multifonction<br \/>\nMat\u00e9riau: alliage d&rsquo;aluminium + ABS + silicone<br \/>\nCompatible: universel la plupart des smartphones<br \/>\nTaille du t\u00e9l\u00e9phone adapt\u00e9e: 4.5-10CM (largeur)<br \/>\nCouleur: rose\/noir\/jaune\/gris<br \/>\nTaille du produit: environ 22cm * 10cm * 5.7cm<br \/>\nLongueur \u00e9tendue: 190mm-500mm<br \/>\nApplication: bureau, voiture, mur, etc.<\/p>","protected":false},"excerpt":{"rendered":"<p>Nom du produit: support de t\u00e9l\u00e9phone portable multifonction Mat\u00e9riau: alliage d&rsquo;aluminium + ABS + silicone Compatible: universel la plupart des smartphones Taille du t\u00e9l\u00e9phone adapt\u00e9e: 4.5-10CM (largeur) Couleur: rose\/noir\/jaune\/gris Taille du produit: environ 22cm * 10cm * 5.7cm Longueur \u00e9tendue: 190mm-500mm Application: bureau, voiture, mur, etc.<\/p>","protected":false},"featured_media":6995,"comment_status":"open","ping_status":"closed","template":"","meta":{"event_title":"","event_details":"","event_timezone":"","event_gmap":"","event_image":"","event_image_url":"","event_calendar_link":"","event_location":"","event_datetime_with_summary":"","event_datetime":"","event_date_type":"","event_rulesummary":"","event_ticket_rsvp":"","_gspb_post_css":""},"product_brand":[],"product_cat":[90,84],"product_tag":[],"class_list":{"0":"post-6996","1":"product","2":"type-product","3":"status-publish","4":"has-post-thumbnail","6":"product_cat-autres-accessoires-smartphone","7":"product_cat-smartphone","9":"first","10":"instock","11":"sale","12":"shipping-taxable","13":"purchasable","14":"product-type-simple"},"jetpack_sharing_enabled":true,"_links":{"self":[{"href":"https:\/\/espacetechnologie.ma\/ar\/wp-json\/wp\/v2\/product\/6996","targetHints":{"allow":["GET"]}}],"collection":[{"href":"https:\/\/espacetechnologie.ma\/ar\/wp-json\/wp\/v2\/product"}],"about":[{"href":"https:\/\/espacetechnologie.ma\/ar\/wp-json\/wp\/v2\/types\/product"}],"replies":[{"embeddable":true,"href":"https:\/\/espacetechnologie.ma\/ar\/wp-json\/wp\/v2\/comments?post=6996"}],"wp:featuredmedia":[{"embeddable":true,"href":"https:\/\/espacetechnologie.ma\/ar\/wp-json\/wp\/v2\/media\/6995"}],"wp:attachment":[{"href":"https:\/\/espacetechnologie.ma\/ar\/wp-json\/wp\/v2\/media?parent=6996"}],"wp:term":[{"taxonomy":"product_brand","embeddable":true,"href":"https:\/\/espacetechnologie.ma\/ar\/wp-json\/wp\/v2\/product_brand?post=6996"},{"taxonomy":"product_cat","embeddable":true,"href":"https:\/\/espacetechnologie.ma\/ar\/wp-json\/wp\/v2\/product_cat?post=6996"},{"taxonomy":"product_tag","embeddable":true,"href":"https:\/\/espacetechnologie.ma\/ar\/wp-json\/wp\/v2\/product_tag?post=6996"}],"curies":[{"name":"wp","href":"https:\/\/api.w.org\/{rel}","templated":true}]}}