{"id":6980,"date":"2025-07-09T06:46:37","date_gmt":"2025-07-09T05:46:37","guid":{"rendered":"https:\/\/espacetechnologie.ma\/product\/microphone-lavalier-pour-port-lightning-iphone-longueur-15-m\/"},"modified":"2025-08-03T07:10:02","modified_gmt":"2025-08-03T06:10:02","slug":"microphone-lavalier-pour-port-lightning-iphone-longueur-15-m","status":"publish","type":"product","link":"https:\/\/espacetechnologie.ma\/ar\/product\/microphone-lavalier-pour-port-lightning-iphone-longueur-15-m\/","title":{"rendered":"Microphone Lavalier pour port lightning (iphone) &#8211; longueur 1,5 m"},"content":{"rendered":"<p>sp\u00e9cification<br \/>\nTransducteur: condensateur \u00e9lectret<br \/>\nDiagramme polaire: omnidirectionnel<br \/>\nGamme de fr\u00e9quences: 20Hz-16KHz<br \/>\nSignal \/ bruit: moins de 58 dB<br \/>\nSensibilit\u00e9: -34 +\/- 2dB<br \/>\nConnecteur: lightning<br \/>\nLongueur du c\u00e2ble: 1,5 m (59<br \/>\nPoids: 25g<\/p>","protected":false},"excerpt":{"rendered":"<p>sp\u00e9cification Transducteur: condensateur \u00e9lectret Diagramme polaire: omnidirectionnel Gamme de fr\u00e9quences: 20Hz-16KHz Signal \/ bruit: moins de 58 dB Sensibilit\u00e9: -34 +\/- 2dB Connecteur: lightning Longueur du c\u00e2ble: 1,5 m (59 Poids: 25g<\/p>","protected":false},"featured_media":6979,"comment_status":"open","ping_status":"closed","template":"","meta":{"event_title":"","event_details":"","event_timezone":"","event_gmap":"","event_image":"","event_image_url":"","event_calendar_link":"","event_location":"","event_datetime_with_summary":"","event_datetime":"","event_date_type":"","event_rulesummary":"","event_ticket_rsvp":"","_gspb_post_css":""},"product_brand":[],"product_cat":[107,111],"product_tag":[],"class_list":{"0":"post-6980","1":"product","2":"type-product","3":"status-publish","4":"has-post-thumbnail","6":"product_cat-audio","7":"product_cat-microphones","9":"first","10":"instock","11":"sale","12":"shipping-taxable","13":"purchasable","14":"product-type-simple"},"jetpack_sharing_enabled":true,"_links":{"self":[{"href":"https:\/\/espacetechnologie.ma\/ar\/wp-json\/wp\/v2\/product\/6980","targetHints":{"allow":["GET"]}}],"collection":[{"href":"https:\/\/espacetechnologie.ma\/ar\/wp-json\/wp\/v2\/product"}],"about":[{"href":"https:\/\/espacetechnologie.ma\/ar\/wp-json\/wp\/v2\/types\/product"}],"replies":[{"embeddable":true,"href":"https:\/\/espacetechnologie.ma\/ar\/wp-json\/wp\/v2\/comments?post=6980"}],"wp:featuredmedia":[{"embeddable":true,"href":"https:\/\/espacetechnologie.ma\/ar\/wp-json\/wp\/v2\/media\/6979"}],"wp:attachment":[{"href":"https:\/\/espacetechnologie.ma\/ar\/wp-json\/wp\/v2\/media?parent=6980"}],"wp:term":[{"taxonomy":"product_brand","embeddable":true,"href":"https:\/\/espacetechnologie.ma\/ar\/wp-json\/wp\/v2\/product_brand?post=6980"},{"taxonomy":"product_cat","embeddable":true,"href":"https:\/\/espacetechnologie.ma\/ar\/wp-json\/wp\/v2\/product_cat?post=6980"},{"taxonomy":"product_tag","embeddable":true,"href":"https:\/\/espacetechnologie.ma\/ar\/wp-json\/wp\/v2\/product_tag?post=6980"}],"curies":[{"name":"wp","href":"https:\/\/api.w.org\/{rel}","templated":true}]}}