{"id":6966,"date":"2025-07-09T06:46:34","date_gmt":"2025-07-09T05:46:34","guid":{"rendered":"https:\/\/espacetechnologie.ma\/product\/puluz-ceinture-de-sangle-en-mousse-de-decompression-pour-appareils-photo-2\/"},"modified":"2025-08-02T16:05:40","modified_gmt":"2025-08-02T15:05:40","slug":"puluz-ceinture-de-sangle-en-mousse-de-decompression-pour-appareils-photo-2","status":"publish","type":"product","link":"https:\/\/espacetechnologie.ma\/ar\/product\/puluz-ceinture-de-sangle-en-mousse-de-decompression-pour-appareils-photo-2\/","title":{"rendered":"Puluz Ceinture de sangle en mousse de d\u00e9compression pour appareils photo"},"content":{"rendered":"<p>Mat\u00e9riau en nylon de haute qualit\u00e9, extr\u00eamement durable.<br \/>\nMousse d&rsquo;\u00e9paule de d\u00e9compression rembourr\u00e9e douce et respirante \u00e9largissant la construction de l&rsquo;\u00e9paule r\u00e9duit la sensation de charge.<br \/>\nR\u00e9partit uniform\u00e9ment le poids total du DSLR sur votre \u00e9paule.<br \/>\nLivr\u00e9 avec 2 plaques de fixation rapide en m\u00e9tal multi-usages qui relient solidement votre appareil photo et la sangle.<br \/>\nLe pare-chocs et la boucle sur la sangle emp\u00eachent l&rsquo;appareil photo de se retourner.<br \/>\nAvec une vis standard de 1\/4 pouces, la plupart des appareils photo reflex num\u00e9riques peuvent \u00eatre compatibles.<br \/>\nVous permet de transporter 2 cam\u00e9ras en m\u00eame temps et de basculer rapidement entre elles.<br \/>\nVous permet d&rsquo;atteindre rapidement votre appareil photo et de prendre des photos \u00e0 la rigueur pendant que l&rsquo;\u00e9paule reste dans la m\u00eame position.<\/p>","protected":false},"excerpt":{"rendered":"<p>Description de l&rsquo;article<br \/>\nLib\u00e9rer la ceinture de sangle en mousse de d\u00e9compression \u00e0 double \u00e9paule pour appareils photo num\u00e9riques DSLR<\/p>","protected":false},"featured_media":6965,"comment_status":"open","ping_status":"closed","template":"","meta":{"event_title":"","event_details":"","event_timezone":"","event_gmap":"","event_image":"","event_image_url":"","event_calendar_link":"","event_location":"","event_datetime_with_summary":"","event_datetime":"","event_date_type":"","event_rulesummary":"","event_ticket_rsvp":"","_gspb_post_css":""},"product_brand":[],"product_cat":[119,82,116],"product_tag":[],"class_list":{"0":"post-6966","1":"product","2":"type-product","3":"status-publish","4":"has-post-thumbnail","6":"product_cat-accessoires-studio","7":"product_cat-gadgets","8":"product_cat-studio","10":"first","11":"instock","12":"sale","13":"shipping-taxable","14":"purchasable","15":"product-type-simple"},"jetpack_sharing_enabled":true,"_links":{"self":[{"href":"https:\/\/espacetechnologie.ma\/ar\/wp-json\/wp\/v2\/product\/6966","targetHints":{"allow":["GET"]}}],"collection":[{"href":"https:\/\/espacetechnologie.ma\/ar\/wp-json\/wp\/v2\/product"}],"about":[{"href":"https:\/\/espacetechnologie.ma\/ar\/wp-json\/wp\/v2\/types\/product"}],"replies":[{"embeddable":true,"href":"https:\/\/espacetechnologie.ma\/ar\/wp-json\/wp\/v2\/comments?post=6966"}],"wp:featuredmedia":[{"embeddable":true,"href":"https:\/\/espacetechnologie.ma\/ar\/wp-json\/wp\/v2\/media\/6965"}],"wp:attachment":[{"href":"https:\/\/espacetechnologie.ma\/ar\/wp-json\/wp\/v2\/media?parent=6966"}],"wp:term":[{"taxonomy":"product_brand","embeddable":true,"href":"https:\/\/espacetechnologie.ma\/ar\/wp-json\/wp\/v2\/product_brand?post=6966"},{"taxonomy":"product_cat","embeddable":true,"href":"https:\/\/espacetechnologie.ma\/ar\/wp-json\/wp\/v2\/product_cat?post=6966"},{"taxonomy":"product_tag","embeddable":true,"href":"https:\/\/espacetechnologie.ma\/ar\/wp-json\/wp\/v2\/product_tag?post=6966"}],"curies":[{"name":"wp","href":"https:\/\/api.w.org\/{rel}","templated":true}]}}