{"id":6959,"date":"2025-07-09T06:46:33","date_gmt":"2025-07-09T05:46:33","guid":{"rendered":"https:\/\/espacetechnologie.ma\/product\/microphone-dordinateur-usb\/"},"modified":"2025-08-02T15:17:09","modified_gmt":"2025-08-02T14:17:09","slug":"microphone-dordinateur-usb","status":"publish","type":"product","link":"https:\/\/espacetechnologie.ma\/ar\/product\/microphone-dordinateur-usb\/","title":{"rendered":"Microphone d&rsquo;ordinateur USB"},"content":{"rendered":"<p>\u2022 \u00c9tat: 100% neuf<br \/>\n\u2022 Mat\u00e9riel: ABS<br \/>\n\u2022 Couleur: Noir<br \/>\n\u2022 Taille: Env. 25.5 cm (pleine longueur)<br \/>\n8 cm (diam\u00e8tre du socle)<br \/>\n1.5 cm (diam\u00e8tre du Microphone)<br \/>\n1.2 m (longueur de ligne)<br \/>\n\u2022 Nom du produit: Microphone \u00a0 \u00a0 \u00a0 \u00a0 \u00a0 \u00a0 \u00a0 \u00a0 d&rsquo;ordinateur portable de Microphone \u00a0 \u00a0 d&rsquo;usb<br \/>\n\u2022 Micro Pointant: Omnidirectionnel<br \/>\n\u2022 Imp\u00e9dance: 2.2K\u03a9<br \/>\n\u2022 Sensibilit\u00e9: -58dB +-3dB<br \/>\n\u2022 R\u00e9ponse en fr\u00e9quence: 30Hz- \u00a0 \u00a0 \u00a0 \u00a0 \u00a0 \u00a0 \u00a0 16.000Hz<br \/>\nTension de fonctionnement: 3V<br \/>\n\u2022 Prise: 3.5mm<br \/>\n\u2022 Caract\u00e9ristiques du produit: Rotation \u00a0 \u00a0 de 360 degr\u00e9s\/col de cygne en \u00a0 \u00a0 \u00a0 \u00a0 \u00a0 \u00a0 \u00a0 m\u00e9tal\/conception de commutateur \u00a0 \u00a0 \u00a0 \u00a0 ind\u00e9pendante.<br \/>\n\u2022 Poids: Env. 149g<\/p>","protected":false},"excerpt":{"rendered":"<p>Ext\u00e9rieur noir int\u00e9gr\u00e9, torse m\u00e9tallique incurv\u00e9 et droit. Bo\u00eetier en plastique solide du nez, r\u00e9sistant. Utilisation de la technologie d&rsquo;\u00e9limination du bruit de fond, absorption sonore omnidirectionnelle. Socle antid\u00e9rapant robuste qui ne se d\u00e9charge pas \u00e0 volont\u00e9. Prise USB, plug and play, sans lecteur. Avec interrupteur \u00e0 cl\u00e9 ind\u00e9pendant, pratique et pratique. Chat vid\u00e9o, grandes conf\u00e9rences, conf\u00e9rences, enregistrement professionnel, \u00e9ducation \u00e0 distance, etc.<\/p>\n<p>Caract\u00e9ristiques:<br \/>\n1. Ramasser le son en place, qualit\u00e9 du son claire.<br \/>\n2. Torse en m\u00e9tal, courb\u00e9 ou droit.<br \/>\n3. Bo\u00eetier en plastique solide de la t\u00eate du microphone, protection efficace de la t\u00eate du microphone.<br \/>\n4. Utilisation de la technologie d&rsquo;\u00e9limination du bruit de fond, absorption sonore omnidirectionnelle.<br \/>\n5. base antid\u00e9rapante robuste qui ne se d\u00e9charge pas \u00e0 volont\u00e9.<br \/>\n6. Prise USB, prise et jeu.<br \/>\n7. Avec interrupteur \u00e0 cl\u00e9 ind\u00e9pendant, pratique et pratique.<br \/>\n8. Champ d&rsquo;application: karaok\u00e9 sur Internet, chat vid\u00e9o, grandes conf\u00e9rences, conf\u00e9rences en classe, enregistrement professionnel, enseignement \u00e0 distance, etc.<\/p>\n<p>Sp\u00e9cification:<br \/>\n\u00c9tat: 100% neuf<br \/>\nMat\u00e9riel: ABS<br \/>\nCouleur: Noir<br \/>\nTaille: Env. 25.5 cm (pleine longueur)<br \/>\n8 cm (diam\u00e8tre du socle)<br \/>\n1.5 cm (diam\u00e8tre du Microphone)<br \/>\n1.2 m (longueur de ligne)<br \/>\nNom du produit: Microphone d&rsquo;ordinateur portable de Microphone d&rsquo;usb<br \/>\nMicro Pointant: Omnidirectionnel<br \/>\nImp\u00e9dance: 2.2K\u03a9<br \/>\nSensibilit\u00e9: -58dB +-3dB<br \/>\nR\u00e9ponse en fr\u00e9quence: 30Hz-16.000Hz<br \/>\nTension de fonctionnement: 3V<br \/>\nPrise: 3.5mm<br \/>\nCaract\u00e9ristiques du produit: Rotation de 360 degr\u00e9s\/col de cygne en m\u00e9tal\/conception de commutateur ind\u00e9pendante<br \/>\nPoids: Env. 149g<\/p>\n<p>Liste de paquet:<br \/>\n1 * Microphone<\/p>\n<p>Note:<br \/>\n1. Veuillez permettre une erreur de 1-3 cm en raison de la mesure manuelle. Merci de votre compr\u00e9hension.<br \/>\n2. Les moniteurs ne sont pas calibr\u00e9s de la m\u00eame fa\u00e7on, la couleur de l&rsquo;article affich\u00e9e sur les photos peut \u00eatre l\u00e9g\u00e8rement diff\u00e9rente de l&rsquo;objet r\u00e9el. Veuillez prendre le vrai comme standard.<\/p>","protected":false},"featured_media":6958,"comment_status":"open","ping_status":"closed","template":"","meta":{"event_title":"","event_details":"","event_timezone":"","event_gmap":"","event_image":"","event_image_url":"","event_calendar_link":"","event_location":"","event_datetime_with_summary":"","event_datetime":"","event_date_type":"","event_rulesummary":"","event_ticket_rsvp":"","_gspb_post_css":""},"product_brand":[],"product_cat":[107,102,111,96],"product_tag":[],"class_list":{"0":"post-6959","1":"product","2":"type-product","3":"status-publish","4":"has-post-thumbnail","6":"product_cat-audio","7":"product_cat-autres-accessoires-pc","8":"product_cat-microphones","9":"product_cat-pc","11":"first","12":"instock","13":"shipping-taxable","14":"purchasable","15":"product-type-simple"},"jetpack_sharing_enabled":true,"_links":{"self":[{"href":"https:\/\/espacetechnologie.ma\/ar\/wp-json\/wp\/v2\/product\/6959","targetHints":{"allow":["GET"]}}],"collection":[{"href":"https:\/\/espacetechnologie.ma\/ar\/wp-json\/wp\/v2\/product"}],"about":[{"href":"https:\/\/espacetechnologie.ma\/ar\/wp-json\/wp\/v2\/types\/product"}],"replies":[{"embeddable":true,"href":"https:\/\/espacetechnologie.ma\/ar\/wp-json\/wp\/v2\/comments?post=6959"}],"wp:featuredmedia":[{"embeddable":true,"href":"https:\/\/espacetechnologie.ma\/ar\/wp-json\/wp\/v2\/media\/6958"}],"wp:attachment":[{"href":"https:\/\/espacetechnologie.ma\/ar\/wp-json\/wp\/v2\/media?parent=6959"}],"wp:term":[{"taxonomy":"product_brand","embeddable":true,"href":"https:\/\/espacetechnologie.ma\/ar\/wp-json\/wp\/v2\/product_brand?post=6959"},{"taxonomy":"product_cat","embeddable":true,"href":"https:\/\/espacetechnologie.ma\/ar\/wp-json\/wp\/v2\/product_cat?post=6959"},{"taxonomy":"product_tag","embeddable":true,"href":"https:\/\/espacetechnologie.ma\/ar\/wp-json\/wp\/v2\/product_tag?post=6959"}],"curies":[{"name":"wp","href":"https:\/\/api.w.org\/{rel}","templated":true}]}}