{"id":6957,"date":"2025-07-09T06:46:33","date_gmt":"2025-07-09T05:46:33","guid":{"rendered":"https:\/\/espacetechnologie.ma\/product\/sh-gk-470-pack-gaming-4-en-1-casque-souris-clavier-tapis-souris\/"},"modified":"2025-08-02T14:41:13","modified_gmt":"2025-08-02T13:41:13","slug":"sh-gk-470-pack-gaming-4-en-1-casque-souris-clavier-tapis-souris","status":"publish","type":"product","link":"https:\/\/espacetechnologie.ma\/ar\/product\/sh-gk-470-pack-gaming-4-en-1-casque-souris-clavier-tapis-souris\/","title":{"rendered":"SH GK-470 Pack gaming 4 en 1 Casque + Souris + Clavier + Tapis Souris"},"content":{"rendered":"<p>\u0644\u0648\u062d\u0629 \u0645\u0641\u0627\u062a\u064a\u062d \u0639\u0627\u0644\u064a\u0629 \u0627\u0644\u0623\u062f\u0627\u0621 + \u0625\u0636\u0627\u0621\u0629 \u062e\u0644\u0641\u064a\u0629<br \/>\n\u062d\u0632\u0645\u0629 \u0623\u0644\u0639\u0627\u0628 4 \u0641\u064a 1 \u0645\u062b\u0627\u0644\u064a\u0629 \u0644\u062c\u0645\u064a\u0639 \u0627\u0644\u0644\u0627\u0639\u0628\u064a\u0646 \u0627\u0644\u0630\u064a\u0646 \u064a\u0631\u064a\u062f\u0648\u0646 \u0645\u0639\u062f\u0627\u062a<br \/>\n\u0644\u0648\u062d\u0629 \u0645\u0641\u0627\u062a\u064a\u062d \u0644\u0644\u0627\u0639\u0628 \u062a\u062d\u062a\u0648\u064a \u0639\u0644\u0649 105 \u0645\u0641\u0627\u062a\u064a\u062d \u0645\u0639 6 \u0645\u0641\u0627\u062a\u064a\u062d \u0645\u0642\u0627\u0648\u0645\u0629 \u0644\u0644\u0638\u0644\u0627\u0644 \u0644\u062a\u062c\u0646\u0628 \u0627\u0644\u062a\u0639\u0627\u0631\u0636\u0627\u062a \u0648\u0627\u0644\u0625\u062c\u0631\u0627\u0621\u0627\u062a \u063a\u064a\u0631 \u0627\u0644\u0645\u0631\u063a\u0648\u0628 \u0641\u064a\u0647\u0627.<br \/>\n\u062c\u0648\u062f\u0629 \u0643\u062a\u0627\u0628\u0629 \u062c\u064a\u062f\u0629 \u062c\u062f\u064b\u0627: \u0633\u0631\u064a\u0639\u0629 \u0627\u0644\u0627\u0633\u062a\u062c\u0627\u0628\u0629 \u0648\u062f\u0642\u064a\u0642\u0629 \u0648\u0633\u0631\u064a\u0639\u0629.<br \/>\n\u0625\u0636\u0627\u0621\u0629 \u062e\u0644\u0641\u064a\u0629 \u062b\u0627\u0628\u062a\u0629 \u0645\u062a\u0639\u062f\u062f\u0629 \u0627\u0644\u0623\u0644\u0648\u0627\u0646 \u0645\u0639 \u0625\u0645\u0643\u0627\u0646\u064a\u0629 \u062a\u063a\u064a\u064a\u0631 \u0627\u0644\u0633\u0637\u0648\u0639.<br \/>\n\u0645\u0627\u0648\u0633 \u0623\u0644\u0639\u0627\u0628 \u0633\u0644\u0643\u064a USB \u0628\u062f\u0642\u0629 \u0639\u0627\u0644\u064a\u0629 \u0648\u0645\u0633\u062a\u0634\u0639\u0631 \u0628\u0635\u0631\u064a \u0623\u0643\u062b\u0631 \u0627\u0633\u062a\u062c\u0627\u0628\u0629 \u060c \u0645\u0645\u062a\u0627\u0632 \u0644\u062c\u0645\u064a\u0639 \u0623\u0646\u0648\u0627\u0639 \u0627\u0644\u0623\u0644\u0639\u0627\u0628.<br \/>\n\u0633\u0645\u0627\u0639\u0629 \u0623\u0644\u0639\u0627\u0628 \u0628\u0625\u0636\u0627\u0621\u0629 \u062e\u0644\u0641\u064a\u0629 \u0628\u062c\u0648\u062f\u0629 \u0635\u0648\u062a \u0639\u0627\u0644\u064a\u0629 \u0648\u0635\u0648\u062a \u062f\u0642\u064a\u0642 \u0648\u0646\u0642\u064a \u0644\u0644\u063a\u0627\u064a\u0629.<br \/>\nR\u00e9tro\u00e9clairage fixe multicolore avec possibilit\u00e9 de modifier la luminosit\u00e9.<br \/>\nSouris gamer USB filaire avec capteur optique haute pr\u00e9cision et plus r\u00e9active, excellente pour tous les types de jeu.<br \/>\nCasque gaming r\u00e9tro\u00e9clair\u00e9 haute qualit\u00e9 audio, son pr\u00e9cis et parfaitement clair<\/p>","protected":false},"excerpt":{"rendered":"<p>\u0644\u0648\u062d\u0629 \u0645\u0641\u0627\u062a\u064a\u062d \u0639\u0627\u0644\u064a\u0629 \u0627\u0644\u0623\u062f\u0627\u0621 + \u0625\u0636\u0627\u0621\u0629 \u062e\u0644\u0641\u064a\u0629 \u062d\u0632\u0645\u0629 \u0623\u0644\u0639\u0627\u0628 4 \u0641\u064a 1 \u0645\u062b\u0627\u0644\u064a\u0629 \u0644\u062c\u0645\u064a\u0639 \u0627\u0644\u0644\u0627\u0639\u0628\u064a\u0646 \u0627\u0644\u0630\u064a\u0646 \u064a\u0631\u064a\u062f\u0648\u0646 \u0645\u0639\u062f\u0627\u062a \u0644\u0648\u062d\u0629 \u0645\u0641\u0627\u062a\u064a\u062d \u0644\u0644\u0627\u0639\u0628 \u062a\u062d\u062a\u0648\u064a \u0639\u0644\u0649 105 \u0645\u0641\u0627\u062a\u064a\u062d \u0645\u0639 6 \u0645\u0641\u0627\u062a\u064a\u062d \u0645\u0642\u0627\u0648\u0645\u0629 \u0644\u0644\u0638\u0644\u0627\u0644 \u0644\u062a\u062c\u0646\u0628 \u0627\u0644\u062a\u0639\u0627\u0631\u0636\u0627\u062a \u0648\u0627\u0644\u0625\u062c\u0631\u0627\u0621\u0627\u062a \u063a\u064a\u0631 \u0627\u0644\u0645\u0631\u063a\u0648\u0628 \u0641\u064a\u0647\u0627. \u062c\u0648\u062f\u0629 \u0643\u062a\u0627\u0628\u0629 \u062c\u064a\u062f\u0629 \u062c\u062f\u064b\u0627: \u0633\u0631\u064a\u0639\u0629 \u0627\u0644\u0627\u0633\u062a\u062c\u0627\u0628\u0629 \u0648\u062f\u0642\u064a\u0642\u0629 \u0648\u0633\u0631\u064a\u0639\u0629. \u0625\u0636\u0627\u0621\u0629 \u062e\u0644\u0641\u064a\u0629 \u062b\u0627\u0628\u062a\u0629 \u0645\u062a\u0639\u062f\u062f\u0629 \u0627\u0644\u0623\u0644\u0648\u0627\u0646 \u0645\u0639 \u0625\u0645\u0643\u0627\u0646\u064a\u0629 \u062a\u063a\u064a\u064a\u0631 \u0627\u0644\u0633\u0637\u0648\u0639. \u0645\u0627\u0648\u0633 \u0623\u0644\u0639\u0627\u0628 [&hellip;]<\/p>\n","protected":false},"featured_media":6956,"comment_status":"open","ping_status":"closed","template":"","meta":{"event_title":"","event_details":"","event_timezone":"","event_gmap":"","event_image":"","event_image_url":"","event_calendar_link":"","event_location":"","event_datetime_with_summary":"","event_datetime":"","event_date_type":"","event_rulesummary":"","event_ticket_rsvp":"","_gspb_post_css":""},"product_brand":[],"product_cat":[129],"product_tag":[],"class_list":{"0":"post-6957","1":"product","2":"type-product","3":"status-publish","4":"has-post-thumbnail","6":"product_cat-gaming","8":"first","9":"instock","10":"sale","11":"shipping-taxable","12":"purchasable","13":"product-type-simple"},"jetpack_sharing_enabled":true,"_links":{"self":[{"href":"https:\/\/espacetechnologie.ma\/ar\/wp-json\/wp\/v2\/product\/6957","targetHints":{"allow":["GET"]}}],"collection":[{"href":"https:\/\/espacetechnologie.ma\/ar\/wp-json\/wp\/v2\/product"}],"about":[{"href":"https:\/\/espacetechnologie.ma\/ar\/wp-json\/wp\/v2\/types\/product"}],"replies":[{"embeddable":true,"href":"https:\/\/espacetechnologie.ma\/ar\/wp-json\/wp\/v2\/comments?post=6957"}],"wp:featuredmedia":[{"embeddable":true,"href":"https:\/\/espacetechnologie.ma\/ar\/wp-json\/wp\/v2\/media\/6956"}],"wp:attachment":[{"href":"https:\/\/espacetechnologie.ma\/ar\/wp-json\/wp\/v2\/media?parent=6957"}],"wp:term":[{"taxonomy":"product_brand","embeddable":true,"href":"https:\/\/espacetechnologie.ma\/ar\/wp-json\/wp\/v2\/product_brand?post=6957"},{"taxonomy":"product_cat","embeddable":true,"href":"https:\/\/espacetechnologie.ma\/ar\/wp-json\/wp\/v2\/product_cat?post=6957"},{"taxonomy":"product_tag","embeddable":true,"href":"https:\/\/espacetechnologie.ma\/ar\/wp-json\/wp\/v2\/product_tag?post=6957"}],"curies":[{"name":"wp","href":"https:\/\/api.w.org\/{rel}","templated":true}]}}