{"id":6946,"date":"2025-07-09T06:46:30","date_gmt":"2025-07-09T05:46:30","guid":{"rendered":"https:\/\/espacetechnologie.ma\/product\/enchen-tondeuse-rechargeable-a-cheveux-electrique-professionnelle\/"},"modified":"2025-08-02T15:26:29","modified_gmt":"2025-08-02T14:26:29","slug":"enchen-tondeuse-rechargeable-a-cheveux-electrique-professionnelle","status":"publish","type":"product","link":"https:\/\/espacetechnologie.ma\/ar\/product\/enchen-tondeuse-rechargeable-a-cheveux-electrique-professionnelle\/","title":{"rendered":"ENCHEN tondeuse Rechargeable \u00e0 cheveux \u00e9lectrique professionnelle"},"content":{"rendered":"<p>Sp\u00e9cifications<br \/>\nNom du produit: Enchen Hair Clipper<br \/>\nMod\u00e8le de produit: Chasseur<br \/>\nPuissance nominale: 3W<br \/>\nTension nominale: 220V ~<br \/>\nFr\u00e9quence nominale: 50Hz<br \/>\nCapacit\u00e9 de la batterie: 800mAh<br \/>\nLe forfait Comprend:<br \/>\n1 X Tondeuse \u00c0 Cheveux<br \/>\n4 X Peignes Limit\u00e9s<br \/>\n1 X Brosse Propre<br \/>\n1 X C\u00e2ble USB<br \/>\n1 X Manuel de L&rsquo;utilisateur<br \/>\n1 XHair Brosse<br \/>\nConception classique de la tondeuse Bognor, qui est tr\u00e8s pratique pour ajuster la longueur de coupe.<br \/>\nConception R-SHADED l&rsquo;angle aigu en forme de r est poli et rond, vous offrant un fonctionnement en douceur sans blesser votre peau.<br \/>\nChargement universel USB une charge compl\u00e8te vous offre une utilisation continue de 45 minutes.<br \/>\nMoteur rotatif puissant 8000r\/m moteur \u00e0 vitesse de rotation \u00e9lev\u00e9e fournit une puissance forte et durable \u00e0 la lame en marche sans aucun colmatage et traction des cheveux.<br \/>\nULTRA silencieux, le moteur fonctionne \u00e0 55db, la fabrication est si silencieuse et facile \u00e0 utiliser. Les lames en titane et en c\u00e9ramique \u00e9quip\u00e9es de la c\u00e9ramique sup\u00e9rieure et des lames en titane inf\u00e9rieures fournissent une puissance et une vitesse importantes sans produire de chaleur et de bruit suppl\u00e9mentaires.<br \/>\n1 X Tondeuse \u00c0 Cheveux<br \/>\n4 X Peignes Limit\u00e9s<br \/>\n1 X Brosse Propre<br \/>\n1 X C\u00e2ble USB<br \/>\n1 X Manuel de L&rsquo;utilisateur<br \/>\n1 XHair Brosse<\/p>","protected":false},"excerpt":{"rendered":"<p>Nom du produit: Enchen Hair Clipper<br \/>\nMod\u00e8le de produit: Chasseur<br \/>\nPuissance nominale: 3W<br \/>\nTension nominale: 220V ~<br \/>\nFr\u00e9quence nominale: 50Hz<br \/>\nCapacit\u00e9 de la batterie: 800mAh<\/p>","protected":false},"featured_media":6945,"comment_status":"open","ping_status":"closed","template":"","meta":{"event_title":"","event_details":"","event_timezone":"","event_gmap":"","event_image":"","event_image_url":"","event_calendar_link":"","event_location":"","event_datetime_with_summary":"","event_datetime":"","event_date_type":"","event_rulesummary":"","event_ticket_rsvp":"","_gspb_post_css":""},"product_brand":[],"product_cat":[82,130],"product_tag":[],"class_list":{"0":"post-6946","1":"product","2":"type-product","3":"status-publish","4":"has-post-thumbnail","6":"product_cat-gadgets","7":"product_cat-maison","9":"first","10":"instock","11":"sale","12":"shipping-taxable","13":"purchasable","14":"product-type-simple"},"jetpack_sharing_enabled":true,"_links":{"self":[{"href":"https:\/\/espacetechnologie.ma\/ar\/wp-json\/wp\/v2\/product\/6946","targetHints":{"allow":["GET"]}}],"collection":[{"href":"https:\/\/espacetechnologie.ma\/ar\/wp-json\/wp\/v2\/product"}],"about":[{"href":"https:\/\/espacetechnologie.ma\/ar\/wp-json\/wp\/v2\/types\/product"}],"replies":[{"embeddable":true,"href":"https:\/\/espacetechnologie.ma\/ar\/wp-json\/wp\/v2\/comments?post=6946"}],"wp:featuredmedia":[{"embeddable":true,"href":"https:\/\/espacetechnologie.ma\/ar\/wp-json\/wp\/v2\/media\/6945"}],"wp:attachment":[{"href":"https:\/\/espacetechnologie.ma\/ar\/wp-json\/wp\/v2\/media?parent=6946"}],"wp:term":[{"taxonomy":"product_brand","embeddable":true,"href":"https:\/\/espacetechnologie.ma\/ar\/wp-json\/wp\/v2\/product_brand?post=6946"},{"taxonomy":"product_cat","embeddable":true,"href":"https:\/\/espacetechnologie.ma\/ar\/wp-json\/wp\/v2\/product_cat?post=6946"},{"taxonomy":"product_tag","embeddable":true,"href":"https:\/\/espacetechnologie.ma\/ar\/wp-json\/wp\/v2\/product_tag?post=6946"}],"curies":[{"name":"wp","href":"https:\/\/api.w.org\/{rel}","templated":true}]}}