{"id":6931,"date":"2025-07-09T06:46:28","date_gmt":"2025-07-09T05:46:28","guid":{"rendered":"https:\/\/espacetechnologie.ma\/product\/hdtv-cable-hdmi-haute-vitesse-4k-2k-2-0-3d1080p-hd-pour-hdtv-xbox-ps3-4-projecteur-5m\/"},"modified":"2025-08-02T13:21:37","modified_gmt":"2025-08-02T12:21:37","slug":"hdtv-cable-hdmi-haute-vitesse-4k-2k-2-0-3d1080p-hd-pour-hdtv-xbox-ps3-4-projecteur-5m","status":"publish","type":"product","link":"https:\/\/espacetechnologie.ma\/ar\/product\/hdtv-cable-hdmi-haute-vitesse-4k-2k-2-0-3d1080p-hd-pour-hdtv-xbox-ps3-4-projecteur-5m\/","title":{"rendered":"Hdtv C\u00e2ble HDMI haute vitesse 4K * 2K 2.0, 3D1080P HD, pour HDTV XBOX PS3\/4 projecteur 5m"},"content":{"rendered":"<p>&#8211;\u00a0Excellente transmission<br \/>\n&#8211; Les connecteurs plaqu\u00e9s or r\u00e9sistants \u00e0 la \u00a0 corrosion<br \/>\n&#8211; Compatible video 3D<br \/>\n&#8211; R\u00e9solution 4K<br \/>\n&#8211; 5M<\/p>","protected":false},"excerpt":{"rendered":"<p>&#8211;\u00a0Excellente transmission &#8211; Les connecteurs plaqu\u00e9s or r\u00e9sistants \u00e0 la \u00a0 corrosion &#8211; Compatible video 3D &#8211; R\u00e9solution 4K &#8211; 5M<\/p>","protected":false},"featured_media":6930,"comment_status":"open","ping_status":"closed","template":"","meta":{"event_title":"","event_details":"","event_timezone":"","event_gmap":"","event_image":"","event_image_url":"","event_calendar_link":"","event_location":"","event_datetime_with_summary":"","event_datetime":"","event_date_type":"","event_rulesummary":"","event_ticket_rsvp":"","_gspb_post_css":""},"product_brand":[],"product_cat":[124,123],"product_tag":[],"class_list":{"0":"post-6931","1":"product","2":"type-product","3":"status-publish","4":"has-post-thumbnail","6":"product_cat-cables-tv","7":"product_cat-tv","9":"first","10":"instock","11":"sale","12":"shipping-taxable","13":"purchasable","14":"product-type-simple"},"jetpack_sharing_enabled":true,"_links":{"self":[{"href":"https:\/\/espacetechnologie.ma\/ar\/wp-json\/wp\/v2\/product\/6931","targetHints":{"allow":["GET"]}}],"collection":[{"href":"https:\/\/espacetechnologie.ma\/ar\/wp-json\/wp\/v2\/product"}],"about":[{"href":"https:\/\/espacetechnologie.ma\/ar\/wp-json\/wp\/v2\/types\/product"}],"replies":[{"embeddable":true,"href":"https:\/\/espacetechnologie.ma\/ar\/wp-json\/wp\/v2\/comments?post=6931"}],"wp:featuredmedia":[{"embeddable":true,"href":"https:\/\/espacetechnologie.ma\/ar\/wp-json\/wp\/v2\/media\/6930"}],"wp:attachment":[{"href":"https:\/\/espacetechnologie.ma\/ar\/wp-json\/wp\/v2\/media?parent=6931"}],"wp:term":[{"taxonomy":"product_brand","embeddable":true,"href":"https:\/\/espacetechnologie.ma\/ar\/wp-json\/wp\/v2\/product_brand?post=6931"},{"taxonomy":"product_cat","embeddable":true,"href":"https:\/\/espacetechnologie.ma\/ar\/wp-json\/wp\/v2\/product_cat?post=6931"},{"taxonomy":"product_tag","embeddable":true,"href":"https:\/\/espacetechnologie.ma\/ar\/wp-json\/wp\/v2\/product_tag?post=6931"}],"curies":[{"name":"wp","href":"https:\/\/api.w.org\/{rel}","templated":true}]}}