{"id":6926,"date":"2025-07-09T06:46:27","date_gmt":"2025-07-09T05:46:27","guid":{"rendered":"https:\/\/espacetechnologie.ma\/product\/2in1-powerbank-10000mah-et-mini-console-de-jeu-500-jeux-2\/"},"modified":"2025-08-02T15:04:35","modified_gmt":"2025-08-02T14:04:35","slug":"2in1-powerbank-10000mah-et-mini-console-de-jeu-500-jeux-2","status":"publish","type":"product","link":"https:\/\/espacetechnologie.ma\/ar\/product\/2in1-powerbank-10000mah-et-mini-console-de-jeu-500-jeux-2\/","title":{"rendered":"2in1 Powerbank 10000mAh et Mini console de jeu 500 jeux"},"content":{"rendered":"<p>Caract\u00e9ristiques: mat\u00e9riel: ABS<br \/>\nTaille: Env. 135x88x2 5mm\/5.31&#215;3.46&#215;0.98inch<br \/>\nCouleur: rose<br \/>\nNom: machine de jeu de s\u00e9ries chronologiques (s\u00e9ries chronologiques)<br \/>\nNum\u00e9ro de mod\u00e8le: DY13<br \/>\nEntr\u00e9e: 5V-2A<br \/>\nCapacit\u00e9 de la batterie: 10000mAh<br \/>\nCharge: environ 2-3H<br \/>\nAutonomie de la batterie: environ 5-10H<\/p>","protected":false},"excerpt":{"rendered":"<p>Caract\u00e9ristiques: mat\u00e9riel: ABS Taille: Env. 135x88x2 5mm\/5.31&#215;3.46&#215;0.98inch Couleur: rose Nom: machine de jeu de s\u00e9ries chronologiques (s\u00e9ries chronologiques) Num\u00e9ro de mod\u00e8le: DY13 Entr\u00e9e: 5V-2A Capacit\u00e9 de la batterie: 10000mAh Charge: environ 2-3H Autonomie de la batterie: environ 5-10H<\/p>","protected":false},"featured_media":6925,"comment_status":"open","ping_status":"closed","template":"","meta":{"event_title":"","event_details":"","event_timezone":"","event_gmap":"","event_image":"","event_image_url":"","event_calendar_link":"","event_location":"","event_datetime_with_summary":"","event_datetime":"","event_date_type":"","event_rulesummary":"","event_ticket_rsvp":"","_gspb_post_css":""},"product_brand":[],"product_cat":[129,88,84],"product_tag":[],"class_list":{"0":"post-6926","1":"product","2":"type-product","3":"status-publish","4":"has-post-thumbnail","6":"product_cat-gaming","7":"product_cat-powerbank","8":"product_cat-smartphone","10":"first","11":"instock","12":"sale","13":"shipping-taxable","14":"purchasable","15":"product-type-simple"},"jetpack_sharing_enabled":true,"_links":{"self":[{"href":"https:\/\/espacetechnologie.ma\/ar\/wp-json\/wp\/v2\/product\/6926","targetHints":{"allow":["GET"]}}],"collection":[{"href":"https:\/\/espacetechnologie.ma\/ar\/wp-json\/wp\/v2\/product"}],"about":[{"href":"https:\/\/espacetechnologie.ma\/ar\/wp-json\/wp\/v2\/types\/product"}],"replies":[{"embeddable":true,"href":"https:\/\/espacetechnologie.ma\/ar\/wp-json\/wp\/v2\/comments?post=6926"}],"wp:featuredmedia":[{"embeddable":true,"href":"https:\/\/espacetechnologie.ma\/ar\/wp-json\/wp\/v2\/media\/6925"}],"wp:attachment":[{"href":"https:\/\/espacetechnologie.ma\/ar\/wp-json\/wp\/v2\/media?parent=6926"}],"wp:term":[{"taxonomy":"product_brand","embeddable":true,"href":"https:\/\/espacetechnologie.ma\/ar\/wp-json\/wp\/v2\/product_brand?post=6926"},{"taxonomy":"product_cat","embeddable":true,"href":"https:\/\/espacetechnologie.ma\/ar\/wp-json\/wp\/v2\/product_cat?post=6926"},{"taxonomy":"product_tag","embeddable":true,"href":"https:\/\/espacetechnologie.ma\/ar\/wp-json\/wp\/v2\/product_tag?post=6926"}],"curies":[{"name":"wp","href":"https:\/\/api.w.org\/{rel}","templated":true}]}}