{"id":6912,"date":"2025-07-09T06:46:23","date_gmt":"2025-07-09T05:46:23","guid":{"rendered":"https:\/\/espacetechnologie.ma\/product\/attache-anti-perte-bracelet-pour-enfants-main-ceinture\/"},"modified":"2025-08-02T12:52:17","modified_gmt":"2025-08-02T11:52:17","slug":"attache-anti-perte-bracelet-pour-enfants-main-ceinture","status":"publish","type":"product","link":"https:\/\/espacetechnologie.ma\/ar\/product\/attache-anti-perte-bracelet-pour-enfants-main-ceinture\/","title":{"rendered":"Attache Anti perte Bracelet pour Enfants Main Ceinture"},"content":{"rendered":"<p>\u0633\u0648\u0627\u0631 \u0644\u0644\u062d\u0641\u0627\u0638 \u0627\u0644\u0627\u0637\u0641\u0627\u0644 \u0645\u0646 \u0627\u0644\u0636\u064a\u0627\u0639<br \/>\n\u0627\u0633\u062a\u0645\u062a\u0639 \u0645\u0639 \u0627\u0637\u0641\u0627\u0644\u0643 \u062e\u0627\u0631\u062c \u0627\u0644\u0645\u0646\u0632\u0644 \u0628\u0643\u0644 \u0623\u0645\u0627\u0646<br \/>\nBracelet anti perte d&rsquo;Enfants<br \/>\ntoute s\u00e9curit\u00e9<br \/>\nGardez vos enfants \u00e0 vos cot\u00e9s avec ce bracelet<\/p>","protected":false},"excerpt":{"rendered":"<p>\u0633\u0648\u0627\u0631 \u0644\u0644\u062d\u0641\u0627\u0638 \u0627\u0644\u0627\u0637\u0641\u0627\u0644 \u0645\u0646 \u0627\u0644\u0636\u064a\u0627\u0639 \u0627\u0633\u062a\u0645\u062a\u0639 \u0645\u0639 \u0627\u0637\u0641\u0627\u0644\u0643 \u062e\u0627\u0631\u062c \u0627\u0644\u0645\u0646\u0632\u0644 \u0628\u0643\u0644 \u0623\u0645\u0627\u0646 Bracelet anti perte d&rsquo;Enfants toute s\u00e9curit\u00e9 Gardez vos enfants \u00e0 vos cot\u00e9s avec ce bracelet<\/p>","protected":false},"featured_media":6911,"comment_status":"open","ping_status":"closed","template":"","meta":{"event_title":"","event_details":"","event_timezone":"","event_gmap":"","event_image":"","event_image_url":"","event_calendar_link":"","event_location":"","event_datetime_with_summary":"","event_datetime":"","event_date_type":"","event_rulesummary":"","event_ticket_rsvp":"","_gspb_post_css":""},"product_brand":[],"product_cat":[82],"product_tag":[],"class_list":{"0":"post-6912","1":"product","2":"type-product","3":"status-publish","4":"has-post-thumbnail","6":"product_cat-gadgets","8":"first","9":"instock","10":"sale","11":"shipping-taxable","12":"purchasable","13":"product-type-simple"},"jetpack_sharing_enabled":true,"_links":{"self":[{"href":"https:\/\/espacetechnologie.ma\/ar\/wp-json\/wp\/v2\/product\/6912","targetHints":{"allow":["GET"]}}],"collection":[{"href":"https:\/\/espacetechnologie.ma\/ar\/wp-json\/wp\/v2\/product"}],"about":[{"href":"https:\/\/espacetechnologie.ma\/ar\/wp-json\/wp\/v2\/types\/product"}],"replies":[{"embeddable":true,"href":"https:\/\/espacetechnologie.ma\/ar\/wp-json\/wp\/v2\/comments?post=6912"}],"wp:featuredmedia":[{"embeddable":true,"href":"https:\/\/espacetechnologie.ma\/ar\/wp-json\/wp\/v2\/media\/6911"}],"wp:attachment":[{"href":"https:\/\/espacetechnologie.ma\/ar\/wp-json\/wp\/v2\/media?parent=6912"}],"wp:term":[{"taxonomy":"product_brand","embeddable":true,"href":"https:\/\/espacetechnologie.ma\/ar\/wp-json\/wp\/v2\/product_brand?post=6912"},{"taxonomy":"product_cat","embeddable":true,"href":"https:\/\/espacetechnologie.ma\/ar\/wp-json\/wp\/v2\/product_cat?post=6912"},{"taxonomy":"product_tag","embeddable":true,"href":"https:\/\/espacetechnologie.ma\/ar\/wp-json\/wp\/v2\/product_tag?post=6912"}],"curies":[{"name":"wp","href":"https:\/\/api.w.org\/{rel}","templated":true}]}}