{"id":6891,"date":"2025-07-09T06:46:20","date_gmt":"2025-07-09T05:46:20","guid":{"rendered":"https:\/\/espacetechnologie.ma\/product\/3-5mm-%d9%85%d9%8a%d9%83%d8%b1%d9%88%d9%81%d9%88%d9%86-%d8%b3%d8%b7%d8%ad-%d8%a7%d9%84%d9%85%d9%83%d8%aa%d8%a8-%d9%84%d9%84%d9%87%d8%a7%d8%aa%d9%81-%d8%a7%d9%84%d9%85%d8%ad%d9%85%d9%88%d9%84-%d9%88\/"},"modified":"2025-08-03T06:56:26","modified_gmt":"2025-08-03T05:56:26","slug":"3-5mm-%d9%85%d9%8a%d9%83%d8%b1%d9%88%d9%81%d9%88%d9%86-%d8%b3%d8%b7%d8%ad-%d8%a7%d9%84%d9%85%d9%83%d8%aa%d8%a8-%d9%84%d9%84%d9%87%d8%a7%d8%aa%d9%81-%d8%a7%d9%84%d9%85%d8%ad%d9%85%d9%88%d9%84-%d9%88","status":"publish","type":"product","link":"https:\/\/espacetechnologie.ma\/ar\/product\/3-5mm-%d9%85%d9%8a%d9%83%d8%b1%d9%88%d9%81%d9%88%d9%86-%d8%b3%d8%b7%d8%ad-%d8%a7%d9%84%d9%85%d9%83%d8%aa%d8%a8-%d9%84%d9%84%d9%87%d8%a7%d8%aa%d9%81-%d8%a7%d9%84%d9%85%d8%ad%d9%85%d9%88%d9%84-%d9%88\/","title":{"rendered":"3.5mm \u0645\u064a\u0643\u0631\u0648\u0641\u0648\u0646 \u0633\u0637\u062d \u0627\u0644\u0645\u0643\u062a\u0628 \u0644\u0644\u0647\u0627\u062a\u0641 \u0627\u0644\u0645\u062d\u0645\u0648\u0644 \u0648\u0627\u0644\u0643\u0645\u0628\u064a\u0648\u062a\u0631"},"content":{"rendered":"<p>Ce microphone adopte la norme CTIA, veuillez v\u00e9rifier votre mod\u00e8le de t\u00e9l\u00e9phone avant de commander pour d\u00e9terminer si vous avez besoin d&rsquo;un s\u00e9parateur<\/p>\n<p>C&rsquo;est un microphone qui re\u00e7oit le son kalimba lorsque vous enregistrez des performances kalimba,<br \/>\nIl peut \u00eatre plac\u00e9 sur un bureau plat, et une extr\u00e9mit\u00e9 est connect\u00e9e \u00e0 votre t\u00e9l\u00e9phone portable pour enregistrer des vid\u00e9os.<\/p>\n<p>* Bureau r\u00e9cepteur audio<br \/>\n* Kalimba Performance Micro<br \/>\n* Son Kalimba hautement restaur\u00e9<br \/>\n* L&rsquo;interface de 3.5mm peut \u00eatre directement connect\u00e9e au t\u00e9l\u00e9phone portable<br \/>\n* R\u00e9duire plus de 98% des interf\u00e9rences de signal externe pour \u00e9liminer le bruit<br \/>\n* Haute sensibilit\u00e9, son plus agr\u00e9able<\/p>\n<p>Caract\u00e9ristiques:<br \/>\nFil: mat\u00e9riau APS, fil blind\u00e9 \u00e0 noyau unique de 1.5m, tr\u00e8s durable, peut \u00eatre utilis\u00e9 librement, peut \u00e9liminer le bruit.<br \/>\nMicrophone: le noyau du microphone n&rsquo;est pas facile \u00e0 produire des hurlements et la voix est claire, ce qui garantit efficacement la puret\u00e9 du son. Il convient \u00e0 une utilisation par diverses marques de t\u00e9l\u00e9phones portables.<\/p>","protected":false},"excerpt":{"rendered":"<p>* Bureau r\u00e9cepteur audio<br \/>\n* Kalimba Performance Micro<br \/>\n* Son Kalimba hautement restaur\u00e9<br \/>\n* L&rsquo;interface de 3.5mm peut \u00eatre directement                                   connect\u00e9e au t\u00e9l\u00e9phone portable<br \/>\n* R\u00e9duire plus de 98% des interf\u00e9rences de signal externe pour \u00e9liminer le bruit<br \/>\n* Haute sensibilit\u00e9, son plus agr\u00e9able<\/p>","protected":false},"featured_media":6890,"comment_status":"open","ping_status":"closed","template":"","meta":{"event_title":"","event_details":"","event_timezone":"","event_gmap":"","event_image":"","event_image_url":"","event_calendar_link":"","event_location":"","event_datetime_with_summary":"","event_datetime":"","event_date_type":"","event_rulesummary":"","event_ticket_rsvp":"","_gspb_post_css":""},"product_brand":[],"product_cat":[107,111],"product_tag":[],"class_list":{"0":"post-6891","1":"product","2":"type-product","3":"status-publish","4":"has-post-thumbnail","6":"product_cat-audio","7":"product_cat-microphones","9":"first","10":"instock","11":"sale","12":"shipping-taxable","13":"purchasable","14":"product-type-simple"},"jetpack_sharing_enabled":true,"_links":{"self":[{"href":"https:\/\/espacetechnologie.ma\/ar\/wp-json\/wp\/v2\/product\/6891","targetHints":{"allow":["GET"]}}],"collection":[{"href":"https:\/\/espacetechnologie.ma\/ar\/wp-json\/wp\/v2\/product"}],"about":[{"href":"https:\/\/espacetechnologie.ma\/ar\/wp-json\/wp\/v2\/types\/product"}],"replies":[{"embeddable":true,"href":"https:\/\/espacetechnologie.ma\/ar\/wp-json\/wp\/v2\/comments?post=6891"}],"wp:featuredmedia":[{"embeddable":true,"href":"https:\/\/espacetechnologie.ma\/ar\/wp-json\/wp\/v2\/media\/6890"}],"wp:attachment":[{"href":"https:\/\/espacetechnologie.ma\/ar\/wp-json\/wp\/v2\/media?parent=6891"}],"wp:term":[{"taxonomy":"product_brand","embeddable":true,"href":"https:\/\/espacetechnologie.ma\/ar\/wp-json\/wp\/v2\/product_brand?post=6891"},{"taxonomy":"product_cat","embeddable":true,"href":"https:\/\/espacetechnologie.ma\/ar\/wp-json\/wp\/v2\/product_cat?post=6891"},{"taxonomy":"product_tag","embeddable":true,"href":"https:\/\/espacetechnologie.ma\/ar\/wp-json\/wp\/v2\/product_tag?post=6891"}],"curies":[{"name":"wp","href":"https:\/\/api.w.org\/{rel}","templated":true}]}}