{"id":6888,"date":"2025-07-09T06:46:19","date_gmt":"2025-07-09T05:46:19","guid":{"rendered":"https:\/\/espacetechnologie.ma\/product\/copieur-rfid-de-cartes-dacces-em4100-125khz\/"},"modified":"2025-08-02T12:52:12","modified_gmt":"2025-08-02T11:52:12","slug":"copieur-rfid-de-cartes-dacces-em4100-125khz","status":"publish","type":"product","link":"https:\/\/espacetechnologie.ma\/ar\/product\/copieur-rfid-de-cartes-dacces-em4100-125khz\/","title":{"rendered":"Copieur RFID de cartes d&rsquo;acc\u00e8s EM4100, 125KHz,"},"content":{"rendered":"<p>Graveur RW1990 iButton 125khz T5577 EM4305<br \/>\nCet appareil peut \u00e9crire RW1990 iButton et 125khz T5577 EM4305.<br \/>\nPour la puce TM:<br \/>\nPeut lire les puces intelligentes TM(DS): TM1990A, RW1990, TM01 (ne peut \u00eatre copi\u00e9 qu&rsquo;une seule fois), RW2000<br \/>\n(Si la cl\u00e9 est vide, il faut \u00e9crire dans un code, apr\u00e8s avoir \u00e9crit du code, la cl\u00e9 n&rsquo;est pas vierge, alors elle peut \u00eatre lue)<br \/>\nPeut \u00e9crire \u00e0 RW1990, TM01 (seulement pourrait \u00eatre copie une fois), RW2000 <\/p>\n<p>Pour la puce RFID 125khz:<br \/>\nPeut lire les puces d&rsquo;identification RFID 125khz: EM410X\/TK410X (lecture seule), T5577, EM4305 (si la cl\u00e9 est vierge, il faut \u00e9crire dans un code, apr\u00e8s avoir \u00e9crit le code, la cl\u00e9 n&rsquo;est pas devenue vierge, alors elle peut \u00eatre lue)<br \/>\nPeut \u00e9crire \u00e0 T5577, T5200, T8625, EM4305<br \/>\nPuce iButton TM, comment l&rsquo;utiliser?<br \/>\nLire: Mettez la carte de proximit\u00e9 inductive (TM1990A ou a les informations int\u00e9rieures RW1990 ou TM01 etc.) dans la zone TM et maintenez la touche de lecture (\u00e0 gauche). Le buzzer sera \u00e9mis par l&rsquo;indicateur vert de succ\u00e8s. Si le voyant d&rsquo;alimentation ne fait que clignoter, le lecteur de carte a \u00e9chou\u00e9, la raison peut \u00eatre que la puce de cl\u00e9 n&rsquo;est pas la puce de cl\u00e9 de type supportable. <\/p>\n<p>Copie: Une fois la lecture r\u00e9ussie, placez la carte vierge (RW1990, TM01, etc.) dans la zone TM et maintenez la touche de copie (droite) enfonc\u00e9e. Le buzzer sonore \u00e9mis par le jaune indicateur de succ\u00e8s. Si le voyant d&rsquo;alimentation ne fait que clignoter, le lecteur de carte a \u00e9chou\u00e9, la raison peut \u00eatre que la puce cl\u00e9 n&rsquo;est pas la puce cl\u00e9 de type inscriptible ou supportable.<br \/>\nPuce d&rsquo;identification 125khz, comment l&rsquo;utiliser?<br \/>\nEad: Placez la carte de proximit\u00e9 inductive (EM4100 ou TK4100 ou a des informations int\u00e9rieures EM4305 ou T5577) dans la zone d&rsquo;identification et maintenez la touche de lecture (\u00e0 gauche). Le buzzer sera \u00e9mis par l&rsquo;indicateur vert de succ\u00e8s. Si le voyant d&rsquo;alimentation ne fait que clignoter, le lecteur de carte a \u00e9chou\u00e9, la raison peut \u00eatre que la puce de cl\u00e9 n&rsquo;est pas la puce de cl\u00e9 de type supportable. <\/p>\n<p>Copier: Une fois la lecture r\u00e9ussie, placez la carte vierge (EM4305 T5577, etc.) dans la zone d&rsquo;identification et maintenez la touche de copie (droite). Le buzzer sonore \u00e9mis par le jaune indicateur de succ\u00e8s. Si le voyant d&rsquo;alimentation ne fait que clignoter, le lecteur de carte a \u00e9chou\u00e9, la raison peut \u00eatre que la puce cl\u00e9 n&rsquo;est pas la puce cl\u00e9 de type inscriptible ou supportable.<\/p>","protected":false},"excerpt":{"rendered":"<p>Pour la puce RFID 125khz:<br \/>\nPeut lire les puces d&rsquo;identification RFID 125khz: EM410X\/TK410X (lecture seule), T5577, EM4305 (si la cl\u00e9 est vierge, il faut \u00e9crire dans un code, apr\u00e8s avoir \u00e9crit le code, la cl\u00e9 n&rsquo;est pas devenue vierge, alors elle peut \u00eatre lue)<br \/>\nPeut \u00e9crire \u00e0 T5577, T5200, T8625, EM4305<\/p>","protected":false},"featured_media":6887,"comment_status":"open","ping_status":"closed","template":"","meta":{"event_title":"","event_details":"","event_timezone":"","event_gmap":"","event_image":"","event_image_url":"","event_calendar_link":"","event_location":"","event_datetime_with_summary":"","event_datetime":"","event_date_type":"","event_rulesummary":"","event_ticket_rsvp":"","_gspb_post_css":""},"product_brand":[],"product_cat":[82],"product_tag":[],"class_list":{"0":"post-6888","1":"product","2":"type-product","3":"status-publish","4":"has-post-thumbnail","6":"product_cat-gadgets","8":"first","9":"instock","10":"sale","11":"shipping-taxable","12":"purchasable","13":"product-type-simple"},"jetpack_sharing_enabled":true,"_links":{"self":[{"href":"https:\/\/espacetechnologie.ma\/ar\/wp-json\/wp\/v2\/product\/6888","targetHints":{"allow":["GET"]}}],"collection":[{"href":"https:\/\/espacetechnologie.ma\/ar\/wp-json\/wp\/v2\/product"}],"about":[{"href":"https:\/\/espacetechnologie.ma\/ar\/wp-json\/wp\/v2\/types\/product"}],"replies":[{"embeddable":true,"href":"https:\/\/espacetechnologie.ma\/ar\/wp-json\/wp\/v2\/comments?post=6888"}],"wp:featuredmedia":[{"embeddable":true,"href":"https:\/\/espacetechnologie.ma\/ar\/wp-json\/wp\/v2\/media\/6887"}],"wp:attachment":[{"href":"https:\/\/espacetechnologie.ma\/ar\/wp-json\/wp\/v2\/media?parent=6888"}],"wp:term":[{"taxonomy":"product_brand","embeddable":true,"href":"https:\/\/espacetechnologie.ma\/ar\/wp-json\/wp\/v2\/product_brand?post=6888"},{"taxonomy":"product_cat","embeddable":true,"href":"https:\/\/espacetechnologie.ma\/ar\/wp-json\/wp\/v2\/product_cat?post=6888"},{"taxonomy":"product_tag","embeddable":true,"href":"https:\/\/espacetechnologie.ma\/ar\/wp-json\/wp\/v2\/product_tag?post=6888"}],"curies":[{"name":"wp","href":"https:\/\/api.w.org\/{rel}","templated":true}]}}