{"id":6883,"date":"2025-07-09T06:46:18","date_gmt":"2025-07-09T05:46:18","guid":{"rendered":"https:\/\/espacetechnologie.ma\/product\/support-de-tablette-a-col-de-cygne-au-sol-flexible\/"},"modified":"2025-08-02T16:06:43","modified_gmt":"2025-08-02T15:06:43","slug":"support-de-tablette-a-col-de-cygne-au-sol-flexible","status":"publish","type":"product","link":"https:\/\/espacetechnologie.ma\/ar\/product\/support-de-tablette-a-col-de-cygne-au-sol-flexible\/","title":{"rendered":"Support de tablette \u00e0 col de cygne au sol, Flexible,"},"content":{"rendered":"<p>Convient pour tablette\/t\u00e9l\u00e9phone de 4.6 \u00e0 11 pouces<br \/>\nTube dur: LLongueur 68CM<br \/>\ndiam\u00e8tre: 1.2CM<br \/>\nTube souple: longueur<br \/>\n75CMDiam\u00e8tre: 2.6CM<br \/>\nTaille de Base: 19.8X29.8cm<br \/>\n\u00c9paisseur de la Base 4cm poids: 1.9kg<\/p>","protected":false},"excerpt":{"rendered":"<p>Support de sol pour tablette et t\u00e9l\u00e9phone, r\u00e9glable, Flexible, col de cygne, Base Stable, tapis roulant, 4.6-11 pouces, pour Ipad air pro<br \/>\nCompatibilit\u00e9-support de tablette universel, adapt\u00e9 pour iPad (jusqu&rsquo;\u00e0 10.6 <\/p>","protected":false},"featured_media":6882,"comment_status":"open","ping_status":"closed","template":"","meta":{"event_title":"","event_details":"","event_timezone":"","event_gmap":"","event_image":"","event_image_url":"","event_calendar_link":"","event_location":"","event_datetime_with_summary":"","event_datetime":"","event_date_type":"","event_rulesummary":"","event_ticket_rsvp":"","_gspb_post_css":""},"product_brand":[],"product_cat":[90,84,97],"product_tag":[],"class_list":{"0":"post-6883","1":"product","2":"type-product","3":"status-publish","4":"has-post-thumbnail","6":"product_cat-autres-accessoires-smartphone","7":"product_cat-smartphone","8":"product_cat-support","10":"first","11":"instock","12":"sale","13":"shipping-taxable","14":"purchasable","15":"product-type-simple"},"jetpack_sharing_enabled":true,"_links":{"self":[{"href":"https:\/\/espacetechnologie.ma\/ar\/wp-json\/wp\/v2\/product\/6883","targetHints":{"allow":["GET"]}}],"collection":[{"href":"https:\/\/espacetechnologie.ma\/ar\/wp-json\/wp\/v2\/product"}],"about":[{"href":"https:\/\/espacetechnologie.ma\/ar\/wp-json\/wp\/v2\/types\/product"}],"replies":[{"embeddable":true,"href":"https:\/\/espacetechnologie.ma\/ar\/wp-json\/wp\/v2\/comments?post=6883"}],"wp:featuredmedia":[{"embeddable":true,"href":"https:\/\/espacetechnologie.ma\/ar\/wp-json\/wp\/v2\/media\/6882"}],"wp:attachment":[{"href":"https:\/\/espacetechnologie.ma\/ar\/wp-json\/wp\/v2\/media?parent=6883"}],"wp:term":[{"taxonomy":"product_brand","embeddable":true,"href":"https:\/\/espacetechnologie.ma\/ar\/wp-json\/wp\/v2\/product_brand?post=6883"},{"taxonomy":"product_cat","embeddable":true,"href":"https:\/\/espacetechnologie.ma\/ar\/wp-json\/wp\/v2\/product_cat?post=6883"},{"taxonomy":"product_tag","embeddable":true,"href":"https:\/\/espacetechnologie.ma\/ar\/wp-json\/wp\/v2\/product_tag?post=6883"}],"curies":[{"name":"wp","href":"https:\/\/api.w.org\/{rel}","templated":true}]}}