{"id":6868,"date":"2025-07-09T06:46:16","date_gmt":"2025-07-09T05:46:16","guid":{"rendered":"https:\/\/espacetechnologie.ma\/product\/smart-watch-%d8%b3%d8%a7%d8%b9%d8%a9-f6-%d9%85%d8%aa%d8%b5%d9%84%d8%a9-%d8%a8%d9%85%d9%83%d8%a8%d8%b1-%d8%b5%d9%88%d8%aa-%d9%84%d9%84%d9%85%d9%83%d8%a7%d9%84%d9%85%d8%a7%d8%aa\/"},"modified":"2025-08-02T13:33:48","modified_gmt":"2025-08-02T12:33:48","slug":"smart-watch-%d8%b3%d8%a7%d8%b9%d8%a9-f6-%d9%85%d8%aa%d8%b5%d9%84%d8%a9-%d8%a8%d9%85%d9%83%d8%a8%d8%b1-%d8%b5%d9%88%d8%aa-%d9%84%d9%84%d9%85%d9%83%d8%a7%d9%84%d9%85%d8%a7%d8%aa","status":"publish","type":"product","link":"https:\/\/espacetechnologie.ma\/ar\/product\/smart-watch-%d8%b3%d8%a7%d8%b9%d8%a9-f6-%d9%85%d8%aa%d8%b5%d9%84%d8%a9-%d8%a8%d9%85%d9%83%d8%a8%d8%b1-%d8%b5%d9%88%d8%aa-%d9%84%d9%84%d9%85%d9%83%d8%a7%d9%84%d9%85%d8%a7%d8%aa\/","title":{"rendered":"Smart Watch \u0633\u0627\u0639\u0629 F6 \u0645\u062a\u0635\u0644\u0629 \u0628\u0645\u0643\u0628\u0631 \u0635\u0648\u062a \u0644\u0644\u0645\u0643\u0627\u0644\u0645\u0627\u062a"},"content":{"rendered":"<p>1. Mat\u00e9riau du corps: alliage<br \/>\n2. Mat\u00e9riau du bracelet: silicone liquide<br \/>\n3. Taille de l&rsquo;\u00e9cran: 1.69 pouces IPS plein \u00e9cran tactile<br \/>\n4. R\u00e9solution: 240*280 dpi<br \/>\n5. \u00c9cran tactile: \u00e9cran enti\u00e8rement tactile<br \/>\n6. Batterie polym\u00e8re int\u00e9gr\u00e9e: 230 mAh<br \/>\n7. Temps de travail: 10 jours<br \/>\n8. Temps de veille: 15 jours<br \/>\n9. Couleur: gris, rose, bleu, noir<br \/>\n10. Jeu de puces: RTL8762C<br \/>\n11. Version Bluetooth: BT 5.0 + 3.0<br \/>\n12. Gamme bleue: 8-10 m\u00e8tres<br \/>\n13. M\u00e9moire: m\u00e9moire flash 65K + 8M<br \/>\n14. Type de charge: charge de connexion magn\u00e9tique<\/p>","protected":false},"excerpt":{"rendered":"<p>D\u00e9crire<br \/>\n1. Mat\u00e9riau du corps: alliage<br \/>\n2. Mat\u00e9riau du bracelet: silicone liquide<br \/>\n3. Taille de l&rsquo;\u00e9cran: 1.69 pouces IPS plein \u00e9cran tactile<br \/>\n4. R\u00e9solution: 240*280 dpi<br \/>\n5. \u00c9cran tactile: \u00e9cran enti\u00e8rement tactile<br \/>\n6. Batterie polym\u00e8re int\u00e9gr\u00e9e: 230 mAh<br \/>\n7. Temps de travail: 10 jours<br \/>\n8. Temps de veille: 15 jours<br \/>\n9. Couleur: gris, rose, bleu, noir<br \/>\n10. Jeu de puces: RTL8762C<br \/>\n11. Version Bluetooth: BT 5.0 + 3.0<br \/>\n12. Gamme bleue: 8-10 m\u00e8tres<br \/>\n13. M\u00e9moire: m\u00e9moire flash 65K + 8M<br \/>\n14. Type de charge: charge de connexion magn\u00e9tique<br \/>\nCaract\u00e9ristique<br \/>\n1. Bluetooth 5.0 + 3.0: faible consommation d&rsquo;\u00e9nergie, meilleures performances de coordination.<br \/>\n2. Grand \u00e9cran de 1.69 pouces: plein \u00e9cran tactile, affichage complet des informations.<br \/>\n3. 11 modes d&rsquo;exercice: en savoir plus sur votre \u00e9tat d&rsquo;exercice.<br \/>\n4. \u00c9tanche IP67: \u00e9tanche \u00e0 vie, la natation et la baignade ne sont pas recommand\u00e9es<br \/>\n5. Dynamique HR + BP: conna\u00eetre votre \u00e9tat de sant\u00e9.<br \/>\n6. Surveillance HRV: fonction d&rsquo;oxyg\u00e8ne dans le sang<br \/>\n6. Suivi de la p\u00e9riode: aider les femmes \u00e0 comprendre leur condition physique.<br \/>\n7. R\u00e9volutionnaire 10 jours de travail + 15 jours d&rsquo;autonomie en veille.<\/p>","protected":false},"featured_media":6867,"comment_status":"open","ping_status":"closed","template":"","meta":{"event_title":"","event_details":"","event_timezone":"","event_gmap":"","event_image":"","event_image_url":"","event_calendar_link":"","event_location":"","event_datetime_with_summary":"","event_datetime":"","event_date_type":"","event_rulesummary":"","event_ticket_rsvp":"","_gspb_post_css":""},"product_brand":[],"product_cat":[95,91],"product_tag":[],"class_list":{"0":"post-6868","1":"product","2":"type-product","3":"status-publish","4":"has-post-thumbnail","6":"product_cat-montres-smartwatch","7":"product_cat-smartwatch","9":"first","10":"instock","11":"sale","12":"shipping-taxable","13":"purchasable","14":"product-type-simple"},"jetpack_sharing_enabled":true,"_links":{"self":[{"href":"https:\/\/espacetechnologie.ma\/ar\/wp-json\/wp\/v2\/product\/6868","targetHints":{"allow":["GET"]}}],"collection":[{"href":"https:\/\/espacetechnologie.ma\/ar\/wp-json\/wp\/v2\/product"}],"about":[{"href":"https:\/\/espacetechnologie.ma\/ar\/wp-json\/wp\/v2\/types\/product"}],"replies":[{"embeddable":true,"href":"https:\/\/espacetechnologie.ma\/ar\/wp-json\/wp\/v2\/comments?post=6868"}],"wp:featuredmedia":[{"embeddable":true,"href":"https:\/\/espacetechnologie.ma\/ar\/wp-json\/wp\/v2\/media\/6867"}],"wp:attachment":[{"href":"https:\/\/espacetechnologie.ma\/ar\/wp-json\/wp\/v2\/media?parent=6868"}],"wp:term":[{"taxonomy":"product_brand","embeddable":true,"href":"https:\/\/espacetechnologie.ma\/ar\/wp-json\/wp\/v2\/product_brand?post=6868"},{"taxonomy":"product_cat","embeddable":true,"href":"https:\/\/espacetechnologie.ma\/ar\/wp-json\/wp\/v2\/product_cat?post=6868"},{"taxonomy":"product_tag","embeddable":true,"href":"https:\/\/espacetechnologie.ma\/ar\/wp-json\/wp\/v2\/product_tag?post=6868"}],"curies":[{"name":"wp","href":"https:\/\/api.w.org\/{rel}","templated":true}]}}