{"id":6863,"date":"2025-07-09T06:46:15","date_gmt":"2025-07-09T05:46:15","guid":{"rendered":"https:\/\/espacetechnologie.ma\/product\/4pcs-camera-de-surveillance-interieure-ip-wifi-hd\/"},"modified":"2025-08-02T13:19:08","modified_gmt":"2025-08-02T12:19:08","slug":"4pcs-camera-de-surveillance-interieure-ip-wifi-hd","status":"publish","type":"product","link":"https:\/\/espacetechnologie.ma\/ar\/product\/4pcs-camera-de-surveillance-interieure-ip-wifi-hd\/","title":{"rendered":"4pcs Cam\u00e9ra de surveillance int\u00e9rieure IP WiFi HD"},"content":{"rendered":"<p>Caract\u00e9ristiques:<br \/>\n1.Support WIFI.<br \/>\n2. Prise en charge du suivi automatique et de la fonction de tonalit\u00e9 d&rsquo;alarme.<br \/>\n3. Prise en charge de la connexion WIFI sans fil.<br \/>\n4. Prise en charge de la conversation audio bidirectionnelle en temps r\u00e9el.<br \/>\n5.Support Pan 355 degr\u00e9s\/Inclinaison 90 degr\u00e9s.<br \/>\n6. Prise en charge de la carte TF Max 128 Go Carte m\u00e9moire.<br \/>\n7. Prend en charge la double lumi\u00e8re d&rsquo;alerte intelligente humano\u00efde.<br \/>\n8. Prend en charge la position pr\u00e9d\u00e9finie\/la voix d&rsquo;alerte et la sonnette d&rsquo;alarme\/la fonction de croisi\u00e8re.<br \/>\n9. Vue \u00e0 distance via leYIIOTSur Smartphone.<br \/>\n10,4xCreuserZoom ital.<br \/>\n11. Prise en charge du stockage par carte TF, + stockage en nuage.<br \/>\n12.10-15M (IR LED) Vision de jour et de nuit.<br \/>\nLe paquet comprend:<br \/>\n1 * Cam\u00e9ra<br \/>\n1 * manuel<br \/>\n1 * support<br \/>\n1 * paquet de vis<br \/>\n1 * Cam\u00e9ra<br \/>\n1 * manuel<br \/>\n1 * support<br \/>\n1 * paquet de vis<\/p>","protected":false},"excerpt":{"rendered":"<p>Support WIFI.<br \/>\nPrise en charge du suivi automatique et de la fonction de tonalit\u00e9 d&rsquo;alarme.<br \/>\nPrise en charge de la connexion WIFI sans fil.<br \/>\nPrise en charge de la conversation audio bidirectionnelle en temps r\u00e9el.<br \/>\nSupport Pan 355 degr\u00e9s\/Inclinaison 90 degr\u00e9s.<\/p>","protected":false},"featured_media":6862,"comment_status":"open","ping_status":"closed","template":"","meta":{"event_title":"","event_details":"","event_timezone":"","event_gmap":"","event_image":"","event_image_url":"","event_calendar_link":"","event_location":"","event_datetime_with_summary":"","event_datetime":"","event_date_type":"","event_rulesummary":"","event_ticket_rsvp":"","_gspb_post_css":""},"product_brand":[],"product_cat":[131,132],"product_tag":[],"class_list":{"0":"post-6863","1":"product","2":"type-product","3":"status-publish","4":"has-post-thumbnail","6":"product_cat-cameras","7":"product_cat-cameras-de-surveillance","9":"first","10":"instock","11":"sale","12":"shipping-taxable","13":"purchasable","14":"product-type-simple"},"jetpack_sharing_enabled":true,"_links":{"self":[{"href":"https:\/\/espacetechnologie.ma\/ar\/wp-json\/wp\/v2\/product\/6863","targetHints":{"allow":["GET"]}}],"collection":[{"href":"https:\/\/espacetechnologie.ma\/ar\/wp-json\/wp\/v2\/product"}],"about":[{"href":"https:\/\/espacetechnologie.ma\/ar\/wp-json\/wp\/v2\/types\/product"}],"replies":[{"embeddable":true,"href":"https:\/\/espacetechnologie.ma\/ar\/wp-json\/wp\/v2\/comments?post=6863"}],"wp:featuredmedia":[{"embeddable":true,"href":"https:\/\/espacetechnologie.ma\/ar\/wp-json\/wp\/v2\/media\/6862"}],"wp:attachment":[{"href":"https:\/\/espacetechnologie.ma\/ar\/wp-json\/wp\/v2\/media?parent=6863"}],"wp:term":[{"taxonomy":"product_brand","embeddable":true,"href":"https:\/\/espacetechnologie.ma\/ar\/wp-json\/wp\/v2\/product_brand?post=6863"},{"taxonomy":"product_cat","embeddable":true,"href":"https:\/\/espacetechnologie.ma\/ar\/wp-json\/wp\/v2\/product_cat?post=6863"},{"taxonomy":"product_tag","embeddable":true,"href":"https:\/\/espacetechnologie.ma\/ar\/wp-json\/wp\/v2\/product_tag?post=6863"}],"curies":[{"name":"wp","href":"https:\/\/api.w.org\/{rel}","templated":true}]}}