{"id":6857,"date":"2025-07-09T06:46:13","date_gmt":"2025-07-09T05:46:13","guid":{"rendered":"https:\/\/espacetechnologie.ma\/product\/support-universel-pliable-dissipation-de-chaleur-pour-tablette-et-ordinateur-portable\/"},"modified":"2025-08-03T07:10:12","modified_gmt":"2025-08-03T06:10:12","slug":"support-universel-pliable-dissipation-de-chaleur-pour-tablette-et-ordinateur-portable","status":"publish","type":"product","link":"https:\/\/espacetechnologie.ma\/ar\/product\/support-universel-pliable-dissipation-de-chaleur-pour-tablette-et-ordinateur-portable\/","title":{"rendered":"Support universel pliable Dissipation de chaleur pour tablette et ordinateur Portable"},"content":{"rendered":"<p>Nom de l&rsquo;article: support d&rsquo;ordinateur portable<br \/>\nMat\u00e9riel: ABS<br \/>\nCaract\u00e9ristiques: r\u00e9glable, support de Dissipation thermique, Durable<br \/>\nTaille: 16.8cm x 3.2cm x 2cm\/6.61 <\/p>","protected":false},"excerpt":{"rendered":"<p>Support pliable ABS \u00e0 Dissipation thermique pour ordinateur portable, support multi-angle pour ordinateur portable<\/p>\n<p>Sp\u00e9cifications:<br \/>\nCe produit convient pour la maison, les voyages et le bureau.<br \/>\nIl n&rsquo;y a pas de d\u00e9flecteur sur le support arri\u00e8re, ce qui est plus propice \u00e0 la ventilation et \u00e0 la dissipation thermique de l&rsquo;ordinateur.<br \/>\nAvec le r\u00e9glage multi-angle, la conception ergonomique am\u00e9liore l&rsquo;angle de vision.<br \/>\nCe produit est stable sans trembler, la conception intelligente du triangle le rend plus fiable \u00e0 utiliser.<br \/>\nIl peut charger jusqu&rsquo;\u00e0 12.5kg et convient \u00e0 tous les ordinateurs portables.<\/p>\n<p>Nom de l&rsquo;article: support d&rsquo;ordinateur portable<br \/>\nMat\u00e9riel: ABS<br \/>\nCaract\u00e9ristiques: r\u00e9glable, support de Dissipation thermique, Durable<br \/>\nTaille: 16.8cm x 3.2cm x 2cm\/6.61 <\/p>","protected":false},"featured_media":6856,"comment_status":"open","ping_status":"closed","template":"","meta":{"event_title":"","event_details":"","event_timezone":"","event_gmap":"","event_image":"","event_image_url":"","event_calendar_link":"","event_location":"","event_datetime_with_summary":"","event_datetime":"","event_date_type":"","event_rulesummary":"","event_ticket_rsvp":"","_gspb_post_css":""},"product_brand":[],"product_cat":[96,97],"product_tag":[],"class_list":{"0":"post-6857","1":"product","2":"type-product","3":"status-publish","4":"has-post-thumbnail","6":"product_cat-pc","7":"product_cat-support","9":"first","10":"instock","11":"sale","12":"shipping-taxable","13":"purchasable","14":"product-type-simple"},"jetpack_sharing_enabled":true,"_links":{"self":[{"href":"https:\/\/espacetechnologie.ma\/ar\/wp-json\/wp\/v2\/product\/6857","targetHints":{"allow":["GET"]}}],"collection":[{"href":"https:\/\/espacetechnologie.ma\/ar\/wp-json\/wp\/v2\/product"}],"about":[{"href":"https:\/\/espacetechnologie.ma\/ar\/wp-json\/wp\/v2\/types\/product"}],"replies":[{"embeddable":true,"href":"https:\/\/espacetechnologie.ma\/ar\/wp-json\/wp\/v2\/comments?post=6857"}],"wp:featuredmedia":[{"embeddable":true,"href":"https:\/\/espacetechnologie.ma\/ar\/wp-json\/wp\/v2\/media\/6856"}],"wp:attachment":[{"href":"https:\/\/espacetechnologie.ma\/ar\/wp-json\/wp\/v2\/media?parent=6857"}],"wp:term":[{"taxonomy":"product_brand","embeddable":true,"href":"https:\/\/espacetechnologie.ma\/ar\/wp-json\/wp\/v2\/product_brand?post=6857"},{"taxonomy":"product_cat","embeddable":true,"href":"https:\/\/espacetechnologie.ma\/ar\/wp-json\/wp\/v2\/product_cat?post=6857"},{"taxonomy":"product_tag","embeddable":true,"href":"https:\/\/espacetechnologie.ma\/ar\/wp-json\/wp\/v2\/product_tag?post=6857"}],"curies":[{"name":"wp","href":"https:\/\/api.w.org\/{rel}","templated":true}]}}