{"id":6848,"date":"2025-07-09T06:46:12","date_gmt":"2025-07-09T05:46:12","guid":{"rendered":"https:\/\/espacetechnologie.ma\/product\/support-de-telephone-multifonction-retroviseur-de-voiture-avec-rotation-a-360-reglable\/"},"modified":"2025-08-03T07:26:44","modified_gmt":"2025-08-03T06:26:44","slug":"support-de-telephone-multifonction-retroviseur-de-voiture-avec-rotation-a-360-reglable","status":"publish","type":"product","link":"https:\/\/espacetechnologie.ma\/ar\/product\/support-de-telephone-multifonction-retroviseur-de-voiture-avec-rotation-a-360-reglable\/","title":{"rendered":"Support de t\u00e9l\u00e9phone multifonction r\u00e9troviseur de voiture avec rotation \u00e0 360\u00b0, r\u00e9glable"},"content":{"rendered":"<p>Nom: support de Clip de suspension multifonctionnel<br \/>\nMat\u00e9riel: ABS<br \/>\nCat\u00e9gorie: Support<br \/>\nTaille: environ 14.6*5.5*2.6cm<br \/>\nApplication: r\u00e9troviseur de voiture, si\u00e8ge, cuisine, chambre \u00e0 coucher, table, armoire, etc.<br \/>\nL&#8217;emballage comprend: 1 * support<\/p>","protected":false},"excerpt":{"rendered":"<p>Nom: support de Clip de suspension multifonctionnel Mat\u00e9riel: ABS Cat\u00e9gorie: Support Taille: environ 14.6*5.5*2.6cm Application: r\u00e9troviseur de voiture, si\u00e8ge, cuisine, chambre \u00e0 coucher, table, armoire, etc. L&#8217;emballage comprend: 1 * support<\/p>","protected":false},"featured_media":6847,"comment_status":"open","ping_status":"closed","template":"","meta":{"event_title":"","event_details":"","event_timezone":"","event_gmap":"","event_image":"","event_image_url":"","event_calendar_link":"","event_location":"","event_datetime_with_summary":"","event_datetime":"","event_date_type":"","event_rulesummary":"","event_ticket_rsvp":"","_gspb_post_css":""},"product_brand":[],"product_cat":[114,90,84,113],"product_tag":[],"class_list":{"0":"post-6848","1":"product","2":"type-product","3":"status-publish","4":"has-post-thumbnail","6":"product_cat-accessoires-voiture","7":"product_cat-autres-accessoires-smartphone","8":"product_cat-smartphone","9":"product_cat-voiture-moto","11":"first","12":"instock","13":"sale","14":"shipping-taxable","15":"purchasable","16":"product-type-simple"},"jetpack_sharing_enabled":true,"_links":{"self":[{"href":"https:\/\/espacetechnologie.ma\/ar\/wp-json\/wp\/v2\/product\/6848","targetHints":{"allow":["GET"]}}],"collection":[{"href":"https:\/\/espacetechnologie.ma\/ar\/wp-json\/wp\/v2\/product"}],"about":[{"href":"https:\/\/espacetechnologie.ma\/ar\/wp-json\/wp\/v2\/types\/product"}],"replies":[{"embeddable":true,"href":"https:\/\/espacetechnologie.ma\/ar\/wp-json\/wp\/v2\/comments?post=6848"}],"wp:featuredmedia":[{"embeddable":true,"href":"https:\/\/espacetechnologie.ma\/ar\/wp-json\/wp\/v2\/media\/6847"}],"wp:attachment":[{"href":"https:\/\/espacetechnologie.ma\/ar\/wp-json\/wp\/v2\/media?parent=6848"}],"wp:term":[{"taxonomy":"product_brand","embeddable":true,"href":"https:\/\/espacetechnologie.ma\/ar\/wp-json\/wp\/v2\/product_brand?post=6848"},{"taxonomy":"product_cat","embeddable":true,"href":"https:\/\/espacetechnologie.ma\/ar\/wp-json\/wp\/v2\/product_cat?post=6848"},{"taxonomy":"product_tag","embeddable":true,"href":"https:\/\/espacetechnologie.ma\/ar\/wp-json\/wp\/v2\/product_tag?post=6848"}],"curies":[{"name":"wp","href":"https:\/\/api.w.org\/{rel}","templated":true}]}}