{"id":6820,"date":"2025-07-09T06:46:06","date_gmt":"2025-07-09T05:46:06","guid":{"rendered":"https:\/\/espacetechnologie.ma\/product\/casque-sans-fil-bluetooth-5-0-de-moto-handsfree-microphone-ecouteur-sans-fil\/"},"modified":"2025-08-02T15:02:21","modified_gmt":"2025-08-02T14:02:21","slug":"casque-sans-fil-bluetooth-5-0-de-moto-handsfree-microphone-ecouteur-sans-fil","status":"publish","type":"product","link":"https:\/\/espacetechnologie.ma\/ar\/product\/casque-sans-fil-bluetooth-5-0-de-moto-handsfree-microphone-ecouteur-sans-fil\/","title":{"rendered":"Casque sans fil Bluetooth 5.0 de moto Handsfree microphone \u00e9couteur sans fil"},"content":{"rendered":"<p>Couleur: Noir<br \/>\nCanal: St\u00e9r\u00e9o<br \/>\nVersion Bluetooth: V5.Version 0<br \/>\nPuissance nominale: 60mW<br \/>\nUnit\u00e9 de haut-parleur: 24Q\/30mm<br \/>\nVolume maximum: 112dB<br \/>\nBatterie: 3.Batterie lithium-ion rechargeable en polym\u00e8re 7V\/250mAh<br \/>\nTemps de musique\/parole: 16h<br \/>\nTemps de veille: 700h<br \/>\nTemps de charge: 2<br \/>\nTaille: 22.2 * 4.5 * 1cm<\/p>","protected":false},"excerpt":{"rendered":"<p>1. Conception compacte :Taille compacte et poids l\u00e9ger, facile \u00e0 transporter.<br \/>\n2. Avantage unique: En utilisant les derni\u00e8res 5.0 + EDR Bluetooth technologie, transmission de signal sup\u00e9rieur, ultra faible consommation d\u2019\u00e9nergie.<br \/>\n3. Conception professionnelle: Microphone anti-interf\u00e9rence int\u00e9gr\u00e9, \u00e9ponge externe \u00e0 l\u2019\u00e9preuve du vent, peut effectivement r\u00e9aliser des r\u00e9ponses mains libres, raccrocher le t\u00e9l\u00e9phone, haute fid\u00e9lit\u00e9 sonore.<br \/>\n4. Support de tous les p\u00e9riph\u00e9riques Bluetooth, fonction r\u00e9pondeur automatique, pas besoin de r\u00e9pondre au t\u00e9l\u00e9phone manuellement lors de l\u2019appel, le support conduite s\u00e9curitaire.<\/p>","protected":false},"featured_media":6819,"comment_status":"open","ping_status":"closed","template":"","meta":{"event_title":"","event_details":"","event_timezone":"","event_gmap":"","event_image":"","event_image_url":"","event_calendar_link":"","event_location":"","event_datetime_with_summary":"","event_datetime":"","event_date_type":"","event_rulesummary":"","event_ticket_rsvp":"","_gspb_post_css":""},"product_brand":[],"product_cat":[115,107,109,113],"product_tag":[],"class_list":{"0":"post-6820","1":"product","2":"type-product","3":"status-publish","4":"has-post-thumbnail","6":"product_cat-accessoires-moto","7":"product_cat-audio","8":"product_cat-ecouteurs-sans-fil","9":"product_cat-voiture-moto","11":"first","12":"instock","13":"sale","14":"shipping-taxable","15":"purchasable","16":"product-type-simple"},"jetpack_sharing_enabled":true,"_links":{"self":[{"href":"https:\/\/espacetechnologie.ma\/ar\/wp-json\/wp\/v2\/product\/6820","targetHints":{"allow":["GET"]}}],"collection":[{"href":"https:\/\/espacetechnologie.ma\/ar\/wp-json\/wp\/v2\/product"}],"about":[{"href":"https:\/\/espacetechnologie.ma\/ar\/wp-json\/wp\/v2\/types\/product"}],"replies":[{"embeddable":true,"href":"https:\/\/espacetechnologie.ma\/ar\/wp-json\/wp\/v2\/comments?post=6820"}],"wp:featuredmedia":[{"embeddable":true,"href":"https:\/\/espacetechnologie.ma\/ar\/wp-json\/wp\/v2\/media\/6819"}],"wp:attachment":[{"href":"https:\/\/espacetechnologie.ma\/ar\/wp-json\/wp\/v2\/media?parent=6820"}],"wp:term":[{"taxonomy":"product_brand","embeddable":true,"href":"https:\/\/espacetechnologie.ma\/ar\/wp-json\/wp\/v2\/product_brand?post=6820"},{"taxonomy":"product_cat","embeddable":true,"href":"https:\/\/espacetechnologie.ma\/ar\/wp-json\/wp\/v2\/product_cat?post=6820"},{"taxonomy":"product_tag","embeddable":true,"href":"https:\/\/espacetechnologie.ma\/ar\/wp-json\/wp\/v2\/product_tag?post=6820"}],"curies":[{"name":"wp","href":"https:\/\/api.w.org\/{rel}","templated":true}]}}