{"id":6815,"date":"2025-07-09T06:46:05","date_gmt":"2025-07-09T05:46:05","guid":{"rendered":"https:\/\/espacetechnologie.ma\/product\/separateur-audio-stereo-de-3-5mm-male-vers-ecouteurs-microphone\/"},"modified":"2025-08-03T07:52:36","modified_gmt":"2025-08-03T06:52:36","slug":"separateur-audio-stereo-de-3-5mm-male-vers-ecouteurs-microphone","status":"publish","type":"product","link":"https:\/\/espacetechnologie.ma\/ar\/product\/separateur-audio-stereo-de-3-5mm-male-vers-ecouteurs-microphone\/","title":{"rendered":"s\u00e9parateur Audio st\u00e9r\u00e9o de 3.5mm m\u00e2le vers \u00e9couteurs + Microphone"},"content":{"rendered":"<p>Caract\u00e9ristiques:<br \/>\n100% neuf et de haute qualit\u00e9<br \/>\nL\u00e9ger, facile \u00e0 emporter<br \/>\nSp\u00e9cifiquement pour les casques avec capacit\u00e9 de micro<br \/>\nPermet l&rsquo;utilisation d&rsquo;accessoires audio plus anciens avec des ordinateurs plus r\u00e9cents<br \/>\nPeut \u00eatre utilis\u00e9 avec tout appareil portable qui utilise une prise jack 3.5mm \u00e0 4 positions<br \/>\nPartagez votre musique avec ce s\u00e9parateur de c\u00e2ble d&rsquo;\u00e9couteur\/casque<br \/>\nTaille compacte et facile \u00e0 utiliser, id\u00e9al pour les amis ou les amoureux<\/p>\n<p>Sp\u00e9cifications:<br \/>\nCouleur: blanc, noir<br \/>\nMat\u00e9riau: alliage<br \/>\nLongueur: env. 17cm<\/p>\n<p>L&#8217;emballage comprend:<br \/>\nS\u00e9parateur 1&#215;3.5mm<\/p>","protected":false},"excerpt":{"rendered":"<p>Couleur: blanc, noir<br \/>\nMat\u00e9riau: alliage<br \/>\nLongueur: env. 17cm<br \/>\nS\u00e9parateur 1&#215;3.5mm<\/p>","protected":false},"featured_media":6814,"comment_status":"open","ping_status":"closed","template":"","meta":{"event_title":"","event_details":"","event_timezone":"","event_gmap":"","event_image":"","event_image_url":"","event_calendar_link":"","event_location":"","event_datetime_with_summary":"","event_datetime":"","event_date_type":"","event_rulesummary":"","event_ticket_rsvp":"","_gspb_post_css":""},"product_brand":[],"product_cat":[107,102,96],"product_tag":[],"class_list":{"0":"post-6815","1":"product","2":"type-product","3":"status-publish","4":"has-post-thumbnail","6":"product_cat-audio","7":"product_cat-autres-accessoires-pc","8":"product_cat-pc","10":"first","11":"instock","12":"sale","13":"shipping-taxable","14":"purchasable","15":"product-type-simple"},"jetpack_sharing_enabled":true,"_links":{"self":[{"href":"https:\/\/espacetechnologie.ma\/ar\/wp-json\/wp\/v2\/product\/6815","targetHints":{"allow":["GET"]}}],"collection":[{"href":"https:\/\/espacetechnologie.ma\/ar\/wp-json\/wp\/v2\/product"}],"about":[{"href":"https:\/\/espacetechnologie.ma\/ar\/wp-json\/wp\/v2\/types\/product"}],"replies":[{"embeddable":true,"href":"https:\/\/espacetechnologie.ma\/ar\/wp-json\/wp\/v2\/comments?post=6815"}],"wp:featuredmedia":[{"embeddable":true,"href":"https:\/\/espacetechnologie.ma\/ar\/wp-json\/wp\/v2\/media\/6814"}],"wp:attachment":[{"href":"https:\/\/espacetechnologie.ma\/ar\/wp-json\/wp\/v2\/media?parent=6815"}],"wp:term":[{"taxonomy":"product_brand","embeddable":true,"href":"https:\/\/espacetechnologie.ma\/ar\/wp-json\/wp\/v2\/product_brand?post=6815"},{"taxonomy":"product_cat","embeddable":true,"href":"https:\/\/espacetechnologie.ma\/ar\/wp-json\/wp\/v2\/product_cat?post=6815"},{"taxonomy":"product_tag","embeddable":true,"href":"https:\/\/espacetechnologie.ma\/ar\/wp-json\/wp\/v2\/product_tag?post=6815"}],"curies":[{"name":"wp","href":"https:\/\/api.w.org\/{rel}","templated":true}]}}