{"id":6808,"date":"2025-07-09T06:46:03","date_gmt":"2025-07-09T05:46:03","guid":{"rendered":"https:\/\/espacetechnologie.ma\/product\/ovleng-casque-de-jeu-jack-stereo-35-mm-avec-microphone-rotatif-avec-eclairage-led\/"},"modified":"2025-08-02T16:06:59","modified_gmt":"2025-08-02T15:06:59","slug":"ovleng-casque-de-jeu-jack-stereo-35-mm-avec-microphone-rotatif-avec-eclairage-led","status":"publish","type":"product","link":"https:\/\/espacetechnologie.ma\/ar\/product\/ovleng-casque-de-jeu-jack-stereo-35-mm-avec-microphone-rotatif-avec-eclairage-led\/","title":{"rendered":"Ovleng Casque de jeu jack st\u00e9r\u00e9o 3,5 mm avec microphone rotatif avec \u00e9clairage LED"},"content":{"rendered":"<p>Lumi\u00e8re LED : ce casque de jeu est dot\u00e9 d&rsquo;une lumi\u00e8re LED monochrome brillante, avec un effet sonore st\u00e9r\u00e9o, vous offrant une exp\u00e9rience de jeu immersive.<br \/>\nMicrophone rotatif : le microphone de ce casque de jeu peut pivoter librement \u00e0 120 degr\u00e9s, vous pouvez r\u00e9gler les effets sonores des appels vocaux, la reconnaissance vocale est pr\u00e9cise et plus claire.<br \/>\nUnit\u00e9 d&rsquo;entra\u00eenement de 50 mm : ce casque de jeu adopte un pilote de son surround st\u00e9r\u00e9o de 50 mm, vous offrant des performances audio \u00e0 large bande haute r\u00e9solution et haute fr\u00e9quence.<br \/>\nPratique \u00e0 utiliser : ce casque de jeu applique un bouton \u00e0 clip multifonction, qui peut changer le microphone et r\u00e9gler le volume, facile \u00e0 utiliser.<br \/>\nC\u00e2ble tress\u00e9 durable : ce casque de jeu est con\u00e7u avec un c\u00e2ble super solide et durable, qui peut transmettre un son HD, un microphone de haute qualit\u00e9 et la prise casque peut assurer de longs appels.<\/p>","protected":false},"excerpt":{"rendered":"<p>Type d&rsquo;article : Casque filaire<br \/>\nMat\u00e9riau : ABS<br \/>\nCouleur : noir + rouge \/ noir + bleu<br \/>\nSource lumineuse : LED<br \/>\nCouleur de la lumi\u00e8re : rouge<br \/>\nPrise : USB + prise jack 3,5 mm<br \/>\nTaille de l&rsquo;article : 20*9,8*18 cm\/7,86*3,85*7,07 pouces (L*l*H)<\/p>","protected":false},"featured_media":6807,"comment_status":"open","ping_status":"closed","template":"","meta":{"event_title":"","event_details":"","event_timezone":"","event_gmap":"","event_image":"","event_image_url":"","event_calendar_link":"","event_location":"","event_datetime_with_summary":"","event_datetime":"","event_date_type":"","event_rulesummary":"","event_ticket_rsvp":"","_gspb_post_css":""},"product_brand":[],"product_cat":[107,110,129],"product_tag":[],"class_list":{"0":"post-6808","1":"product","2":"type-product","3":"status-publish","4":"has-post-thumbnail","6":"product_cat-audio","7":"product_cat-casques","8":"product_cat-gaming","10":"first","11":"instock","12":"sale","13":"shipping-taxable","14":"purchasable","15":"product-type-simple"},"jetpack_sharing_enabled":true,"_links":{"self":[{"href":"https:\/\/espacetechnologie.ma\/ar\/wp-json\/wp\/v2\/product\/6808","targetHints":{"allow":["GET"]}}],"collection":[{"href":"https:\/\/espacetechnologie.ma\/ar\/wp-json\/wp\/v2\/product"}],"about":[{"href":"https:\/\/espacetechnologie.ma\/ar\/wp-json\/wp\/v2\/types\/product"}],"replies":[{"embeddable":true,"href":"https:\/\/espacetechnologie.ma\/ar\/wp-json\/wp\/v2\/comments?post=6808"}],"wp:featuredmedia":[{"embeddable":true,"href":"https:\/\/espacetechnologie.ma\/ar\/wp-json\/wp\/v2\/media\/6807"}],"wp:attachment":[{"href":"https:\/\/espacetechnologie.ma\/ar\/wp-json\/wp\/v2\/media?parent=6808"}],"wp:term":[{"taxonomy":"product_brand","embeddable":true,"href":"https:\/\/espacetechnologie.ma\/ar\/wp-json\/wp\/v2\/product_brand?post=6808"},{"taxonomy":"product_cat","embeddable":true,"href":"https:\/\/espacetechnologie.ma\/ar\/wp-json\/wp\/v2\/product_cat?post=6808"},{"taxonomy":"product_tag","embeddable":true,"href":"https:\/\/espacetechnologie.ma\/ar\/wp-json\/wp\/v2\/product_tag?post=6808"}],"curies":[{"name":"wp","href":"https:\/\/api.w.org\/{rel}","templated":true}]}}