{"id":6795,"date":"2025-07-09T06:46:00","date_gmt":"2025-07-09T05:46:00","guid":{"rendered":"https:\/\/espacetechnologie.ma\/product\/support-de-telephone-portable-rotatif-etanche-pour-moto-et-velo\/"},"modified":"2025-08-03T07:10:52","modified_gmt":"2025-08-03T06:10:52","slug":"support-de-telephone-portable-rotatif-etanche-pour-moto-et-velo","status":"publish","type":"product","link":"https:\/\/espacetechnologie.ma\/ar\/product\/support-de-telephone-portable-rotatif-etanche-pour-moto-et-velo\/","title":{"rendered":"Support de t\u00e9l\u00e9phone portable rotatif \u00e9tanche pour moto et v\u00e9lo"},"content":{"rendered":"<p>Facile \u00e0 installer sur le guidon<br \/>\nRotation \u00e0 360 degr\u00e9s<br \/>\nCouleur :Noir,<br \/>\nMat\u00e9riel: le fer<\/p>","protected":false},"excerpt":{"rendered":"<p>Poids de l&rsquo;ensemble unique: 350g (y compris la bo\u00eete de couleur)<br \/>\nTaille de la bo\u00eete de couleur: 20*10.5*6.5CM<br \/>\nTaille de la coque: L:193*99.2*25mm (taille ext\u00e9rieure)<\/p>","protected":false},"featured_media":6794,"comment_status":"open","ping_status":"closed","template":"","meta":{"event_title":"","event_details":"","event_timezone":"","event_gmap":"","event_image":"","event_image_url":"","event_calendar_link":"","event_location":"","event_datetime_with_summary":"","event_datetime":"","event_date_type":"","event_rulesummary":"","event_ticket_rsvp":"","_gspb_post_css":""},"product_brand":[],"product_cat":[115,90,84,113],"product_tag":[],"class_list":{"0":"post-6795","1":"product","2":"type-product","3":"status-publish","4":"has-post-thumbnail","6":"product_cat-accessoires-moto","7":"product_cat-autres-accessoires-smartphone","8":"product_cat-smartphone","9":"product_cat-voiture-moto","11":"first","12":"instock","13":"sale","14":"shipping-taxable","15":"purchasable","16":"product-type-simple"},"jetpack_sharing_enabled":true,"_links":{"self":[{"href":"https:\/\/espacetechnologie.ma\/ar\/wp-json\/wp\/v2\/product\/6795","targetHints":{"allow":["GET"]}}],"collection":[{"href":"https:\/\/espacetechnologie.ma\/ar\/wp-json\/wp\/v2\/product"}],"about":[{"href":"https:\/\/espacetechnologie.ma\/ar\/wp-json\/wp\/v2\/types\/product"}],"replies":[{"embeddable":true,"href":"https:\/\/espacetechnologie.ma\/ar\/wp-json\/wp\/v2\/comments?post=6795"}],"wp:featuredmedia":[{"embeddable":true,"href":"https:\/\/espacetechnologie.ma\/ar\/wp-json\/wp\/v2\/media\/6794"}],"wp:attachment":[{"href":"https:\/\/espacetechnologie.ma\/ar\/wp-json\/wp\/v2\/media?parent=6795"}],"wp:term":[{"taxonomy":"product_brand","embeddable":true,"href":"https:\/\/espacetechnologie.ma\/ar\/wp-json\/wp\/v2\/product_brand?post=6795"},{"taxonomy":"product_cat","embeddable":true,"href":"https:\/\/espacetechnologie.ma\/ar\/wp-json\/wp\/v2\/product_cat?post=6795"},{"taxonomy":"product_tag","embeddable":true,"href":"https:\/\/espacetechnologie.ma\/ar\/wp-json\/wp\/v2\/product_tag?post=6795"}],"curies":[{"name":"wp","href":"https:\/\/api.w.org\/{rel}","templated":true}]}}