{"id":6791,"date":"2025-07-09T06:46:00","date_gmt":"2025-07-09T05:46:00","guid":{"rendered":"https:\/\/espacetechnologie.ma\/product\/10-pieces-aiguille-de-carte-sim-en-metal\/"},"modified":"2025-08-03T07:43:04","modified_gmt":"2025-08-03T06:43:04","slug":"10-pieces-aiguille-de-carte-sim-en-metal","status":"publish","type":"product","link":"https:\/\/espacetechnologie.ma\/ar\/product\/10-pieces-aiguille-de-carte-sim-en-metal\/","title":{"rendered":"10 pi\u00e8ces Aiguille de carte SIM en m\u00e9tal"},"content":{"rendered":"<p>Mat\u00e9riau de Haute Qualit\u00e9: Fabriqu\u00e9 en acier inoxydable, mat\u00e9riau l\u00e9ger et durable,\u00a0 longue dur\u00e9e de vie.<br \/>\nCompatibilit\u00e9: \u00c9pingle d\u2019\u00e9jection de carte SIM compatible avec tous les t\u00e9l\u00e9phones intelligents iPhone, Android, HTC, Samsung Galaxy.<br \/>\nContenu de L&#8217;emballage: Un emballage contient 10 broches de retrait de carte, que vous pouvez facilement remplacer.<br \/>\nFacile \u00e0 Utiliser: Avec cette broche d&rsquo;\u00e9jection de carte SIM, vous pouvez facilement ouvrir, retirer et \u00e9jecter le plateau de la carte SIM.<\/p>","protected":false},"excerpt":{"rendered":"<p>Description:<br \/>\nAvec cette broche d&rsquo;\u00e9jection, vous pouvez facilement ouvrir, retirer, \u00e9jecter le plateau de la carte SIM.<br \/>\nFabriqu\u00e9 en acier inoxydable.<br \/>\nL\u00e9ger et portable, vous pouvez facilement le transporter avec votre porte-cl\u00e9s.<br \/>\n\u00a0<br \/>\nCe qui est dans le paquet:<br \/>\n10 pi\u00e8ces<\/p>","protected":false},"featured_media":6790,"comment_status":"open","ping_status":"closed","template":"","meta":{"event_title":"","event_details":"","event_timezone":"","event_gmap":"","event_image":"","event_image_url":"","event_calendar_link":"","event_location":"","event_datetime_with_summary":"","event_datetime":"","event_date_type":"","event_rulesummary":"","event_ticket_rsvp":"","_gspb_post_css":""},"product_brand":[],"product_cat":[90,82,84],"product_tag":[],"class_list":{"0":"post-6791","1":"product","2":"type-product","3":"status-publish","4":"has-post-thumbnail","6":"product_cat-autres-accessoires-smartphone","7":"product_cat-gadgets","8":"product_cat-smartphone","10":"first","11":"instock","12":"sale","13":"shipping-taxable","14":"purchasable","15":"product-type-simple"},"jetpack_sharing_enabled":true,"_links":{"self":[{"href":"https:\/\/espacetechnologie.ma\/ar\/wp-json\/wp\/v2\/product\/6791","targetHints":{"allow":["GET"]}}],"collection":[{"href":"https:\/\/espacetechnologie.ma\/ar\/wp-json\/wp\/v2\/product"}],"about":[{"href":"https:\/\/espacetechnologie.ma\/ar\/wp-json\/wp\/v2\/types\/product"}],"replies":[{"embeddable":true,"href":"https:\/\/espacetechnologie.ma\/ar\/wp-json\/wp\/v2\/comments?post=6791"}],"wp:featuredmedia":[{"embeddable":true,"href":"https:\/\/espacetechnologie.ma\/ar\/wp-json\/wp\/v2\/media\/6790"}],"wp:attachment":[{"href":"https:\/\/espacetechnologie.ma\/ar\/wp-json\/wp\/v2\/media?parent=6791"}],"wp:term":[{"taxonomy":"product_brand","embeddable":true,"href":"https:\/\/espacetechnologie.ma\/ar\/wp-json\/wp\/v2\/product_brand?post=6791"},{"taxonomy":"product_cat","embeddable":true,"href":"https:\/\/espacetechnologie.ma\/ar\/wp-json\/wp\/v2\/product_cat?post=6791"},{"taxonomy":"product_tag","embeddable":true,"href":"https:\/\/espacetechnologie.ma\/ar\/wp-json\/wp\/v2\/product_tag?post=6791"}],"curies":[{"name":"wp","href":"https:\/\/api.w.org\/{rel}","templated":true}]}}