{"id":6768,"date":"2025-07-09T06:45:56","date_gmt":"2025-07-09T05:45:56","guid":{"rendered":"https:\/\/espacetechnologie.ma\/product\/%d9%88%d8%b3%d8%a7%d8%af%d8%aa%d8%a7%d9%86-%d8%ac%d9%84-%d9%85%d8%ab%d8%a8%d8%aa%d8%a7%d9%86-%d8%a3%d8%b3%d9%88%d8%af\/"},"modified":"2025-08-03T07:43:44","modified_gmt":"2025-08-03T06:43:44","slug":"%d9%88%d8%b3%d8%a7%d8%af%d8%aa%d8%a7%d9%86-%d8%ac%d9%84-%d9%85%d8%ab%d8%a8%d8%aa%d8%a7%d9%86-%d8%a3%d8%b3%d9%88%d8%af","status":"publish","type":"product","link":"https:\/\/espacetechnologie.ma\/ar\/product\/%d9%88%d8%b3%d8%a7%d8%af%d8%aa%d8%a7%d9%86-%d8%ac%d9%84-%d9%85%d8%ab%d8%a8%d8%aa%d8%a7%d9%86-%d8%a3%d8%b3%d9%88%d8%af\/","title":{"rendered":"\u0648\u0633\u0627\u062f\u062a\u0627\u0646 \u062c\u0644 \u0645\u062b\u0628\u062a\u0627\u0646 \u0623\u0633\u0648\u062f"},"content":{"rendered":"<p>Super forte viscosit\u00e9<br \/>\nBonne apparence et la meilleure qualit\u00e9<br \/>\nR\u00e9sistant temp\u00e9rature, aucun adh\u00e9sif<br \/>\nSans adh\u00e9sifs ou r\u00e9sidu collant<br \/>\nUn tampon de gel de silice est lav\u00e9 avec de l&rsquo;eau, Une fois sec,Il peut \u00eatre utilis\u00e9 \u00e0 nouveau<br \/>\nConvient aux Smartphones, appareils GPS, tablette, cles, disque, tasse, et d&rsquo;autres petits objets<\/p>","protected":false},"excerpt":{"rendered":"<p>Super forte viscosit\u00e9 Bonne apparence et la meilleure qualit\u00e9 R\u00e9sistant temp\u00e9rature, aucun adh\u00e9sif Sans adh\u00e9sifs ou r\u00e9sidu collant Un tampon de gel de silice est lav\u00e9 avec de l&rsquo;eau, Une fois sec,Il peut \u00eatre utilis\u00e9 \u00e0 nouveau Convient aux Smartphones, appareils GPS, tablette, cles, disque, tasse, et d&rsquo;autres petits objets<\/p>","protected":false},"featured_media":6767,"comment_status":"open","ping_status":"closed","template":"","meta":{"event_title":"","event_details":"","event_timezone":"","event_gmap":"","event_image":"","event_image_url":"","event_calendar_link":"","event_location":"","event_datetime_with_summary":"","event_datetime":"","event_date_type":"","event_rulesummary":"","event_ticket_rsvp":"","_gspb_post_css":""},"product_brand":[],"product_cat":[90,82,84],"product_tag":[],"class_list":{"0":"post-6768","1":"product","2":"type-product","3":"status-publish","4":"has-post-thumbnail","6":"product_cat-autres-accessoires-smartphone","7":"product_cat-gadgets","8":"product_cat-smartphone","10":"first","11":"instock","12":"sale","13":"shipping-taxable","14":"purchasable","15":"product-type-simple"},"jetpack_sharing_enabled":true,"_links":{"self":[{"href":"https:\/\/espacetechnologie.ma\/ar\/wp-json\/wp\/v2\/product\/6768","targetHints":{"allow":["GET"]}}],"collection":[{"href":"https:\/\/espacetechnologie.ma\/ar\/wp-json\/wp\/v2\/product"}],"about":[{"href":"https:\/\/espacetechnologie.ma\/ar\/wp-json\/wp\/v2\/types\/product"}],"replies":[{"embeddable":true,"href":"https:\/\/espacetechnologie.ma\/ar\/wp-json\/wp\/v2\/comments?post=6768"}],"wp:featuredmedia":[{"embeddable":true,"href":"https:\/\/espacetechnologie.ma\/ar\/wp-json\/wp\/v2\/media\/6767"}],"wp:attachment":[{"href":"https:\/\/espacetechnologie.ma\/ar\/wp-json\/wp\/v2\/media?parent=6768"}],"wp:term":[{"taxonomy":"product_brand","embeddable":true,"href":"https:\/\/espacetechnologie.ma\/ar\/wp-json\/wp\/v2\/product_brand?post=6768"},{"taxonomy":"product_cat","embeddable":true,"href":"https:\/\/espacetechnologie.ma\/ar\/wp-json\/wp\/v2\/product_cat?post=6768"},{"taxonomy":"product_tag","embeddable":true,"href":"https:\/\/espacetechnologie.ma\/ar\/wp-json\/wp\/v2\/product_tag?post=6768"}],"curies":[{"name":"wp","href":"https:\/\/api.w.org\/{rel}","templated":true}]}}