{"id":6756,"date":"2025-07-09T06:45:54","date_gmt":"2025-07-09T05:45:54","guid":{"rendered":"https:\/\/espacetechnologie.ma\/product\/cable-hdmi-2-1-8k-60hz-48gbps-3m-2\/"},"modified":"2025-08-02T15:46:49","modified_gmt":"2025-08-02T14:46:49","slug":"cable-hdmi-2-1-8k-60hz-48gbps-3m-2","status":"publish","type":"product","link":"https:\/\/espacetechnologie.ma\/ar\/product\/cable-hdmi-2-1-8k-60hz-48gbps-3m-2\/","title":{"rendered":"C\u00e2ble HDMI 2.1 8K 60Hz 48Gbps, (3m)"},"content":{"rendered":"<p>C\u00e2ble HDMI 2.1 8K 60Hz 4K 120Hz, cordon vid\u00e9o en ARC, 48Gbps, pour Xiaomi Xbox s\u00e9ries X PS5 PS4, pour ordinateur portable et projecteur<br \/>\n1. La version HDMI 8K est la mise \u00e0 jour la plus r\u00e9cente de la sp\u00e9cification HDMI et prend en charge une gamme de r\u00e9solutions vid\u00e9o et de taux de rafra\u00eechissement plus \u00e9lev\u00e9s, y compris 8K @ 60Hz et 4K @ 120Hz, et des r\u00e9solutions jusqu&rsquo;\u00e0 10K. \u00c9galement compatible avec HDMI 2.0b\/2.0a\/2.0\/1.4\/1.3\/1.2\/1.1 version, remarque: veuillez vous assurer que vos appareils supportent le 8K.<br \/>\n2.2. Supporte HDR10, VESA DSC 1.2a, BT.2020, am\u00e9liore les valeurs de chaque moment pour la profondeur, le d\u00e9tail, la luminosit\u00e9, la fr\u00e9quence de rafra\u00eechissement Variable (VRR) et le Transport rapide d&rsquo;images, canal de retour Audio am\u00e9lior\u00e9 (eARC).<br \/>\n3.3.48gbps &#038; Triple blindage permet une bande passante jusqu&rsquo;\u00e0 48gbps, ultra-haute vitesse. Test\u00e9 brancher et d\u00e9brancher 6,000 fois, triple blindage peut r\u00e9sister \u00e0 plus de 3,000 + 90 degr\u00e9s de courbures de dur\u00e9e de vie. OD = 0.256 po (6.5mm). Durable et Flexible.<br \/>\n4.QGeeM HDMI un c\u00e2ble m\u00e2le vers un c\u00e2ble m\u00e2le est produit par des connecteurs plaqu\u00e9s or robustes, une maison en Zinc chrom\u00e9, un conducteur en cuivre de haute puret\u00e9 de 30awg, une triple couche de blindage blind\u00e9e, une veste class\u00e9e CL2, et recouvert d&rsquo;un manchon en fil de coton, il permet au c\u00e2ble de transf\u00e9rer les signaux \u00e0 grande vitesse et \u00e0 faible perte.<\/p>","protected":false},"excerpt":{"rendered":"<p>Stabilit\u00e9 de la transmission<br \/>\nMat\u00e9riaux de haute qualit\u00e9, sans perte de qualit\u00e9 de son et d&rsquo;image<br \/>\nPlusieurs couches de blindage et un connecteur plaqu\u00e9 or r\u00e9sistant \u00e0 la corrosion<br \/>\nLongueur 3 m\u00e8tres<\/p>","protected":false},"featured_media":6755,"comment_status":"open","ping_status":"closed","template":"","meta":{"event_title":"","event_details":"","event_timezone":"","event_gmap":"","event_image":"","event_image_url":"","event_calendar_link":"","event_location":"","event_datetime_with_summary":"","event_datetime":"","event_date_type":"","event_rulesummary":"","event_ticket_rsvp":"","_gspb_post_css":""},"product_brand":[],"product_cat":[124,123],"product_tag":[],"class_list":{"0":"post-6756","1":"product","2":"type-product","3":"status-publish","4":"has-post-thumbnail","6":"product_cat-cables-tv","7":"product_cat-tv","9":"first","10":"instock","11":"sale","12":"shipping-taxable","13":"purchasable","14":"product-type-simple"},"jetpack_sharing_enabled":true,"_links":{"self":[{"href":"https:\/\/espacetechnologie.ma\/ar\/wp-json\/wp\/v2\/product\/6756","targetHints":{"allow":["GET"]}}],"collection":[{"href":"https:\/\/espacetechnologie.ma\/ar\/wp-json\/wp\/v2\/product"}],"about":[{"href":"https:\/\/espacetechnologie.ma\/ar\/wp-json\/wp\/v2\/types\/product"}],"replies":[{"embeddable":true,"href":"https:\/\/espacetechnologie.ma\/ar\/wp-json\/wp\/v2\/comments?post=6756"}],"wp:featuredmedia":[{"embeddable":true,"href":"https:\/\/espacetechnologie.ma\/ar\/wp-json\/wp\/v2\/media\/6755"}],"wp:attachment":[{"href":"https:\/\/espacetechnologie.ma\/ar\/wp-json\/wp\/v2\/media?parent=6756"}],"wp:term":[{"taxonomy":"product_brand","embeddable":true,"href":"https:\/\/espacetechnologie.ma\/ar\/wp-json\/wp\/v2\/product_brand?post=6756"},{"taxonomy":"product_cat","embeddable":true,"href":"https:\/\/espacetechnologie.ma\/ar\/wp-json\/wp\/v2\/product_cat?post=6756"},{"taxonomy":"product_tag","embeddable":true,"href":"https:\/\/espacetechnologie.ma\/ar\/wp-json\/wp\/v2\/product_tag?post=6756"}],"curies":[{"name":"wp","href":"https:\/\/api.w.org\/{rel}","templated":true}]}}