{"id":6751,"date":"2025-07-09T06:45:53","date_gmt":"2025-07-09T05:45:53","guid":{"rendered":"https:\/\/espacetechnologie.ma\/product\/5-en-1-chargeur-sans-fil-30w-charge-rapide-avec-affichage-de-lheure\/"},"modified":"2025-08-02T13:27:48","modified_gmt":"2025-08-02T12:27:48","slug":"5-en-1-chargeur-sans-fil-30w-charge-rapide-avec-affichage-de-lheure","status":"publish","type":"product","link":"https:\/\/espacetechnologie.ma\/ar\/product\/5-en-1-chargeur-sans-fil-30w-charge-rapide-avec-affichage-de-lheure\/","title":{"rendered":"5 en 1 Chargeur sans fil 30W charge rapide avec affichage de l&rsquo;heure"},"content":{"rendered":"<p>Description de l&rsquo;article<br \/>\nStation de charge professionnelle 5 en 1 chargeur rapide sans fil pour Apple IWatch 9 8 7 6 5 Series Galaxy Watch 6 5 4 3 iPhone 15 14 13 Pro Max Samsung S24 S23 Ultra<br \/>\nFold 5<br \/>\nCertification:CE\/FCC\/ROSH\/PSE<br \/>\nRemarque: ce mod\u00e8le dispose de deux versions pour les s\u00e9ries Apple Watch et Galaxy Watch Series.<br \/>\nLa prise de puissance QC + PD 20W est facultative (non incluse dans la bo\u00eete)<br \/>\nSp\u00e9cifications:<br \/>\nNom du produit: 5 dans 1 chargeur sans fil<br \/>\nLumi\u00e8re: \u00e9clairage RVB<br \/>\nAffichage de l&rsquo;heure: Support (batterie int\u00e9gr\u00e9e)<br \/>\nMat\u00e9riau du produit: ABS<br \/>\nEntr\u00e9e: 9V 12V-2A<br \/>\nSortie: 30W<br \/>\nPuissance sortante: 30W\/15W\/10W\/7.5W\/5W<br \/>\nDistance de transmission: \u2264 8mm<br \/>\nAvis d&rsquo;achat:<br \/>\nLe chargeur sans fil \u00e0 charge rapide doit \u00eatre utilis\u00e9 avec un adaptateur sup\u00e9rieur \u00e0 3.0 pour stabiliser l&rsquo;entr\u00e9e et la sortie.<br \/>\nSinon, l&rsquo;alimentation instable entra\u00eenera une charge intermittente ou une alimentation anormale.<br \/>\nListe d&#8217;emballage<br \/>\n1 * Chargeur sans fil<br \/>\n1 * c\u00e2ble de chargeur de type c<br \/>\n1 * Adaptateur secteur (facultatif)<\/p>","protected":false},"excerpt":{"rendered":"<p>Nom du produit: 5 dans 1 chargeur sans fil<br \/>\nLumi\u00e8re: \u00e9clairage RVB<br \/>\nAffichage de l&rsquo;heure: Support (batterie int\u00e9gr\u00e9e)<br \/>\nMat\u00e9riau du produit: ABS<br \/>\nEntr\u00e9e: 9V 12V-2A<br \/>\nSortie: 30W<br \/>\nPuissance sortante: 30W\/15W\/10W\/7.5W\/5W<br \/>\nDistance de transmission: \u2264 8mm<\/p>","protected":false},"featured_media":6750,"comment_status":"open","ping_status":"closed","template":"","meta":{"event_title":"","event_details":"","event_timezone":"","event_gmap":"","event_image":"","event_image_url":"","event_calendar_link":"","event_location":"","event_datetime_with_summary":"","event_datetime":"","event_date_type":"","event_rulesummary":"","event_ticket_rsvp":"","_gspb_post_css":""},"product_brand":[],"product_cat":[85,88,84],"product_tag":[],"class_list":{"0":"post-6751","1":"product","2":"type-product","3":"status-publish","4":"has-post-thumbnail","6":"product_cat-chargeurs-telephone","7":"product_cat-powerbank","8":"product_cat-smartphone","10":"first","11":"instock","12":"shipping-taxable","13":"purchasable","14":"product-type-simple"},"jetpack_sharing_enabled":true,"_links":{"self":[{"href":"https:\/\/espacetechnologie.ma\/ar\/wp-json\/wp\/v2\/product\/6751","targetHints":{"allow":["GET"]}}],"collection":[{"href":"https:\/\/espacetechnologie.ma\/ar\/wp-json\/wp\/v2\/product"}],"about":[{"href":"https:\/\/espacetechnologie.ma\/ar\/wp-json\/wp\/v2\/types\/product"}],"replies":[{"embeddable":true,"href":"https:\/\/espacetechnologie.ma\/ar\/wp-json\/wp\/v2\/comments?post=6751"}],"wp:featuredmedia":[{"embeddable":true,"href":"https:\/\/espacetechnologie.ma\/ar\/wp-json\/wp\/v2\/media\/6750"}],"wp:attachment":[{"href":"https:\/\/espacetechnologie.ma\/ar\/wp-json\/wp\/v2\/media?parent=6751"}],"wp:term":[{"taxonomy":"product_brand","embeddable":true,"href":"https:\/\/espacetechnologie.ma\/ar\/wp-json\/wp\/v2\/product_brand?post=6751"},{"taxonomy":"product_cat","embeddable":true,"href":"https:\/\/espacetechnologie.ma\/ar\/wp-json\/wp\/v2\/product_cat?post=6751"},{"taxonomy":"product_tag","embeddable":true,"href":"https:\/\/espacetechnologie.ma\/ar\/wp-json\/wp\/v2\/product_tag?post=6751"}],"curies":[{"name":"wp","href":"https:\/\/api.w.org\/{rel}","templated":true}]}}