{"id":6741,"date":"2025-07-09T06:45:51","date_gmt":"2025-07-09T05:45:51","guid":{"rendered":"https:\/\/espacetechnologie.ma\/product\/controleur-de-carte-mere-pour-scooter-electrique-xiaomi-m365\/"},"modified":"2025-08-02T13:28:17","modified_gmt":"2025-08-02T12:28:17","slug":"controleur-de-carte-mere-pour-scooter-electrique-xiaomi-m365","status":"publish","type":"product","link":"https:\/\/espacetechnologie.ma\/ar\/product\/controleur-de-carte-mere-pour-scooter-electrique-xiaomi-m365\/","title":{"rendered":"contr\u00f4leur de carte m\u00e8re pour Scooter \u00e9lectrique XIAOMI M365"},"content":{"rendered":"<p>Condition: 100% tout neuf<br \/>\nMat\u00e9riau: anguille sans plaque<br \/>\nFitness: pour Scooter \u00e9lectrique M365<br \/>\nLongueur: env. 12cm \/ 4.7 pouces<br \/>\nPoids: env. 200g<\/p>","protected":false},"excerpt":{"rendered":"<p>Caract\u00e9ristiques:\u00a0<br \/>\n1. Fabriqu\u00e9 en mat\u00e9riau de qualit\u00e9, ce produit est robuste et durable.<br \/>\n2. Il s&rsquo;agit d&rsquo;une unit\u00e9 centrale qui contr\u00f4le almo tous les scooters. S&rsquo;il br\u00fble ou est endommag\u00e9, vous devez savoir qu&rsquo;il peut \u00eatre facilement remplac\u00e9.<br \/>\n3. Convient au Scooter \u00e9lectrique M365, ajustement parfait pour le mod\u00e8le original.<br \/>\n4. L\u00e9ger et de petite taille, facile \u00e0 installer et \u00e0 utiliser.<br \/>\n5. Lorsque l&rsquo;unit\u00e9 de commande est connect\u00e9e au scooter, il donne une erreur 35 (num\u00e9ro de s\u00e9rie incorrect) et la nouvelle unit\u00e9 de commande doit \u00eatre programm\u00e9e avec le code skate. Pour cela, le programmateur-Link V2 est requis.<\/p>\n<p>Sp\u00e9cifications:\u00a0<br \/>\nCondition: 100% tout neuf<br \/>\nMat\u00e9riau: anguille sans plaque<br \/>\nFitness: pour Scooter \u00e9lectrique M365<br \/>\nLongueur: env. 12cm \/ 4.7 pouces<br \/>\nPoids: env. 200g<\/p>\n<p>Colis Li:\u00a0<br \/>\n1 x carte m\u00e8re<\/p>","protected":false},"featured_media":6740,"comment_status":"open","ping_status":"closed","template":"","meta":{"event_title":"","event_details":"","event_timezone":"","event_gmap":"","event_image":"","event_image_url":"","event_calendar_link":"","event_location":"","event_datetime_with_summary":"","event_datetime":"","event_date_type":"","event_rulesummary":"","event_ticket_rsvp":"","_gspb_post_css":""},"product_brand":[],"product_cat":[122,120],"product_tag":[],"class_list":{"0":"post-6741","1":"product","2":"type-product","3":"status-publish","4":"has-post-thumbnail","6":"product_cat-accessoires-trottinette","7":"product_cat-trottinette","9":"first","10":"instock","11":"sale","12":"shipping-taxable","13":"purchasable","14":"product-type-simple"},"jetpack_sharing_enabled":true,"_links":{"self":[{"href":"https:\/\/espacetechnologie.ma\/ar\/wp-json\/wp\/v2\/product\/6741","targetHints":{"allow":["GET"]}}],"collection":[{"href":"https:\/\/espacetechnologie.ma\/ar\/wp-json\/wp\/v2\/product"}],"about":[{"href":"https:\/\/espacetechnologie.ma\/ar\/wp-json\/wp\/v2\/types\/product"}],"replies":[{"embeddable":true,"href":"https:\/\/espacetechnologie.ma\/ar\/wp-json\/wp\/v2\/comments?post=6741"}],"wp:featuredmedia":[{"embeddable":true,"href":"https:\/\/espacetechnologie.ma\/ar\/wp-json\/wp\/v2\/media\/6740"}],"wp:attachment":[{"href":"https:\/\/espacetechnologie.ma\/ar\/wp-json\/wp\/v2\/media?parent=6741"}],"wp:term":[{"taxonomy":"product_brand","embeddable":true,"href":"https:\/\/espacetechnologie.ma\/ar\/wp-json\/wp\/v2\/product_brand?post=6741"},{"taxonomy":"product_cat","embeddable":true,"href":"https:\/\/espacetechnologie.ma\/ar\/wp-json\/wp\/v2\/product_cat?post=6741"},{"taxonomy":"product_tag","embeddable":true,"href":"https:\/\/espacetechnologie.ma\/ar\/wp-json\/wp\/v2\/product_tag?post=6741"}],"curies":[{"name":"wp","href":"https:\/\/api.w.org\/{rel}","templated":true}]}}