{"id":6728,"date":"2025-07-09T06:45:49","date_gmt":"2025-07-09T05:45:49","guid":{"rendered":"https:\/\/espacetechnologie.ma\/product\/support-de-telephone-portable-a-trois-positions\/"},"modified":"2025-08-03T07:12:00","modified_gmt":"2025-08-03T06:12:00","slug":"support-de-telephone-portable-a-trois-positions","status":"publish","type":"product","link":"https:\/\/espacetechnologie.ma\/ar\/product\/support-de-telephone-portable-a-trois-positions\/","title":{"rendered":"Support de t\u00e9l\u00e9phone portable \u00e0 trois Positions,"},"content":{"rendered":"<p>Mat\u00e9riau: plastique\u00a0Avec supports de 1\/4 pouces<br \/>\nConvient: pour presque tous les t\u00e9l\u00e9phones portables avec clips, pour cam\u00e9ra gopro (en fonction des accessoires que vous achetez)<br \/>\nConception: il peut connecter 1 \u00e0 3 t\u00e9l\u00e9phones portables avec des clips<br \/>\nL&#8217;emballage comprend:\u00a01 x paquet A\/B\/C<br \/>\nRemarque: il existe 3 types au choix. Bienvenue achetez le bon pour votre \u00e9mission.<\/p>","protected":false},"excerpt":{"rendered":"<p>Mat\u00e9riau: plastique\u00a0Avec supports de 1\/4 pouces Convient: pour presque tous les t\u00e9l\u00e9phones portables avec clips, pour cam\u00e9ra gopro (en fonction des accessoires que vous achetez) Conception: il peut connecter 1 \u00e0 3 t\u00e9l\u00e9phones portables avec des clips L&#8217;emballage comprend:\u00a01 x paquet A\/B\/C Remarque: il existe 3 types au choix. Bienvenue achetez le bon pour votre [&hellip;]<\/p>\n","protected":false},"featured_media":6727,"comment_status":"open","ping_status":"closed","template":"","meta":{"event_title":"","event_details":"","event_timezone":"","event_gmap":"","event_image":"","event_image_url":"","event_calendar_link":"","event_location":"","event_datetime_with_summary":"","event_datetime":"","event_date_type":"","event_rulesummary":"","event_ticket_rsvp":"","_gspb_post_css":""},"product_brand":[],"product_cat":[119,90,84,116],"product_tag":[],"class_list":{"0":"post-6728","1":"product","2":"type-product","3":"status-publish","4":"has-post-thumbnail","6":"product_cat-accessoires-studio","7":"product_cat-autres-accessoires-smartphone","8":"product_cat-smartphone","9":"product_cat-studio","11":"first","12":"instock","13":"sale","14":"shipping-taxable","15":"purchasable","16":"product-type-simple"},"jetpack_sharing_enabled":true,"_links":{"self":[{"href":"https:\/\/espacetechnologie.ma\/ar\/wp-json\/wp\/v2\/product\/6728","targetHints":{"allow":["GET"]}}],"collection":[{"href":"https:\/\/espacetechnologie.ma\/ar\/wp-json\/wp\/v2\/product"}],"about":[{"href":"https:\/\/espacetechnologie.ma\/ar\/wp-json\/wp\/v2\/types\/product"}],"replies":[{"embeddable":true,"href":"https:\/\/espacetechnologie.ma\/ar\/wp-json\/wp\/v2\/comments?post=6728"}],"wp:featuredmedia":[{"embeddable":true,"href":"https:\/\/espacetechnologie.ma\/ar\/wp-json\/wp\/v2\/media\/6727"}],"wp:attachment":[{"href":"https:\/\/espacetechnologie.ma\/ar\/wp-json\/wp\/v2\/media?parent=6728"}],"wp:term":[{"taxonomy":"product_brand","embeddable":true,"href":"https:\/\/espacetechnologie.ma\/ar\/wp-json\/wp\/v2\/product_brand?post=6728"},{"taxonomy":"product_cat","embeddable":true,"href":"https:\/\/espacetechnologie.ma\/ar\/wp-json\/wp\/v2\/product_cat?post=6728"},{"taxonomy":"product_tag","embeddable":true,"href":"https:\/\/espacetechnologie.ma\/ar\/wp-json\/wp\/v2\/product_tag?post=6728"}],"curies":[{"name":"wp","href":"https:\/\/api.w.org\/{rel}","templated":true}]}}