{"id":6705,"date":"2025-07-09T06:45:45","date_gmt":"2025-07-09T05:45:45","guid":{"rendered":"https:\/\/espacetechnologie.ma\/product\/sac-a-dos-pour-ordinateur-portable-impermeable-15-pouce\/"},"modified":"2025-08-02T15:17:54","modified_gmt":"2025-08-02T14:17:54","slug":"sac-a-dos-pour-ordinateur-portable-impermeable-15-pouce","status":"publish","type":"product","link":"https:\/\/espacetechnologie.ma\/ar\/product\/sac-a-dos-pour-ordinateur-portable-impermeable-15-pouce\/","title":{"rendered":"Sac \u00e0 dos  pour ordinateur portable imperm\u00e9able 15 pouce,"},"content":{"rendered":"<p>Sexe: Unisexe<br \/>\nStyle: Mode<br \/>\nType de fermeture: fermeture \u00e9clair<br \/>\nMat\u00e9riau: Nylon<br \/>\nCouleur facultative: Noir, gris, bleu<br \/>\nTaille: app. 29\u00d714\u00d741cm \/11.41\u00d75.51&#215;16.14in<\/p>","protected":false},"excerpt":{"rendered":"<p>Sexe: Unisexe Style: Mode Type de fermeture: fermeture \u00e9clair Mat\u00e9riau: Nylon Couleur facultative: Noir, gris, bleu Taille: app. 29\u00d714\u00d741cm \/11.41\u00d75.51&#215;16.14in<\/p>","protected":false},"featured_media":6704,"comment_status":"open","ping_status":"closed","template":"","meta":{"event_title":"","event_details":"","event_timezone":"","event_gmap":"","event_image":"","event_image_url":"","event_calendar_link":"","event_location":"","event_datetime_with_summary":"","event_datetime":"","event_date_type":"","event_rulesummary":"","event_ticket_rsvp":"","_gspb_post_css":""},"product_brand":[],"product_cat":[98,96],"product_tag":[],"class_list":{"0":"post-6705","1":"product","2":"type-product","3":"status-publish","4":"has-post-thumbnail","6":"product_cat-housses-et-sacs","7":"product_cat-pc","9":"first","10":"instock","11":"sale","12":"shipping-taxable","13":"purchasable","14":"product-type-simple"},"jetpack_sharing_enabled":true,"_links":{"self":[{"href":"https:\/\/espacetechnologie.ma\/ar\/wp-json\/wp\/v2\/product\/6705","targetHints":{"allow":["GET"]}}],"collection":[{"href":"https:\/\/espacetechnologie.ma\/ar\/wp-json\/wp\/v2\/product"}],"about":[{"href":"https:\/\/espacetechnologie.ma\/ar\/wp-json\/wp\/v2\/types\/product"}],"replies":[{"embeddable":true,"href":"https:\/\/espacetechnologie.ma\/ar\/wp-json\/wp\/v2\/comments?post=6705"}],"wp:featuredmedia":[{"embeddable":true,"href":"https:\/\/espacetechnologie.ma\/ar\/wp-json\/wp\/v2\/media\/6704"}],"wp:attachment":[{"href":"https:\/\/espacetechnologie.ma\/ar\/wp-json\/wp\/v2\/media?parent=6705"}],"wp:term":[{"taxonomy":"product_brand","embeddable":true,"href":"https:\/\/espacetechnologie.ma\/ar\/wp-json\/wp\/v2\/product_brand?post=6705"},{"taxonomy":"product_cat","embeddable":true,"href":"https:\/\/espacetechnologie.ma\/ar\/wp-json\/wp\/v2\/product_cat?post=6705"},{"taxonomy":"product_tag","embeddable":true,"href":"https:\/\/espacetechnologie.ma\/ar\/wp-json\/wp\/v2\/product_tag?post=6705"}],"curies":[{"name":"wp","href":"https:\/\/api.w.org\/{rel}","templated":true}]}}