{"id":6696,"date":"2025-07-09T06:45:42","date_gmt":"2025-07-09T05:45:42","guid":{"rendered":"https:\/\/espacetechnologie.ma\/product\/10-%d9%82%d8%b7%d8%b9-%d9%86%d8%a7%d9%8a%d9%84%d9%88%d9%86-%d8%a7%d9%84%d8%a3%d9%84%d9%8a%d8%a7%d9%81-%d8%a7%d9%84%d9%85%d9%88%d8%b5%d9%84%d8%a9-%d8%a7%d9%84%d9%85%d8%b6%d8%a7%d8%af%d8%a9-%d9%84\/"},"modified":"2025-08-03T06:47:16","modified_gmt":"2025-08-03T05:47:16","slug":"10-%d9%82%d8%b7%d8%b9-%d9%86%d8%a7%d9%8a%d9%84%d9%88%d9%86-%d8%a7%d9%84%d8%a3%d9%84%d9%8a%d8%a7%d9%81-%d8%a7%d9%84%d9%85%d9%88%d8%b5%d9%84%d8%a9-%d8%a7%d9%84%d9%85%d8%b6%d8%a7%d8%af%d8%a9-%d9%84","status":"publish","type":"product","link":"https:\/\/espacetechnologie.ma\/ar\/product\/10-%d9%82%d8%b7%d8%b9-%d9%86%d8%a7%d9%8a%d9%84%d9%88%d9%86-%d8%a7%d9%84%d8%a3%d9%84%d9%8a%d8%a7%d9%81-%d8%a7%d9%84%d9%85%d9%88%d8%b5%d9%84%d8%a9-%d8%a7%d9%84%d9%85%d8%b6%d8%a7%d8%af%d8%a9-%d9%84\/","title":{"rendered":"10 \u0642\u0637\u0639 \u0646\u0627\u064a\u0644\u0648\u0646 + \u0627\u0644\u0623\u0644\u064a\u0627\u0641 \u0627\u0644\u0645\u0648\u0635\u0644\u0629 \u0627\u0644\u0645\u0636\u0627\u062f\u0629 \u0644\u0644\u0627\u0646\u0632\u0644\u0627\u0642 \u0627\u0644\u0645\u0636\u0627\u062f\u0629 \u0644\u0644\u062a\u0639\u0631\u0642 \u0645\u062c\u0645\u0648\u0639\u0629 \u0627\u0644\u0647\u0627\u062a\u0641 \u0627\u0644\u0645\u062d\u0645\u0648\u0644"},"content":{"rendered":"<p>Caract\u00e9ristiques:<br \/>\nL\u00e9ger et respirant<br \/>\nLes manches des doigts sont l\u00e9g\u00e8res et respirantes, pas \u00e9touffantes.<\/p>\n<p>Toucher et sensible<br \/>\nFibre conductrice de haute qualit\u00e9, \u00e9cran enti\u00e8rement tactile, sensible, vous permet de profiter d&rsquo;une exp\u00e9rience de jeu plus efficace.<\/p>\n<p>R\u00e9sistant \u00e0 la sueur et antid\u00e9rapant<br \/>\nFonctionnement Flexible et en douceur lors de jeux. Il est r\u00e9sistant \u00e0 la sueur et antid\u00e9rapant, anti-chute, lavable et r\u00e9utilisable.<\/p>\n<p>Haute \u00e9lastiques<br \/>\nContenant de la mati\u00e8re spandex pour augmenter l&rsquo;\u00e9lasticit\u00e9, il s&rsquo;adapte aux doigts \u00e9pais ou \u00e9lanc\u00e9s.<\/p>\n<p>Applications<br \/>\nCes types de manches de doigt de jeu mobile prennent en charge presque tous les t\u00e9l\u00e9phones \u00e0 \u00e9cran tactile Android ou iOS,<br \/>\nParfaitement compatible pour les jeux de tir, y compris pour PUBG, et plus encore.<\/p>\n<p>Sp\u00e9cifications:<\/p>\n<p>Type:<br \/>\nDoigt Manchon<br \/>\nMat\u00e9riau: Nylon, fibre conductrice<br \/>\nQuantit\u00e9: 1 paire<br \/>\nCouleur: gris\/noir<br \/>\nTaille: 4*2.5cm\/1.57*0.98<\/p>","protected":false},"excerpt":{"rendered":"<p>Type: Doigt Manchon<br \/>\nMat\u00e9riau: Nylon, fibre conductrice<br \/>\nCouleur: gris\/noir<br \/>\nTaille: 4*2.5cm\/1.57*0.98<br \/>\nPoids Net: 10g\/0.35oz<\/p>","protected":false},"featured_media":6695,"comment_status":"open","ping_status":"closed","template":"","meta":{"event_title":"","event_details":"","event_timezone":"","event_gmap":"","event_image":"","event_image_url":"","event_calendar_link":"","event_location":"","event_datetime_with_summary":"","event_datetime":"","event_date_type":"","event_rulesummary":"","event_ticket_rsvp":"","_gspb_post_css":""},"product_brand":[],"product_cat":[90,129,84],"product_tag":[],"class_list":{"0":"post-6696","1":"product","2":"type-product","3":"status-publish","4":"has-post-thumbnail","6":"product_cat-autres-accessoires-smartphone","7":"product_cat-gaming","8":"product_cat-smartphone","10":"first","11":"instock","12":"sale","13":"shipping-taxable","14":"purchasable","15":"product-type-simple"},"jetpack_sharing_enabled":true,"_links":{"self":[{"href":"https:\/\/espacetechnologie.ma\/ar\/wp-json\/wp\/v2\/product\/6696","targetHints":{"allow":["GET"]}}],"collection":[{"href":"https:\/\/espacetechnologie.ma\/ar\/wp-json\/wp\/v2\/product"}],"about":[{"href":"https:\/\/espacetechnologie.ma\/ar\/wp-json\/wp\/v2\/types\/product"}],"replies":[{"embeddable":true,"href":"https:\/\/espacetechnologie.ma\/ar\/wp-json\/wp\/v2\/comments?post=6696"}],"wp:featuredmedia":[{"embeddable":true,"href":"https:\/\/espacetechnologie.ma\/ar\/wp-json\/wp\/v2\/media\/6695"}],"wp:attachment":[{"href":"https:\/\/espacetechnologie.ma\/ar\/wp-json\/wp\/v2\/media?parent=6696"}],"wp:term":[{"taxonomy":"product_brand","embeddable":true,"href":"https:\/\/espacetechnologie.ma\/ar\/wp-json\/wp\/v2\/product_brand?post=6696"},{"taxonomy":"product_cat","embeddable":true,"href":"https:\/\/espacetechnologie.ma\/ar\/wp-json\/wp\/v2\/product_cat?post=6696"},{"taxonomy":"product_tag","embeddable":true,"href":"https:\/\/espacetechnologie.ma\/ar\/wp-json\/wp\/v2\/product_tag?post=6696"}],"curies":[{"name":"wp","href":"https:\/\/api.w.org\/{rel}","templated":true}]}}