{"id":6687,"date":"2025-07-09T06:45:41","date_gmt":"2025-07-09T05:45:41","guid":{"rendered":"https:\/\/espacetechnologie.ma\/product\/kits-de-vlog-trepiedmicrophonelumiere-ledtelecommande\/"},"modified":"2025-08-02T14:41:34","modified_gmt":"2025-08-02T13:41:34","slug":"kits-de-vlog-trepiedmicrophonelumiere-ledtelecommande","status":"publish","type":"product","link":"https:\/\/espacetechnologie.ma\/ar\/product\/kits-de-vlog-trepiedmicrophonelumiere-ledtelecommande\/","title":{"rendered":"Kits de Vlog, tr\u00e9pied+Microphone+lumi\u00e8re LED+t\u00e9l\u00e9commande"},"content":{"rendered":"<p>Sp\u00e9cification:<br \/>\n1. Tr\u00e9pied Flexible<br \/>\nFlexible, les pieds de jonction de douille avec la plaque de relication rapide de vis de 1\/4<br \/>\nJambes enveloppables filexes avec un tour complet \u00e0 360 \u00b0 pour allamgle<br \/>\nUtilisation pour Gopro, appareils photo et smartphone<br \/>\n2. Lumi\u00e8re vid\u00e9o LED universelle<br \/>\nGamme de 36 led puissantes<br \/>\nBatterie AA int\u00e9gr\u00e9e<br \/>\nSe connecte solidement au support de chaussure sur la plupart des cam\u00e9ras vid\u00e9o num\u00e9riques et slr<br \/>\nIl a un support de chaussure froide \u00e0 3 c\u00f4t\u00e9s pour microphone<br \/>\n3. microphone de fusil de chasse<br \/>\n4. microphone \u00e0 condensateur supercardio\u00efde unidirrection<br \/>\nObjectif:<br \/>\nVlogging Kit est con\u00e7u pour am\u00e9liorer vos vid\u00e9os avec un meilleur son et un meilleur \u00e9clairage \u00e0 l&rsquo;int\u00e9rieur ou \u00e0 l&rsquo;ext\u00e9rieur, il dispose d&rsquo;un microphone universel pour fonctionner sur n&rsquo;importe quel smartphone ou appareil photo, une lumi\u00e8re led qui comprend 36 led super lumineuses, Une poign\u00e9e de tr\u00e9pied qui peut l&rsquo;utiliser comme tr\u00e9pied pour vos vid\u00e9os et un adaptateur de smartphone avec chaussure int\u00e9gr\u00e9e, qui vous permet de monter non seulement votre t\u00e9l\u00e9phone, mais aussi une lumi\u00e8re ou un microphone.<br \/>\nSupport de chaussure chaude d\u00e9tachable et prise dissimul\u00e9e de 3.5mm pour smartphone<br \/>\nAlimentation externe, plug and play<br \/>\nMousse et fourrure vent inclus<br \/>\nPour smartphone, DSLR, sans miroir, cam\u00e9scope, enregistreur audio, gopro,PC,ect.<br \/>\nSmar support de t\u00e9l\u00e9phone avec chaussure froide<br \/>\nFonctionne sur presque tous les produits chaussure int\u00e9gr\u00e9e<br \/>\nT\u00e9l\u00e9commande sans fil<br \/>\nVous permet de lire des photos ou des vid\u00e9os loin du t\u00e9l\u00e9phone ou de l&rsquo;appareil photo<br \/>\nLa distance maximale est d&rsquo;environ 30 pieds.<br \/>\nFlexible, les pieds de jonction de douille avec \u00a0 \u00a0 \u00a0 \u00a0 \u00a0 \u00a0 \u00a0la plaque de relication rapide de vis de 1\/4<br \/>\nJambes enveloppables filexes avec un tour \u00a0 \u00a0 \u00a0 \u00a0 \u00a0 \u00a0 \u00a0 \u00a0 \u00a0complet \u00e0 360 \u00b0 pour allamgle<br \/>\nUtilisation pour Gopro, appareils photo et \u00a0 \u00a0 \u00a0 \u00a0 \u00a0 \u00a0 \u00a0 \u00a0 \u00a0 \u00a0smartphone<br \/>\nGamme de 36 led puissantes<br \/>\nBatterie AA<br \/>\nSe connecte solidement au support de \u00a0 \u00a0 \u00a0 \u00a0 \u00a0 \u00a0 \u00a0 \u00a0 \u00a0 \u00a0 \u00a0 \u00a0 chaussure sur la plupart des cam\u00e9ras vid\u00e9o \u00a0 \u00a0 \u00a0 \u00a0 \u00a0 \u00a0 \u00a0 \u00a0 num\u00e9riques et slr<br \/>\nIl a un support de chaussure froide \u00e0 3 c\u00f4t\u00e9s \u00a0 \u00a0 \u00a0 \u00a0 \u00a0 \u00a0 \u00a0 pour microphone<\/p>","protected":false},"excerpt":{"rendered":"<p>1. Tr\u00e9pied Flexible<br \/>\n2. Lumi\u00e8re vid\u00e9o LED universelle<br \/>\n3. microphone de fusil de chasse<br \/>\n4. microphone \u00e0 condensateur supercardio\u00efde unidirrection<br \/>\n1 x LED Light,<br \/>\n1 x Tripod,<br \/>\n1 x Phone Holder,<br \/>\n1 x Controller,<br \/>\n1 x Microphone<\/p>","protected":false},"featured_media":6686,"comment_status":"open","ping_status":"closed","template":"","meta":{"event_title":"","event_details":"","event_timezone":"","event_gmap":"","event_image":"","event_image_url":"","event_calendar_link":"","event_location":"","event_datetime_with_summary":"","event_datetime":"","event_date_type":"","event_rulesummary":"","event_ticket_rsvp":"","_gspb_post_css":""},"product_brand":[],"product_cat":[119,116],"product_tag":[],"class_list":{"0":"post-6687","1":"product","2":"type-product","3":"status-publish","4":"has-post-thumbnail","6":"product_cat-accessoires-studio","7":"product_cat-studio","9":"first","10":"instock","11":"sale","12":"shipping-taxable","13":"purchasable","14":"product-type-simple"},"jetpack_sharing_enabled":true,"_links":{"self":[{"href":"https:\/\/espacetechnologie.ma\/ar\/wp-json\/wp\/v2\/product\/6687","targetHints":{"allow":["GET"]}}],"collection":[{"href":"https:\/\/espacetechnologie.ma\/ar\/wp-json\/wp\/v2\/product"}],"about":[{"href":"https:\/\/espacetechnologie.ma\/ar\/wp-json\/wp\/v2\/types\/product"}],"replies":[{"embeddable":true,"href":"https:\/\/espacetechnologie.ma\/ar\/wp-json\/wp\/v2\/comments?post=6687"}],"wp:featuredmedia":[{"embeddable":true,"href":"https:\/\/espacetechnologie.ma\/ar\/wp-json\/wp\/v2\/media\/6686"}],"wp:attachment":[{"href":"https:\/\/espacetechnologie.ma\/ar\/wp-json\/wp\/v2\/media?parent=6687"}],"wp:term":[{"taxonomy":"product_brand","embeddable":true,"href":"https:\/\/espacetechnologie.ma\/ar\/wp-json\/wp\/v2\/product_brand?post=6687"},{"taxonomy":"product_cat","embeddable":true,"href":"https:\/\/espacetechnologie.ma\/ar\/wp-json\/wp\/v2\/product_cat?post=6687"},{"taxonomy":"product_tag","embeddable":true,"href":"https:\/\/espacetechnologie.ma\/ar\/wp-json\/wp\/v2\/product_tag?post=6687"}],"curies":[{"name":"wp","href":"https:\/\/api.w.org\/{rel}","templated":true}]}}