{"id":6676,"date":"2025-07-09T06:45:38","date_gmt":"2025-07-09T05:45:38","guid":{"rendered":"https:\/\/espacetechnologie.ma\/product\/%d8%ad%d8%a7%d9%85%d9%84-%d9%87%d8%a7%d8%aa%d9%81-%d9%85%d8%b9%d8%af%d9%86%d9%8a-%d9%85%d8%ba%d9%86%d8%a7%d8%b7%d9%8a%d8%b3%d9%8a-%d9%84%d9%84%d8%b3%d9%8a%d8%a7%d8%b1%d8%a9-%d9%85%d9%86-%d8%a7%d9%84\/"},"modified":"2025-08-03T07:57:08","modified_gmt":"2025-08-03T06:57:08","slug":"%d8%ad%d8%a7%d9%85%d9%84-%d9%87%d8%a7%d8%aa%d9%81-%d9%85%d8%b9%d8%af%d9%86%d9%8a-%d9%85%d8%ba%d9%86%d8%a7%d8%b7%d9%8a%d8%b3%d9%8a-%d9%84%d9%84%d8%b3%d9%8a%d8%a7%d8%b1%d8%a9-%d9%85%d9%86-%d8%a7%d9%84","status":"publish","type":"product","link":"https:\/\/espacetechnologie.ma\/ar\/product\/%d8%ad%d8%a7%d9%85%d9%84-%d9%87%d8%a7%d8%aa%d9%81-%d9%85%d8%b9%d8%af%d9%86%d9%8a-%d9%85%d8%ba%d9%86%d8%a7%d8%b7%d9%8a%d8%b3%d9%8a-%d9%84%d9%84%d8%b3%d9%8a%d8%a7%d8%b1%d8%a9-%d9%85%d9%86-%d8%a7%d9%84\/","title":{"rendered":"\u062d\u0627\u0645\u0644 \u0647\u0627\u062a\u0641 \u0645\u0639\u062f\u0646\u064a \u0645\u063a\u0646\u0627\u0637\u064a\u0633\u064a \u0644\u0644\u0633\u064a\u0627\u0631\u0629 \u0645\u0646 \u0627\u0644\u0633\u064a\u0644\u064a\u0643\u0648\u0646 \u062d\u0627\u0645\u0644 \u0647\u0627\u062a\u0641 \u0627\u0644\u0633\u064a\u0627\u0631\u0629 \u0627\u0644\u0645\u063a\u0646\u0627\u0637\u064a\u0633\u064a \u0627\u0644\u0635\u063a\u064a\u0631 \u062d\u0627\u0645\u0644 \u0645\u062a\u0639\u062f\u062f \u0627\u0644\u0648\u0638\u0627\u0626\u0641"},"content":{"rendered":"<p>1. Petit et facile \u00e0 installer peut \u00eatre install\u00e9 sur une table murale de voiture, etc.<br \/>\n2. Le magn\u00e9tisme fort ne tombe pas, peut \u00eatre tourn\u00e9 \u00e0 360<br \/>\n3. Plaque m\u00e9tallique ronde disponible pour les t\u00e9l\u00e9phones portables jusqu&rsquo;\u00e0 5.8 pouces<br \/>\n4. Plaque m\u00e9tallique carr\u00e9e disponible pour les t\u00e9l\u00e9phones mobiles de 5.8 pouces ou plus<\/p>","protected":false},"excerpt":{"rendered":"<p>1. Petit et facile \u00e0 installer peut \u00eatre install\u00e9 sur une table murale de voiture, etc. 2. Le magn\u00e9tisme fort ne tombe pas, peut \u00eatre tourn\u00e9 \u00e0 360 3. Plaque m\u00e9tallique ronde disponible pour les t\u00e9l\u00e9phones portables jusqu&rsquo;\u00e0 5.8 pouces 4. Plaque m\u00e9tallique carr\u00e9e disponible pour les t\u00e9l\u00e9phones mobiles de 5.8 pouces ou plus<\/p>","protected":false},"featured_media":6675,"comment_status":"open","ping_status":"closed","template":"","meta":{"event_title":"","event_details":"","event_timezone":"","event_gmap":"","event_image":"","event_image_url":"","event_calendar_link":"","event_location":"","event_datetime_with_summary":"","event_datetime":"","event_date_type":"","event_rulesummary":"","event_ticket_rsvp":"","_gspb_post_css":""},"product_brand":[],"product_cat":[114,90,84,113],"product_tag":[],"class_list":{"0":"post-6676","1":"product","2":"type-product","3":"status-publish","4":"has-post-thumbnail","6":"product_cat-accessoires-voiture","7":"product_cat-autres-accessoires-smartphone","8":"product_cat-smartphone","9":"product_cat-voiture-moto","11":"first","12":"instock","13":"sale","14":"shipping-taxable","15":"purchasable","16":"product-type-simple"},"jetpack_sharing_enabled":true,"_links":{"self":[{"href":"https:\/\/espacetechnologie.ma\/ar\/wp-json\/wp\/v2\/product\/6676","targetHints":{"allow":["GET"]}}],"collection":[{"href":"https:\/\/espacetechnologie.ma\/ar\/wp-json\/wp\/v2\/product"}],"about":[{"href":"https:\/\/espacetechnologie.ma\/ar\/wp-json\/wp\/v2\/types\/product"}],"replies":[{"embeddable":true,"href":"https:\/\/espacetechnologie.ma\/ar\/wp-json\/wp\/v2\/comments?post=6676"}],"wp:featuredmedia":[{"embeddable":true,"href":"https:\/\/espacetechnologie.ma\/ar\/wp-json\/wp\/v2\/media\/6675"}],"wp:attachment":[{"href":"https:\/\/espacetechnologie.ma\/ar\/wp-json\/wp\/v2\/media?parent=6676"}],"wp:term":[{"taxonomy":"product_brand","embeddable":true,"href":"https:\/\/espacetechnologie.ma\/ar\/wp-json\/wp\/v2\/product_brand?post=6676"},{"taxonomy":"product_cat","embeddable":true,"href":"https:\/\/espacetechnologie.ma\/ar\/wp-json\/wp\/v2\/product_cat?post=6676"},{"taxonomy":"product_tag","embeddable":true,"href":"https:\/\/espacetechnologie.ma\/ar\/wp-json\/wp\/v2\/product_tag?post=6676"}],"curies":[{"name":"wp","href":"https:\/\/api.w.org\/{rel}","templated":true}]}}